{"id":9660,"date":"2014-11-19T09:00:56","date_gmt":"2014-11-19T02:00:56","guid":{"rendered":"http:\/\/zeyn.detheme.com\/?page_id=9660"},"modified":"2023-08-15T14:42:51","modified_gmt":"2023-08-15T16:42:51","slug":"classic","status":"publish","type":"page","link":"https:\/\/poaciadanca.com.br\/es\/","title":{"rendered":"Porto Alegre Companhia de Dan\u00e7a"},"content":{"rendered":"<p>[vc_row full_height=\u00bbyes\u00bb expanded=\u00bb2&#8243; font_color=\u00bb#ffffff\u00bb][vc_column][rev_slider_vc alias=\u00bbautomotive3&#8243;][\/vc_column][\/vc_row][vc_row expanded=\u00bb2&#8243; background_style=\u00bbfixed\u00bb css=\u00bb.vc_custom_1462844830393{border-top-width: 50px !important;padding-bottom: 20px !important;border-top-color: #dd9933 !important;}\u00bb background_image=\u00bb10384&#8243;][vc_column width=\u00bb2\/3&#8243; css=\u00bb.vc_custom_1462844802381{padding-right: 0px !important;padding-left: 0px !important;}\u00bb][section_header use_decoration=\u00bb1&#8243; layout_type=\u00bbsection-heading-thin-border\u00bb main_heading=\u00bbEconom\u00eda Creativa\u00bb separator_color=\u00bb#c4aa77&#8243; css=\u00bb.vc_custom_1476116749302{padding-top: 50px !important;background-image: url(http:\/\/poaciadanca.com.br\/wp-content\/uploads\/2014\/11\/logo-economia-criativa-01.png?id=10418) !important;background-position: center !important;background-repeat: no-repeat !important;background-size: contain !important;}\u00bb][vc_column_text css_animation=\u00bbleft-to-right\u00bb css=\u00bb.vc_custom_1476116790136{padding-bottom: 50px !important;}\u00bb]PORTO ALEGRE CIA DE DAN\u00c7A es la necesidad de bailar. Una acci\u00f3n de ciudadan\u00eda de personas con vocaci\u00f3n multidisciplinar, profesionales de referencia en sus campos que asumen la responsabilidad de crear una compa\u00f1\u00eda de danza contempor\u00e1nea de clase mundial. Un grupo de personas que se dieron cuenta de la necesidad de un centro de excelencia en las artes, un polo motivador que pueda satisfacer plenamente lo que los profesionales en los \u00faltimos a\u00f1os tuvieron que buscar en otros centros de Brasil y en el extranjero.<\/p>\n<p>Desarrollar PORTO ALEGRE CIA DE DAN\u00c7A es construir una alternativa art\u00edstica y econ\u00f3mica, una vez que espect\u00e1culos de danza, as\u00ed como diversas tecnolog\u00edas son productos de propiedad intelectual, por lo que la materia prima de mayor valor de una sociedad. Brasil es percibido internacionalmente por sus valores musicales, de danza y en las artes visuales. Valores con los que se identifica PORTO ALEGRE CIA DE DAN\u00c7A y asocia a las expresiones regionales para presentar al p\u00fablico una danza original, conectada con su tiempo y construida con la \u00e9tica, la disciplina, la transparencia y la b\u00fasqueda de la excelencia.<\/p>\n<p>PORTO ALEGRE CIA DE DAN\u00c7A es Brasil.[\/vc_column_text][\/vc_column][vc_column width=\u00bb1\/3&#8243;][\/vc_column][\/vc_row][vc_row full_height=\u00bbyes\u00bb expanded=\u00bb2&#8243; background_style=\u00bbparallax\u00bb parallax=\u00bbcontent-moving\u00bb css=\u00bb.vc_custom_1453790099039{margin-bottom: 0px !important;border-bottom-width: 5px !important;padding-bottom: 40px !important;background-color: #ffffff !important;border-bottom-color: #c4aa77 !important;border-bottom-style: solid !important;}\u00bb background_image=\u00bb10401&#8243; el_id=\u00bba-companhia\u00bb][vc_column width=\u00bb2\/3&#8243; css=\u00bb.vc_custom_1447067921466{padding-right: 10px !important;padding-left: 10px !important;}\u00bb][section_header use_decoration=\u00bb1&#8243; layout_type=\u00bbsection-heading-thin-border\u00bb main_heading=\u00bbLa Compa\u00f1\u00eda\u00bb color=\u00bb#ffffff\u00bb separator_color=\u00bb#c4aa77&#8243; css=\u00bb.vc_custom_1476116979851{padding-top: 50px !important;background-image: url(http:\/\/poaciadanca.com.br\/wp-content\/uploads\/2014\/11\/logo-a-companhia-1500px-1.png?id=10420) !important;background-position: center !important;background-repeat: no-repeat !important;background-size: contain !important;}\u00bb][vc_column_text css_animation=\u00bbleft-to-right\u00bb css=\u00bb.vc_custom_1476117248258{padding-bottom: 20px !important;}\u00bb]<span style=\"color: #ffffff;\">PORTO ALEGRE CIA DE DAN\u00c7A es un proyecto consolidado que surgi\u00f3 de la uni\u00f3n de fuerzas creativas y representantes de la comunidad. Artistas, pensadores, t\u00e9cnicos y ejecutivos. Fuerzas convergentes, del poder tanto privado como p\u00fablico, que trabajan con determinaci\u00f3n para permitir este modelo empresarial.<\/span><\/p>\n<p><span style=\"color: #ffffff;\">Desde el principio, la acci\u00f3n de PORTO ALEGRE CIA DE DAN\u00c7A se ha basado en dos premisas: la independencia art\u00edstica y la gesti\u00f3n aut\u00f3noma.<\/span><\/p>\n<p><span style=\"color: #ffffff;\">En la b\u00fasqueda de la independencia art\u00edstica, la C\u00eda. opta por no tener un core\u00f3grafo residente y&nbsp; danzar la diversidad, a trav\u00e9s de los m\u00e1s actuales lenguajes contempor\u00e1neos desarrollados en Brasil y por creadores de todo el mundo, bajo la direcci\u00f3n y visi\u00f3n est\u00e9tica de la directora art\u00edstica. Esta interacci\u00f3n se lleva a cabo a trav\u00e9s de intercambios, instrumento central que tambi\u00e9n se utilizan para promover el intercambio entre bailarines y entre los t\u00e9cnicos, con el objetivo de ampliar sus capacidades y la creaci\u00f3n de nuevas referencias. La profesionalizaci\u00f3n de la danza en Porto Alegre es esencial para la compa\u00f1\u00eda llegar a los niveles de excelencia art\u00edstica. Punto de partida cuando se desea la innovaci\u00f3n con el arte, la emoci\u00f3n con una comunicaci\u00f3n simple y universal.<\/span><\/p>\n<p><span style=\"color: #ffffff;\">Para trabajar con una gesti\u00f3n aut\u00f3noma, la Compa\u00f1\u00eda busca recursos financieros para su mantenimiento a trav\u00e9s de proyectos de desarrollo de la cultura tanto p\u00fablicos como privados. Para gestionar con eficacia y transparencia hace uso tambi\u00e9n de la explotaci\u00f3n comercial, en la medida en que la marca se da a conocer, ganando valor y la expansi\u00f3n de un p\u00fablico apasionado. Planificaci\u00f3n y gesti\u00f3n se centran en la autosuficiencia, la independencia financiera que vendr\u00e1 a trav\u00e9s de relaciones de libre mercado. Dise\u00f1ar y gestionar un proyecto cultural requiere equipo multidisciplinario, auto-motivado y comprometido en el sue\u00f1o de construir una compa\u00f1\u00eda de danza de clase mundial con el ADN de Porto Alegre.<\/span><\/p>\n<p><span style=\"color: #ffffff;\">PORTO ALEGRE CIA DE DAN\u00c7A es la superposici\u00f3n de intereses p\u00fablicos y privados, que trabajan en armon\u00eda para el desarrollo de la danza y la difusi\u00f3n de la cultura brasile\u00f1a de esta regi\u00f3n.<\/span><\/p>\n<p><span style=\"color: #ffffff;\">Vea tambi\u00e9n: <a style=\"color: #ffffff;\" href=\"http:\/\/poaciadanca.com.br\/a-diretora\/\">La Directora<\/a><\/span><\/p>\n<p>[\/vc_column_text][\/vc_column][vc_column width=\u00bb1\/3&#8243;][\/vc_column][\/vc_row][vc_row expanded=\u00bb1,2&#8243; background_style=\u00bbfixed\u00bb full_width=\u00bbstretch_row\u00bb css=\u00bb.vc_custom_1476398067946{padding-top: 50px !important;padding-bottom: 100px !important;}\u00bb el_id=\u00bbespetaculos\u00bb background_image=\u00bb10532&#8243;][vc_column][vc_row_inner css=\u00bb.vc_custom_1453827605785{margin-bottom: 15px !important;}\u00bb][vc_column_inner][section_header use_decoration=\u00bb1&#8243; layout_type=\u00bbsection-heading-thin-border\u00bb main_heading=\u00bbEspect\u00e1culos\u00bb color=\u00bb#ffffff\u00bb separator_color=\u00bb#c4aa77&#8243;][\/vc_column_inner][\/vc_row_inner][vc_row_inner el_class=\u00bbespetaculos\u00bb css=\u00bb.vc_custom_1462847850717{margin-right: 10px !important;margin-left: 10px !important;}\u00bb][vc_column_inner el_class=\u00bbcoluna-home\u00bb width=\u00bb1\/3&#8243;][vc_single_image image=\u00bb10238&#8243; img_size=\u00bbfull\u00bb onclick=\u00bbcustom_link\u00bb css_animation=\u00bbbottom-to-top\u00bb image_hover=\u00bbimage\u00bb image_hover_src=\u00bb10239&#8243; link=\u00bbhttp:\/\/poaciadanca.com.br\/es\/olhos-fechados-no-sol\u00bb][\/vc_column_inner][vc_column_inner el_class=\u00bbcoluna-home\u00bb width=\u00bb1\/3&#8243;][vc_single_image image=\u00bb10236&#8243; img_size=\u00bbfull\u00bb onclick=\u00bbcustom_link\u00bb css_animation=\u00bbbottom-to-top\u00bb image_hover=\u00bbimage\u00bb image_hover_src=\u00bb10240&#8243; link=\u00bbhttp:\/\/poaciadanca.com.br\/es\/as-unicas-coisas-eternas-sao-as-nuvens\/\u00bb][\/vc_column_inner][vc_column_inner el_class=\u00bbcoluna-home\u00bb width=\u00bb1\/3&#8243;][vc_single_image image=\u00bb10241&#8243; img_size=\u00bbfull\u00bb onclick=\u00bbcustom_link\u00bb css_animation=\u00bbbottom-to-top\u00bb image_hover=\u00bbimage\u00bb image_hover_src=\u00bb10237&#8243; link=\u00bbhttp:\/\/poaciadanca.com.br\/es\/eu-estive-aqui\/\u00bb][\/vc_column_inner][\/vc_row_inner][\/vc_column][\/vc_row][vc_row expanded=\u00bb2&#8243; background_style=\u00bbfixed\u00bb css=\u00bb.vc_custom_1453712987241{padding-top: 50px !important;padding-bottom: 70px !important;}\u00bb background_image=\u00bb10450&#8243;][vc_column][section_header use_decoration=\u00bb1&#8243; layout_type=\u00bbsection-heading-thin-border\u00bb main_heading=\u00bbLa planificaci\u00f3n estrat\u00e9gica\u00bb color=\u00bb#ffffff\u00bb separator_color=\u00bb#c4aa77&#8243; css=\u00bb.vc_custom_1476117516778{padding-top: 50px !important;background-image: url(http:\/\/poaciadanca.com.br\/wp-content\/uploads\/2014\/11\/logo-PE-2400px.png?id=10457) !important;background-position: center !important;background-repeat: no-repeat !important;background-size: contain !important;}\u00bb][vc_row_inner][vc_column_inner][vc_column_text css_animation=\u00bbleft-to-right\u00bb]<\/p>\n<h3><span style=\"color: #ffffff;\">Lo que nos mueve<\/span><\/h3>\n<p><span style=\"color: #ffffff;\">Una compa\u00f1\u00eda de danza es una referencia a su comunidad. PORTO ALEGRE CIA DE DAN\u00c7A toma la responsabilidad de transmitir valores como la disciplina, el trabajo duro y diario, el respeto, la \u00e9tica, la transparencia y la eficiencia. M\u00e1s all\u00e1 del discurso, es en contacto diario y en la pr\u00e1ctica cotidiana que externamos nuestra conducta. Los valores est\u00e1n presentes por ser parte de una conciencia y no por una norma decretada. Es con esta constante seguridad que estamos a forjar la personalidad de la Compa\u00f1\u00eda y vamos difundir &nbsp;al mundo los principios de nuestra gente, el rasgo cultural y historio de nuestra regi\u00f3n. Para nosotros el fin no justifica los medios, sino todo lo contrario. Nuestro objetivo principal es la forma en que desarrollamos nuestro camino.<\/span><\/p>\n<p><span style=\"color: #ffffff;\">Pero el arte que consiste en la disciplina tambi\u00e9n incluye saltos, roturas y insights. Es en la interacci\u00f3n con la sociedad que la Compa\u00f1\u00eda demuestra su mayor valor, es el caldero alqu\u00edmico que convierte contrastes y fricciones en oro. Como resultado, contenidos innovadores, satisfacci\u00f3n con el proceso y la conclusi\u00f3n. Una energ\u00eda que se propaga provocando nuevas oportunidades para el intercambio y las pr\u00e1cticas. Nuestras herramientas son los espect\u00e1culos, talleres, clases abiertas en lugares p\u00fablicos, audiciones p\u00fablicas para nuevos bailarines, cursos te\u00f3ricos y finalmente a darse cuenta de una brecha en la formaci\u00f3n de bailarines para un pa\u00eds tan grande y variado, ha surgido la ESCUELA PORTO ALEGRE CIA DE DAN\u00c7A. Cada uno de los movimientos propone una nueva interacci\u00f3n con la comunidad, lo que permite a todos absorber algo, apropiarse de algo y promover una evoluci\u00f3n de la conciencia. La estrategia consiste en responder a las demandas con nuestra capacidad y vocaci\u00f3n.<\/span>[\/vc_column_text][\/vc_column_inner][\/vc_row_inner][vc_row_inner css=\u00bb.vc_custom_1453703890650{padding-top: 50px !important;}\u00bb][vc_column_inner width=\u00bb1\/2&#8243;][vc_column_text css_animation=\u00bbleft-to-right\u00bb]<\/p>\n<h3><span style=\"color: #ffffff;\">Hacer con sus propias manos<\/span><\/h3>\n<p><span style=\"color: #ffffff;\">Somos un equipo multidisciplinario, auto-motivado, a menudo autofinanciado y auto gestionado, siempre dedicado. Un compromiso que surge de una profunda identificaci\u00f3n. El deseo de hacer una diferencia. Un grupo de gente obstinada a buscar soluciones que sean capaces de innovar y transformar las dificultades en trampolines reales. Estas personas son el ejemplo vivo de una alternativa al dinero, la forma que encontramos para concretar proyectos. Lo que gu\u00eda nuestra acci\u00f3n es una misi\u00f3n com\u00fan, desplegada en los objetivos estrat\u00e9gicos, implementada a trav\u00e9s de los Proyectos.<\/span><\/p>\n<p><span style=\"color: #ffffff;\">La compa\u00f1\u00eda articula sectores gubernamentales, la sociedad y el mercado con el objetivo de situar la cultura como un elemento central en el desarrollo de la comunidad local. Poco a poco los Valores de la Compa\u00f1\u00eda aliados con las acciones y los productos se traducir\u00e1n en un valor de marca cada vez mayor que permitir\u00e1 la asociaci\u00f3n con marcas que deseen significar lo mismo, proporcionando un valor de cambio que dar\u00e1 lugar a un nuevo ciclo de auto sostenible gesti\u00f3n y allanando el camino para otros empresarios y nuevas iniciativas.<\/span>[\/vc_column_text][\/vc_column_inner][vc_column_inner width=\u00bb1\/4&#8243;][section_header use_decoration=\u00bb1&#8243; layout_type=\u00bbsection-heading-thin-border\u00bb separator_position=\u00bbleft\u00bb main_heading=\u00bbMisi\u00f3n\u00bb text_align=\u00bbleft\u00bb font_size=\u00bbsmall\u00bb color=\u00bb#ffffff\u00bb separator_color=\u00bb#9b9b9b\u00bb][vc_column_text css_animation=\u00bbappear\u00bb]<span style=\"color: #ffffff;\">Actuar como una compa\u00f1\u00eda de danza contempor\u00e1nea, que proporciona a los profesionales involucrados desarrollo personal y ambiente art\u00edstico que les permite ampliar sus habilidades y potencial a trav\u00e9s de proyectos creativos, talleres abiertos y clases, intercambios art\u00edsticos y asociaciones; ofrecer en sus actuaciones p\u00fablicas y eventos de danza espect\u00e1culos &nbsp;de alta calidad, \u00fanicos y emocionantes y a sus seguidores e inversores un excelente retorno.<\/span>[\/vc_column_text][\/vc_column_inner][vc_column_inner width=\u00bb1\/4&#8243;][section_header use_decoration=\u00bb1&#8243; layout_type=\u00bbsection-heading-thin-border\u00bb separator_position=\u00bbleft\u00bb main_heading=\u00bbVisi\u00f3n del futuro\u00bb text_align=\u00bbleft\u00bb font_size=\u00bbsmall\u00bb color=\u00bb#ffffff\u00bb separator_color=\u00bb#9b9b9b\u00bb][vc_column_text css_animation=\u00bbappear\u00bb]<span style=\"color: #ffffff;\">Ser una compa\u00f1\u00eda de danza internacionalmente reconocida, compuesta por bailarines de alto rendimiento que trabajan con profesionales cualificados de distintos \u00e1mbitos en un entorno de colaboraci\u00f3n, incrustados en una infraestructura estable y auto sostenible que permite crear y presentar obras de danza que contribuyan significativamente, de forma creativa e innovadora para la sociedad.<\/span>[\/vc_column_text][\/vc_column_inner][\/vc_row_inner][\/vc_column][\/vc_row]<\/p>","protected":false},"excerpt":{"rendered":"<p>[vc_row full_height=\u00bbyes\u00bb expanded=\u00bb2&#8243; font_color=\u00bb#ffffff\u00bb][vc_column][rev_slider_vc alias=\u00bbautomotive3&#8243;][\/vc_column][\/vc_row][vc_row expanded=\u00bb2&#8243; background_style=\u00bbfixed\u00bb css=\u00bb.vc_custom_1462844830393{border-top-width: 50px !important;padding-bottom: 20px !important;border-top-color: #dd9933 !important;}\u00bb background_image=\u00bb10384&#8243;][vc_column width=\u00bb2\/3&#8243; css=\u00bb.vc_custom_1462844802381{padding-right: 0px !important;padding-left: 0px !important;}\u00bb][section_header use_decoration=\u00bb1&#8243; layout_type=\u00bbsection-heading-thin-border\u00bb main_heading=\u00bbEconom\u00eda Creativa\u00bb separator_color=\u00bb#c4aa77&#8243; css=\u00bb.vc_custom_1476116749302{padding-top: 50px !important;background-image: url(http:\/\/poaciadanca.com.br\/wp-content\/uploads\/2014\/11\/logo-economia-criativa-01.png?id=10418) !important;background-position: center !important;background-repeat: no-repeat !important;background-size: contain !important;}\u00bb][vc_column_text css_animation=\u00bbleft-to-right\u00bb css=\u00bb.vc_custom_1476116790136{padding-bottom: 50px !important;}\u00bb]PORTO ALEGRE CIA DE DAN\u00c7A es la necesidad de bailar. Una acci\u00f3n de ciudadan\u00eda de&hellip;<\/p>\n","protected":false},"author":1,"featured_media":0,"parent":0,"menu_order":0,"comment_status":"open","ping_status":"open","template":"fullwidth.php","meta":{"footnotes":""},"class_list":["post-9660","page","type-page","status-publish","hentry"],"_links":{"self":[{"href":"https:\/\/poaciadanca.com.br\/es\/wp-json\/wp\/v2\/pages\/9660","targetHints":{"allow":["GET"]}}],"collection":[{"href":"https:\/\/poaciadanca.com.br\/es\/wp-json\/wp\/v2\/pages"}],"about":[{"href":"https:\/\/poaciadanca.com.br\/es\/wp-json\/wp\/v2\/types\/page"}],"author":[{"embeddable":true,"href":"https:\/\/poaciadanca.com.br\/es\/wp-json\/wp\/v2\/users\/1"}],"replies":[{"embeddable":true,"href":"https:\/\/poaciadanca.com.br\/es\/wp-json\/wp\/v2\/comments?post=9660"}],"version-history":[{"count":2,"href":"https:\/\/poaciadanca.com.br\/es\/wp-json\/wp\/v2\/pages\/9660\/revisions"}],"predecessor-version":[{"id":15556,"href":"https:\/\/poaciadanca.com.br\/es\/wp-json\/wp\/v2\/pages\/9660\/revisions\/15556"}],"wp:attachment":[{"href":"https:\/\/poaciadanca.com.br\/es\/wp-json\/wp\/v2\/media?parent=9660"}],"curies":[{"name":"wp","href":"https:\/\/api.w.org\/{rel}","templated":true}]}}