{"id":14779,"date":"2023-01-13T22:28:03","date_gmt":"2023-01-14T00:28:03","guid":{"rendered":"http:\/\/poaciadanca.com.br\/?page_id=14779"},"modified":"2023-02-05T16:15:15","modified_gmt":"2023-02-05T18:15:15","slug":"be-the-dance-pro","status":"publish","type":"page","link":"https:\/\/poaciadanca.com.br\/es\/be-the-dance-pro\/","title":{"rendered":"Be The Dance PRO"},"content":{"rendered":"<p>[vc_row full_height=\u00bbyes\u00bb equal_height=\u00bbyes\u00bb expanded=\u00bb2&#8243; background_style=\u00bbfixed\u00bb css=\u00bb.vc_custom_1674845695278{padding-left: 30px !important;background-color: #000000 !important;}\u00bb el_class=\u00bbprincipal_pt\u00bb][vc_column width=\u00bb1\/2&#8243;][vc_single_image image=\u00bb14986&#8243; img_size=\u00bb310&#215;360&#8243; css=\u00bb.vc_custom_1674780384874{padding-top: 130px !important;padding-left: 90px !important;}\u00bb][\/vc_column][vc_column width=\u00bb1\/2&#8243; css=\u00bb.vc_custom_1673721512991{border-top-width: -30px !important;padding-top: 50px !important;}\u00bb][\/vc_column][\/vc_row][vc_row full_height=\u00bbyes\u00bb columns_placement=\u00bbstretch\u00bb equal_height=\u00bbyes\u00bb expanded=\u00bb2&#8243; background_style=\u00bbfixed\u00bb css=\u00bb.vc_custom_1674840105515{background-color: #000000 !important;}\u00bb el_class=\u00bblinha_dois\u00bb][vc_column width=\u00bb1\/2&#8243;][\/vc_column][vc_column width=\u00bb1\/2&#8243; css=\u00bb.vc_custom_1674782842735{padding-top: 70px !important;padding-right: 40px !important;}\u00bb][vc_column_text]<a href=\"http:\/\/poaciadanca.com.br\/wp-content\/uploads\/2023\/01\/logo-pro-preto.png\"><img fetchpriority=\"high\" decoding=\"async\" class=\"wp-image-14804 size-medium alignleft\" src=\"http:\/\/poaciadanca.com.br\/wp-content\/uploads\/2023\/01\/logo-pro-preto-300x233.png\" alt=\"\" width=\"300\" height=\"233\" srcset=\"https:\/\/poaciadanca.com.br\/wp-content\/uploads\/2023\/01\/logo-pro-preto-300x233.png 300w, https:\/\/poaciadanca.com.br\/wp-content\/uploads\/2023\/01\/logo-pro-preto-1024x797.png 1024w, https:\/\/poaciadanca.com.br\/wp-content\/uploads\/2023\/01\/logo-pro-preto-768x597.png 768w, https:\/\/poaciadanca.com.br\/wp-content\/uploads\/2023\/01\/logo-pro-preto.png 1121w\" sizes=\"(max-width: 300px) 100vw, 300px\" \/><\/a>[\/vc_column_text][vc_column_text css=\u00bb.vc_custom_1674831316442{padding-top: 240px !important;}\u00bb]<\/p>\n<h4 style=\"text-align: left;\">BE THE DANCE PRO es un taller<br \/>\ndise\u00f1ado para bailarines profesionales.<\/h4>\n<h4 style=\"text-align: left;\">Es un viaje m\u00e1s all\u00e1<br \/>\nde la t\u00e9cnica, m\u00e1s all\u00e1 del intelecto,<br \/>\nm\u00e1s all\u00e1 de la raz\u00f3n y la emoci\u00f3n.<\/h4>\n<p>[\/vc_column_text][\/vc_column][\/vc_row][vc_row full_height=\u00bbyes\u00bb expanded=\u00bb2&#8243; background_style=\u00bbfixed\u00bb el_class=\u00bblinha_tres\u00bb][vc_column width=\u00bb1\/2&#8243;][vc_column_text css=\u00bb.vc_custom_1674795328924{padding-top: 100px !important;padding-left: 100px !important;}\u00bb]<a href=\"http:\/\/poaciadanca.com.br\/wp-content\/uploads\/2023\/01\/logo-pro-preto.png\"><img fetchpriority=\"high\" decoding=\"async\" class=\"wp-image-14804 size-medium alignleft\" src=\"http:\/\/poaciadanca.com.br\/wp-content\/uploads\/2023\/01\/logo-pro-preto-300x233.png\" alt=\"\" width=\"300\" height=\"233\" srcset=\"https:\/\/poaciadanca.com.br\/wp-content\/uploads\/2023\/01\/logo-pro-preto-300x233.png 300w, https:\/\/poaciadanca.com.br\/wp-content\/uploads\/2023\/01\/logo-pro-preto-1024x797.png 1024w, https:\/\/poaciadanca.com.br\/wp-content\/uploads\/2023\/01\/logo-pro-preto-768x597.png 768w, https:\/\/poaciadanca.com.br\/wp-content\/uploads\/2023\/01\/logo-pro-preto.png 1121w\" sizes=\"(max-width: 300px) 100vw, 300px\" \/><\/a>[\/vc_column_text][vc_column_text css=\u00bb.vc_custom_1674795543484{padding-top: 220px !important;padding-left: 100px !important;}\u00bb]<\/p>\n<h2><strong>EL BAILAR\u00cdN<\/strong><\/h2>\n<h4>Los bailarines somos artistas con una larga formaci\u00f3n y dedicaci\u00f3n exhaustiva.<\/h4>\n<h4>Independientemente de la t\u00e9cnica de danza que elijamos para expresar nuestro arte, experimentaremos demandas f\u00edsicas equivalentes a las de un atleta de alto rendimiento y enfrentaremos los desaf\u00edos emocionales que experimenta todo artista en el escenario.<\/h4>\n<h4>Pero\u2026 \u00bfqu\u00e9 danza es esa que queremos expresar?<\/h4>\n<p>[\/vc_column_text][\/vc_column][vc_column width=\u00bb1\/2&#8243;][\/vc_column][\/vc_row][vc_row full_height=\u00bbyes\u00bb equal_height=\u00bbyes\u00bb expanded=\u00bb2&#8243; background_style=\u00bbfixed\u00bb css=\u00bb.vc_custom_1674845048551{background-color: #000000 !important;}\u00bb el_class=\u00bblinha_quatro\u00bb][vc_column width=\u00bb1\/2&#8243;][\/vc_column][vc_column width=\u00bb1\/2&#8243; css=\u00bb.vc_custom_1673654569186{padding-top: 50px !important;}\u00bb][vc_column_text css_animation=\u00bbleft-to-right\u00bb css=\u00bb.vc_custom_1674611212734{padding-top: 20px !important;}\u00bb]<span style=\"color: #000000;\"><a href=\"http:\/\/poaciadanca.com.br\/wp-content\/uploads\/2023\/01\/logo-pro-branco.png\"><img decoding=\"async\" class=\"alignnone wp-image-14899 size-medium\" src=\"http:\/\/poaciadanca.com.br\/wp-content\/uploads\/2023\/01\/logo-pro-branco-300x233.png\" alt=\"\" width=\"300\" height=\"233\" srcset=\"https:\/\/poaciadanca.com.br\/wp-content\/uploads\/2023\/01\/logo-pro-branco-300x233.png 300w, https:\/\/poaciadanca.com.br\/wp-content\/uploads\/2023\/01\/logo-pro-branco-1024x797.png 1024w, https:\/\/poaciadanca.com.br\/wp-content\/uploads\/2023\/01\/logo-pro-branco-768x597.png 768w, https:\/\/poaciadanca.com.br\/wp-content\/uploads\/2023\/01\/logo-pro-branco.png 1121w\" sizes=\"(max-width: 300px) 100vw, 300px\" \/><\/a> <\/span><\/p>\n<h3><span style=\"color: #ffffff;\">EL TALLER<\/span><\/h3>\n<h4><span style=\"color: #ffffff;\">BE THE DANCE PRO propone un viaje<\/span><br \/>\n<span style=\"color: #ffffff;\">en ti mismo,<\/span><br \/>\n<span style=\"color: #ffffff;\">en busca de una danza donde<\/span><br \/>\n<span style=\"color: #ffffff;\">presencia y totalidad se funden.<\/span><br \/>\n<span style=\"color: #ffffff;\">Investiguemos ese \u00abalgo m\u00e1s\u00bb<\/span><br \/>\n<span style=\"color: #ffffff;\">que hace a todo bailar\u00edn,<\/span><br \/>\n<span style=\"color: #ffffff;\">un artista diferente y \u00fanico.<\/span><\/h4>\n<p>[\/vc_column_text][\/vc_column][\/vc_row][vc_row full_height=\u00bbyes\u00bb columns_placement=\u00bbstretch\u00bb equal_height=\u00bbyes\u00bb expanded=\u00bb2&#8243; background_style=\u00bbfixed\u00bb css=\u00bb.vc_custom_1674858112772{background-color: #000000 !important;}\u00bb el_class=\u00bblinha_cinco\u00bb][vc_column width=\u00bb1\/2&#8243;][vc_column_text css_animation=\u00bbleft-to-right\u00bb css=\u00bb.vc_custom_1674788766297{padding-top: 100px !important;padding-left: 100px !important;}\u00bb]<\/p>\n<h4><span style=\"color: #000000;\"> <a href=\"http:\/\/poaciadanca.com.br\/wp-content\/uploads\/2023\/01\/logo-pro-preto.png\"><img fetchpriority=\"high\" decoding=\"async\" class=\"wp-image-14804 size-medium alignleft\" src=\"http:\/\/poaciadanca.com.br\/wp-content\/uploads\/2023\/01\/logo-pro-preto-300x233.png\" alt=\"\" width=\"300\" height=\"233\" srcset=\"https:\/\/poaciadanca.com.br\/wp-content\/uploads\/2023\/01\/logo-pro-preto-300x233.png 300w, https:\/\/poaciadanca.com.br\/wp-content\/uploads\/2023\/01\/logo-pro-preto-1024x797.png 1024w, https:\/\/poaciadanca.com.br\/wp-content\/uploads\/2023\/01\/logo-pro-preto-768x597.png 768w, https:\/\/poaciadanca.com.br\/wp-content\/uploads\/2023\/01\/logo-pro-preto.png 1121w\" sizes=\"(max-width: 300px) 100vw, 300px\" \/><\/a><\/span><\/h4>\n<p>[\/vc_column_text][vc_column_text css=\u00bb.vc_custom_1674788791432{padding-top: 220px !important;padding-left: 100px !important;}\u00bb]<\/p>\n<h3>\u00abALGO MAS\u00bb<\/h3>\n<h4>\u00bfQu\u00e9 diferencia a un bailar\u00edn de otro?<br \/>\n\u00bfPor qu\u00e9 bailarines con un nivel t\u00e9cnico similar,<br \/>\nen el escenario, son tan diferentes y por qu\u00e9<br \/>\nalgunos ejercen una atracci\u00f3n irresistible sobre el p\u00fablico?<\/h4>\n<h4>BE THE DANCE PRO ofrece la posibilidad de investigar algunas cualidades clave que influyen en el desempe\u00f1o de un bailar\u00edn profesional.<\/h4>\n<p>[\/vc_column_text][\/vc_column][vc_column width=\u00bb1\/2&#8243;][\/vc_column][\/vc_row][vc_row full_height=\u00bbyes\u00bb columns_placement=\u00bbstretch\u00bb equal_height=\u00bbyes\u00bb expanded=\u00bb2&#8243; background_style=\u00bbparallax\u00bb css=\u00bb.vc_custom_1674428517967{background-color: #000000 !important;}\u00bb background_image=\u00bb14939&#8243;][vc_column width=\u00bb1\/3&#8243;][vc_column_text css_animation=\u00bbleft-to-right\u00bb css=\u00bb.vc_custom_1674170632351{padding-top: 80px !important;padding-left: 110px !important;}\u00bb]<\/p>\n<h4><span style=\"color: #000000;\"> <a href=\"http:\/\/poaciadanca.com.br\/wp-content\/uploads\/2023\/01\/logo-pro-preto.png\"><img decoding=\"async\" class=\"alignnone wp-image-14804 size-medium\" src=\"http:\/\/poaciadanca.com.br\/wp-content\/uploads\/2023\/01\/logo-pro-preto-300x233.png\" alt=\"\" width=\"300\" height=\"233\" srcset=\"https:\/\/poaciadanca.com.br\/wp-content\/uploads\/2023\/01\/logo-pro-preto-300x233.png 300w, https:\/\/poaciadanca.com.br\/wp-content\/uploads\/2023\/01\/logo-pro-preto-1024x797.png 1024w, https:\/\/poaciadanca.com.br\/wp-content\/uploads\/2023\/01\/logo-pro-preto-768x597.png 768w, https:\/\/poaciadanca.com.br\/wp-content\/uploads\/2023\/01\/logo-pro-preto.png 1121w\" sizes=\"(max-width: 300px) 100vw, 300px\" \/><\/a><\/span><\/h4>\n<p>[\/vc_column_text][vc_column_text css=\u00bb.vc_custom_1674693158011{padding-top: 10px !important;padding-left: 40px !important;}\u00bb]<\/p>\n<h4 style=\"padding-left: 80px;\">\u00abDurante una de las clases diarias de ballet cl\u00e1sico de la escuela en Ucrania, la maestra nos hizo repetir muchas veces, a\u00fan en la barra, como preparaci\u00f3n para un ejercicio, esos acordes iniciales donde movemos un brazo suavemente junto con la cabeza, para se\u00f1alar que estamos comenzando una secuencia. En este caso fue una secuencia que nunca empez\u00f3 porque la maestra nos hizo practicar esta preparaci\u00f3n durante toda la clase.<\/h4>\n<p>[\/vc_column_text][\/vc_column][vc_column width=\u00bb1\/3&#8243;][\/vc_column][vc_column width=\u00bb1\/3&#8243;][vc_column_text css=\u00bb.vc_custom_1674693571144{padding-top: 150px !important;padding-right: 90px !important;}\u00bb]<\/p>\n<h4>En ese momento, pens\u00e9 que este perfeccionismo era una p\u00e9rdida de tiempo porque hab\u00eda muchos movimientos, tours, saltos para practicar y mejorar t\u00e9cnicamente. Y all\u00ed est\u00e1bamos, repitiendo hasta la extenuaci\u00f3n aquella preparaci\u00f3n cuya ejecuci\u00f3n ni siquiera requer\u00eda esfuerzo o especial destreza.<\/h4>\n<h4><\/h4>\n<h4>A\u00f1os despu\u00e9s volvi\u00f3 este recuerdo. Para entonces me hab\u00eda dado cuenta de que hay algo m\u00e1s que diferencia a un bailar\u00edn de otro, m\u00e1s all\u00e1 de la t\u00e9cnica. Algo inexplicable, algo subjetivo, pero que el p\u00fablico siente, prefiriendo a unos int\u00e9rpretes m\u00e1s que a otros. Muchas veces, vi actuaciones en las que yo misma no pod\u00eda apartar la vista de un bailar\u00edn en particular. Tambi\u00e9n me preguntaba acerca de mis propias actuaciones y por qu\u00e9 algunas parec\u00edan obtener una mejor respuesta de la audiencia que otras.<\/h4>\n<p>[\/vc_column_text][\/vc_column][\/vc_row][vc_row full_height=\u00bbyes\u00bb columns_placement=\u00bbstretch\u00bb equal_height=\u00bbyes\u00bb expanded=\u00bb2&#8243; background_style=\u00bbparallax\u00bb css=\u00bb.vc_custom_1674425369770{background-color: #000000 !important;}\u00bb background_image=\u00bb14932&#8243;][vc_column width=\u00bb1\/3&#8243;][vc_column_text css_animation=\u00bbleft-to-right\u00bb css=\u00bb.vc_custom_1674170632351{padding-top: 80px !important;padding-left: 110px !important;}\u00bb]<\/p>\n<h4><span style=\"color: #000000;\"> <a href=\"http:\/\/poaciadanca.com.br\/wp-content\/uploads\/2023\/01\/logo-pro-preto.png\"><img decoding=\"async\" class=\"alignnone wp-image-14804 size-medium\" src=\"http:\/\/poaciadanca.com.br\/wp-content\/uploads\/2023\/01\/logo-pro-preto-300x233.png\" alt=\"\" width=\"300\" height=\"233\" srcset=\"https:\/\/poaciadanca.com.br\/wp-content\/uploads\/2023\/01\/logo-pro-preto-300x233.png 300w, https:\/\/poaciadanca.com.br\/wp-content\/uploads\/2023\/01\/logo-pro-preto-1024x797.png 1024w, https:\/\/poaciadanca.com.br\/wp-content\/uploads\/2023\/01\/logo-pro-preto-768x597.png 768w, https:\/\/poaciadanca.com.br\/wp-content\/uploads\/2023\/01\/logo-pro-preto.png 1121w\" sizes=\"(max-width: 300px) 100vw, 300px\" \/><\/a><\/span><\/h4>\n<p>[\/vc_column_text][vc_column_text css=\u00bb.vc_custom_1674693694650{padding-top: 10px !important;padding-left: 40px !important;}\u00bb]<\/p>\n<h4 style=\"padding-left: 80px;\">Fue cuando comenc\u00e9 a meditar que vi\u00a0 algo de luz sobre estos temas. La pr\u00e1ctica de la meditaci\u00f3n dio lugar en mi danza a nuevas reflexiones sobre estar en el escenario. Poco a poco pude entender a mi maestra y la lecci\u00f3n donde nos ense\u00f1\u00f3 que cada movimiento debe realizarse con la m\u00e1xima presencia, nunca autom\u00e1ticamente. La danza es un arte que sucede en el momento, demandando entrega y totalidad.<\/h4>\n<p>[\/vc_column_text][\/vc_column][vc_column width=\u00bb1\/3&#8243;][\/vc_column][vc_column width=\u00bb1\/3&#8243;][vc_column_text css=\u00bb.vc_custom_1674693876186{padding-top: 150px !important;padding-right: 90px !important;}\u00bb]<\/p>\n<h4 style=\"padding-left: 80px;\">Tiempo despu\u00e9s en NY, tuve la suerte de ponerme en contacto y empezar a estudiar diferentes m\u00e9todos de Educaci\u00f3n Som\u00e1tica. Distintos enfoques con un mismo objetivo, basados en el autoconocimiento traer una mayor conciencia del movimiento y un mayor dominio del cuerpo del bailar\u00edn. Estas pr\u00e1cticas, junto con la meditaci\u00f3n, tuvieron un gran impacto en mi forma de bailar.<\/h4>\n<p>[\/vc_column_text][\/vc_column][\/vc_row][vc_row full_height=\u00bbyes\u00bb columns_placement=\u00bbstretch\u00bb equal_height=\u00bbyes\u00bb expanded=\u00bb2&#8243; background_style=\u00bbparallax\u00bb css=\u00bb.vc_custom_1674157847161{background-color: #000000 !important;}\u00bb background_image=\u00bb14914&#8243;][vc_column width=\u00bb1\/3&#8243;][vc_column_text css_animation=\u00bbleft-to-right\u00bb css=\u00bb.vc_custom_1674694076426{padding-top: 90px !important;padding-left: 110px !important;}\u00bb]<\/p>\n<h4><span style=\"color: #000000;\"> <a href=\"http:\/\/poaciadanca.com.br\/wp-content\/uploads\/2023\/01\/logo-pro-preto.png\"><img decoding=\"async\" class=\"alignnone wp-image-14804 size-medium\" src=\"http:\/\/poaciadanca.com.br\/wp-content\/uploads\/2023\/01\/logo-pro-preto-300x233.png\" alt=\"\" width=\"300\" height=\"233\" srcset=\"https:\/\/poaciadanca.com.br\/wp-content\/uploads\/2023\/01\/logo-pro-preto-300x233.png 300w, https:\/\/poaciadanca.com.br\/wp-content\/uploads\/2023\/01\/logo-pro-preto-1024x797.png 1024w, https:\/\/poaciadanca.com.br\/wp-content\/uploads\/2023\/01\/logo-pro-preto-768x597.png 768w, https:\/\/poaciadanca.com.br\/wp-content\/uploads\/2023\/01\/logo-pro-preto.png 1121w\" sizes=\"(max-width: 300px) 100vw, 300px\" \/><\/a><\/span><\/h4>\n<h4>A\u00f1os m\u00e1s tarde, en la Porto Alegre Cia de Dan\u00e7a, pude explorar estas herramientas con nuestros bailarines. Para nuestra sorpresa, las personas que vieron alguna presentaci\u00f3n notaron que all\u00ed algo m\u00e1s hab\u00eda sido trabajado.<\/h4>\n<h4>Empec\u00e9 a creer que, independientemente de que algunos bailarines tengan un carisma innato, una presencia innata, ser\u00eda posible trabajar con bailarines para que desarrollen esas cualidades que hacen de la danza algo trascendente.<\/h4>\n<p>[\/vc_column_text][vc_column_text css=\u00bb.vc_custom_1674425589282{padding-top: 10px !important;padding-left: 40px !important;}\u00bb][\/vc_column_text][\/vc_column][vc_column width=\u00bb1\/3&#8243;][\/vc_column][vc_column width=\u00bb1\/3&#8243; css=\u00bb.vc_custom_1673832583236{padding-right: 30px !important;}\u00bb][vc_column_text css=\u00bb.vc_custom_1674694320241{padding-top: 100px !important;padding-right: 70px !important;}\u00bb]<\/p>\n<h4>BE THE DANCE PRO combina algunas herramientas disponibles para que el bailar\u00edn pueda buscar y sacar estas cualidades desde adentro. M\u00e9todos de Educaci\u00f3n Som\u00e1tica que exploran la conciencia a trav\u00e9s del movimiento y pr\u00e1cticas meditativas que nos hacen sumergirnos en lo m\u00e1s profundo de nuestro ser en busca de lo esencial, lo real, lo profundo estado de ser, siempre presente aqu\u00ed y ahora.<\/h4>\n<h4>BE THE DANCE PRO explora la dimensi\u00f3n subjetiva de la danza, la grandeza de la totalidad, la presencia, la entrega al momento y el distanciamiento de la mente pensante, del hacedor, del que nos desconecta del momento.<\/h4>\n<h4>BE THE DANCE PRO quiere apoyar a los bailarines en su camino hacia la trascendencia.\u00bb<br \/>\nSafia<\/h4>\n<p>[\/vc_column_text][\/vc_column][\/vc_row][vc_row expanded=\u00bb2&#8243; background_style=\u00bbfixed\u00bb css=\u00bb.vc_custom_1674859780002{padding-top: 55px !important;padding-right: 55px !important;padding-bottom: 55px !important;padding-left: 55px !important;background-color: #d3d3d3 !important;}\u00bb el_class=\u00bblinha_nove\u00bb][vc_column width=\u00bb1\/3&#8243;][\/vc_column][vc_column width=\u00bb1\/3&#8243;][vc_column_text css_animation=\u00bbappear\u00bb css=\u00bb.vc_custom_1674610777708{padding-top: 140px !important;}\u00bb]<\/p>\n<h4 style=\"text-align: left;\"><span style=\"color: #ffffff;\"><a href=\"http:\/\/poaciadanca.com.br\/wp-content\/uploads\/2023\/01\/logo-pro-preto.png\"><img loading=\"lazy\" decoding=\"async\" class=\"wp-image-14804 size-medium alignright\" src=\"http:\/\/poaciadanca.com.br\/wp-content\/uploads\/2023\/01\/logo-pro-preto-300x233.png\" alt=\"\" width=\"300\" height=\"233\" srcset=\"https:\/\/poaciadanca.com.br\/wp-content\/uploads\/2023\/01\/logo-pro-preto-300x233.png 300w, https:\/\/poaciadanca.com.br\/wp-content\/uploads\/2023\/01\/logo-pro-preto-1024x797.png 1024w, https:\/\/poaciadanca.com.br\/wp-content\/uploads\/2023\/01\/logo-pro-preto-768x597.png 768w, https:\/\/poaciadanca.com.br\/wp-content\/uploads\/2023\/01\/logo-pro-preto.png 1121w\" sizes=\"(max-width: 300px) 100vw, 300px\" \/><\/a><\/span><\/h4>\n<h4><\/h4>\n<h4><\/h4>\n<h4><\/h4>\n<h4><\/h4>\n<h4><\/h4>\n<h4><\/h4>\n<h4><\/h4>\n<h4><\/h4>\n<h4><\/h4>\n<p>&nbsp;<\/p>\n<h4 style=\"text-align: right;\">T\u00e9cnicas de la Danza Moderna se combinan con diferentes m\u00e9todos de Educaci\u00f3n Som\u00e1tica. Improvisaciones guiadas, ejercicios de escritura creativa y diferentes herramientas de meditaci\u00f3n activa animan el proceso.<\/h4>\n<p>[\/vc_column_text][\/vc_column][vc_column width=\u00bb1\/3&#8243;][\/vc_column][\/vc_row][vc_row full_height=\u00bbyes\u00bb expanded=\u00bb2&#8243; background_style=\u00bbfixed\u00bb css=\u00bb.vc_custom_1674860635395{padding-bottom: 30px !important;background-color: #d3d3d3 !important;}\u00bb el_class=\u00bblinha_dez\u00bb][vc_column width=\u00bb1\/2&#8243;][\/vc_column][vc_column width=\u00bb1\/2&#8243; css=\u00bb.vc_custom_1674793062694{padding-top: 70px !important;}\u00bb][vc_column_text css=\u00bb.vc_custom_1674793473036{padding-left: 100px !important;}\u00bb]<\/p>\n<h4><a href=\"http:\/\/poaciadanca.com.br\/wp-content\/uploads\/2023\/01\/logo-pro-preto.png\"><img loading=\"lazy\" decoding=\"async\" class=\"alignleft\" src=\"http:\/\/poaciadanca.com.br\/wp-content\/uploads\/2023\/01\/logo-pro-preto-300x233.png\" alt=\"\" width=\"300\" height=\"233\" \/><\/a><\/h4>\n<h4 style=\"padding-left: 160px; text-align: right;\"><\/h4>\n<p>[\/vc_column_text][vc_column_text css=\u00bb.vc_custom_1674793579328{padding-top: 260px !important;padding-left: 100px !important;}\u00bb]<\/p>\n<h4 style=\"text-align: left;\">BE THE DANCE PRO es una b\u00fasqueda intensa<br \/>\npor perderse en la danza,<br \/>\npara llegar a ese punto donde<br \/>\nel bailar\u00edn y la danza se fusionan.<\/h4>\n<h4 style=\"text-align: left;\">Para llegar a ese momento sublime en que<br \/>\nel bailar\u00edn es la danza mismo.<\/h4>\n<p>[\/vc_column_text][vc_column_text css=\u00bb.vc_custom_1675540714652{padding-left: 100px !important;}\u00bb]<\/p>\n<h6>Im\u00e1genes: Mahendra, pel\u00edcula in\u00e9dita ALMA MU,<br \/>\nde Lina do Carmo,<br \/>\ninvestigaci\u00f3n de creaci\u00f3n coreogr\u00e1fica colectiva,<br \/>\nStipendienprogramm 2021 des Ministeriums f\u00fcr Kultur<br \/>\nund Wissenschaft des Landes Nordrhein-Westfalen.<\/h6>\n<p>[\/vc_column_text][\/vc_column][\/vc_row][vc_row expanded=\u00bb2&#8243; background_style=\u00bbfixed\u00bb css=\u00bb.vc_custom_1453891637689{padding-top: 65px !important;padding-bottom: 50px !important;background-color: #3f3f3f !important;}\u00bb background_image=\u00bb10532&#8243;][vc_column width=\u00bb1\/4&#8243;][\/vc_column][vc_column width=\u00bb1\/2&#8243;]<div id=\"module_dt_iconboxes_3\" class=\"module_dt_iconboxes\"><div class=\"dt-iconboxes-5 layout-5\" >\r\n                        <div class=\"dt-section-icon hi-icon-wrap hi-icon-effect-5 hi-icon-effect-5a\"><a target='_self' href='http:\/\/poaciadanca.com.br\/a-diretora\/'><i class=\"hi-icon icon-feather\"><\/i><\/a><\/div>\r\n                        <h4><\/h4><div class=\"dt-iconboxes-text\"><h4 style=\"text-align: center;\"><a href=\"http:\/\/poaciadanca.com.br\/a-diretora\/\" target=\"_blank\" rel=\"noopener\"><strong><span style=\"color: #ffffff;\">CURR\u00cdCULO SAFIA<\/span><\/strong><\/a><\/h4>\n<\/div>\r\n                        <\/div><\/div>[\/vc_column][vc_column width=\u00bb1\/4&#8243;][\/vc_column][\/vc_row][vc_column][vc_raw_html]JTNDZGl2JTIwY2xhc3MlM0QlMjJpY29uZXMlMjBjb2wtc20tMTIlMjIlMjAlM0UlMEElMjAlMjAlM0NhJTIwaHJlZiUzRCUyMmh0dHAlM0ElMkYlMkZwb2FjaWFkYW5jYS5jb20uYnIlMkZiZXRoZWRhbmNlLXRvdXIlMkYlMjIlMjB0YXJnZXQlM0QlMjJfYmxhbmslMjIlM0UlMEElMjAlMjAlMjAlMjAlM0NpbWclMjBjbGFzcyUzRCUyMmltZy1yZXNwb25zaXZlJTIyJTIwc3JjJTNEJTIyaHR0cCUzQSUyRiUyRnBvYWNpYWRhbmNhLmNvbS5iciUyRndwLWNvbnRlbnQlMkZ1cGxvYWRzJTJGMjAyMiUyRjA1JTJGYWdlbmRhLWJ0bi1pY29uZS0zLXJlc2VydmEtdHUtZmVjaGEuanBnJTIyJTIwYWx0JTNEJTIyU3VtbWVyJTIwVG91ciUyMDIwMjIlMjIlMjB0aXRsZSUzRCUyMlN1bW1lciUyMFRvdXIlMjAyMDIyJTIyJTNFJTBBJTIwJTIwJTNDJTJGYSUzRSUwQSUzQyUyRmRpdiUzRQ==[\/vc_raw_html][\/vc_column]<\/p>","protected":false},"excerpt":{"rendered":"<p>[vc_row full_height=\u00bbyes\u00bb equal_height=\u00bbyes\u00bb expanded=\u00bb2&#8243; background_style=\u00bbfixed\u00bb css=\u00bb.vc_custom_1674845695278{padding-left: 30px !important;background-color: #000000 !important;}\u00bb el_class=\u00bbprincipal_pt\u00bb][vc_column width=\u00bb1\/2&#8243;][vc_single_image image=\u00bb14986&#8243; img_size=\u00bb310&#215;360&#8243; css=\u00bb.vc_custom_1674780384874{padding-top: 130px !important;padding-left: 90px !important;}\u00bb][\/vc_column][vc_column width=\u00bb1\/2&#8243; css=\u00bb.vc_custom_1673721512991{border-top-width: -30px !important;padding-top: 50px !important;}\u00bb][\/vc_column][\/vc_row][vc_row full_height=\u00bbyes\u00bb columns_placement=\u00bbstretch\u00bb equal_height=\u00bbyes\u00bb expanded=\u00bb2&#8243; background_style=\u00bbfixed\u00bb css=\u00bb.vc_custom_1674840105515{background-color: #000000 !important;}\u00bb el_class=\u00bblinha_dois\u00bb][vc_column width=\u00bb1\/2&#8243;][\/vc_column][vc_column width=\u00bb1\/2&#8243; css=\u00bb.vc_custom_1674782842735{padding-top: 70px !important;padding-right: 40px !important;}\u00bb][vc_column_text][\/vc_column_text][vc_column_text css=\u00bb.vc_custom_1674831316442{padding-top: 240px !important;}\u00bb] BE THE DANCE PRO es un taller dise\u00f1ado para bailarines profesionales.&hellip;<\/p>\n","protected":false},"author":3,"featured_media":0,"parent":0,"menu_order":0,"comment_status":"closed","ping_status":"closed","template":"","meta":{"footnotes":""},"class_list":["post-14779","page","type-page","status-publish","hentry"],"_links":{"self":[{"href":"https:\/\/poaciadanca.com.br\/es\/wp-json\/wp\/v2\/pages\/14779","targetHints":{"allow":["GET"]}}],"collection":[{"href":"https:\/\/poaciadanca.com.br\/es\/wp-json\/wp\/v2\/pages"}],"about":[{"href":"https:\/\/poaciadanca.com.br\/es\/wp-json\/wp\/v2\/types\/page"}],"author":[{"embeddable":true,"href":"https:\/\/poaciadanca.com.br\/es\/wp-json\/wp\/v2\/users\/3"}],"replies":[{"embeddable":true,"href":"https:\/\/poaciadanca.com.br\/es\/wp-json\/wp\/v2\/comments?post=14779"}],"version-history":[{"count":2,"href":"https:\/\/poaciadanca.com.br\/es\/wp-json\/wp\/v2\/pages\/14779\/revisions"}],"predecessor-version":[{"id":15290,"href":"https:\/\/poaciadanca.com.br\/es\/wp-json\/wp\/v2\/pages\/14779\/revisions\/15290"}],"wp:attachment":[{"href":"https:\/\/poaciadanca.com.br\/es\/wp-json\/wp\/v2\/media?parent=14779"}],"curies":[{"name":"wp","href":"https:\/\/api.w.org\/{rel}","templated":true}]}}