{"id":14044,"date":"2022-08-28T18:36:12","date_gmt":"2022-08-28T20:36:12","guid":{"rendered":"https:\/\/poaciadanca.com.br\/?page_id=14044"},"modified":"2023-10-04T22:14:23","modified_gmt":"2023-10-05T00:14:23","slug":"biostretch-apresentacao","status":"publish","type":"page","link":"https:\/\/poaciadanca.com.br\/es\/biostretch-apresentacao\/","title":{"rendered":"Presentaci\u00f3n Biostretch"},"content":{"rendered":"<p>[vc_row expanded=\u00bb2&#8243; background_style=\u00bbcover\u00bb css=\u00bb.vc_custom_1696464832940{padding-bottom: 30px !important;}\u00bb el_class=\u00bbbiostretch_apres\u00bb][vc_column][vc_row_inner][vc_column_inner width=\u00bb1\/3&#8243;][\/vc_column_inner][vc_column_inner width=\u00bb2\/3&#8243;][section_header use_decoration=\u00bb1&#8243; layout_type=\u00bbsection-heading-thin-border\u00bb main_heading=\u00bbPresentaci\u00f3n Biostretch\u00bb color=\u00bb#000000&#8243; separator_color=\u00bb#c4aa77&#8243; css=\u00bb.vc_custom_1661738597780{padding-bottom: 20px !important;}\u00bb][\/vc_column_inner][\/vc_row_inner][vc_row_inner][vc_column_inner width=\u00bb1\/3&#8243;][\/vc_column_inner][vc_column_inner width=\u00bb2\/3&#8243;][vc_column_text css_animation=\u00bbleft-to-right\u00bb css=\u00bb.vc_custom_1661738922733{padding-left: 30px !important;}\u00bb]<strong>Biostretch<\/strong> se trata de traer conciencia a nuestros movimientos. A medida que hacemos diferentes ejercicios de forma lenta, suave y sin esfuerzo, dirigimos nuestra atenci\u00f3n a las sensaciones que percibimos en nuestro cuerpo.<\/p>\n<p>Puede parecer trivial, pero cuanto m\u00e1s observamos el cuerpo, m\u00e1s nos damos cuenta de que suceden muchas cosas incluso en movimientos peque\u00f1os y simples. Poco a poco vamos descubriendo c\u00f3mo el cuerpo funciona de forma cooperativa, involucrando, a menudo de forma muy sutil, a diferentes partes, siempre con el objetivo de hacer m\u00e1s f\u00e1cil y eficiente nuestro movimiento.<\/p>\n<p>Cuando practica <strong>Biostretch<\/strong>, usted est\u00e1 aprendiendo algo nuevo. A tu cuerpo le encanta recibir atenci\u00f3n y descubrir nuevas formas de moverse que brinden una sensaci\u00f3n de relajaci\u00f3n.<\/p>\n<p>Cuando traes conciencia, traes presencia. Y cuando comienzas a expandir esta conciencia en tu vida cotidiana, llega una tremenda sensaci\u00f3n de bienestar y concentraci\u00f3n.[\/vc_column_text][vc_video link=\u00bbhttps:\/\/www.youtube.com\/watch?v=7AW3-4I41SU&amp;list=PLbga_90T8IRpKgaL5ZneZ40RUEh0FgapO&amp;index=1&#8243; el_width=\u00bb10&#8243; title=\u00bbApresenta\u00e7\u00e3o do sistema Biostretch por Safia.\u00bb css=\u00bb.vc_custom_1696464852390{padding-left: 30px !important;}\u00bb][\/vc_column_inner][\/vc_row_inner][vc_row_inner][vc_column_inner][vc_btn title=\u00bbvolver\u00bb style=\u00bbflat\u00bb color=\u00bbblack\u00bb size=\u00bbxs\u00bb align=\u00bbright\u00bb i_icon_fontawesome=\u00bbfas fa-undo-alt\u00bb add_icon=\u00bbtrue\u00bb link=\u00bburl:http%3A%2F%2Fpoaciadanca.com.br%2Fbiostretch%2F|title:%5B%3Apb%5DBiostretch%5B%3Aen%5Dteste%20biostretch%20%5B%3Aes%5Dteste%20biostretch%5B%3A%5D\u00bb][\/vc_column_inner][\/vc_row_inner][\/vc_column][\/vc_row][vc_row expanded=\u00bb2&#8243; css=\u00bb.vc_custom_1456927189452{background-color: #000000 !important;}\u00bb][vc_column][\/vc_column][\/vc_row]<\/p>","protected":false},"excerpt":{"rendered":"<p>[vc_row expanded=\u00bb2&#8243; background_style=\u00bbcover\u00bb css=\u00bb.vc_custom_1696464832940{padding-bottom: 30px !important;}\u00bb el_class=\u00bbbiostretch_apres\u00bb][vc_column][vc_row_inner][vc_column_inner width=\u00bb1\/3&#8243;][\/vc_column_inner][vc_column_inner width=\u00bb2\/3&#8243;][section_header use_decoration=\u00bb1&#8243; layout_type=\u00bbsection-heading-thin-border\u00bb main_heading=\u00bbPresentaci\u00f3n Biostretch\u00bb color=\u00bb#000000&#8243; separator_color=\u00bb#c4aa77&#8243; css=\u00bb.vc_custom_1661738597780{padding-bottom: 20px !important;}\u00bb][\/vc_column_inner][\/vc_row_inner][vc_row_inner][vc_column_inner width=\u00bb1\/3&#8243;][\/vc_column_inner][vc_column_inner width=\u00bb2\/3&#8243;][vc_column_text css_animation=\u00bbleft-to-right\u00bb css=\u00bb.vc_custom_1661738922733{padding-left: 30px !important;}\u00bb]Biostretch se trata de traer conciencia a nuestros movimientos. A medida que hacemos diferentes ejercicios de forma lenta, suave y sin esfuerzo, dirigimos nuestra atenci\u00f3n a las sensaciones que percibimos en nuestro&hellip;<\/p>\n","protected":false},"author":3,"featured_media":0,"parent":0,"menu_order":0,"comment_status":"closed","ping_status":"closed","template":"","meta":{"footnotes":""},"class_list":["post-14044","page","type-page","status-publish","hentry"],"_links":{"self":[{"href":"https:\/\/poaciadanca.com.br\/es\/wp-json\/wp\/v2\/pages\/14044","targetHints":{"allow":["GET"]}}],"collection":[{"href":"https:\/\/poaciadanca.com.br\/es\/wp-json\/wp\/v2\/pages"}],"about":[{"href":"https:\/\/poaciadanca.com.br\/es\/wp-json\/wp\/v2\/types\/page"}],"author":[{"embeddable":true,"href":"https:\/\/poaciadanca.com.br\/es\/wp-json\/wp\/v2\/users\/3"}],"replies":[{"embeddable":true,"href":"https:\/\/poaciadanca.com.br\/es\/wp-json\/wp\/v2\/comments?post=14044"}],"version-history":[{"count":2,"href":"https:\/\/poaciadanca.com.br\/es\/wp-json\/wp\/v2\/pages\/14044\/revisions"}],"predecessor-version":[{"id":15583,"href":"https:\/\/poaciadanca.com.br\/es\/wp-json\/wp\/v2\/pages\/14044\/revisions\/15583"}],"wp:attachment":[{"href":"https:\/\/poaciadanca.com.br\/es\/wp-json\/wp\/v2\/media?parent=14044"}],"curies":[{"name":"wp","href":"https:\/\/api.w.org\/{rel}","templated":true}]}}