{"id":13876,"date":"2022-07-27T17:08:43","date_gmt":"2022-07-27T19:08:43","guid":{"rendered":"http:\/\/poaciadanca.com.br\/?page_id=13876"},"modified":"2024-06-05T12:07:23","modified_gmt":"2024-06-05T14:07:23","slug":"sessionindividual","status":"publish","type":"page","link":"https:\/\/poaciadanca.com.br\/es\/sessionindividual\/","title":{"rendered":"Sesi\u00f3n Individual"},"content":{"rendered":"<p>[vc_row expanded=\u00bb2&#8243; background_style=\u00bbparallax\u00bb css=\u00bb.vc_custom_1671471412623{padding-bottom: 30px !important;}\u00bb el_class=\u00bbaulas_online\u00bb][vc_column][vc_row_inner][vc_column_inner width=\u00bb1\/3&#8243;][\/vc_column_inner][vc_column_inner width=\u00bb2\/3&#8243;][section_header use_decoration=\u00bb1&#8243; layout_type=\u00bbsection-heading-thin-border\u00bb main_heading=\u00bbSessi\u00f3n Individual\u00bb color=\u00bb#000000&#8243; separator_color=\u00bb#c4aa77&#8243; css=\u00bb.vc_custom_1717594312893{padding-bottom: 20px !important;}\u00bb][\/vc_column_inner][\/vc_row_inner][vc_row_inner][vc_column_inner width=\u00bb1\/3&#8243;][\/vc_column_inner][vc_column_inner width=\u00bb2\/3&#8243;][vc_column_text css_animation=\u00bbleft-to-right\u00bb css=\u00bb.vc_custom_1717594398653{padding-left: 30px !important;}\u00bb]Las sesiones tienen como objetivo estimular el sistema nervioso parasimp\u00e1tico y tener un efecto calmante en el cuerpo y la mente. Durante la sesi\u00f3n, Safia te ayuda con movimientos espec\u00edficos, realizados de forma fluida y consciente, brind\u00e1ndote una comprensi\u00f3n m\u00e1s profunda de tus h\u00e1bitos de movimiento.<br \/>\nLas sesiones pueden ayudar a mejorar el sue\u00f1o, reorganizar la postura, reducir la tensi\u00f3n y el dolor de espalda y prevenir RSI (lesiones por esfuerzo repetitivo). Te sentir\u00e1s m\u00e1s centrado, conectado y relajado despu\u00e9s de la sesi\u00f3n, desarrollando una nueva conciencia para las actividades diarias.<br \/>\nVer claramente tus patrones de movimiento es el comienzo del cambio y est\u00e1 en tus manos. Generar conciencia a trav\u00e9s del movimiento es una nueva forma de trabajar el cuerpo y un camino hacia la curaci\u00f3n.<br \/>\nAgenda una primera conversaci\u00f3n con Safia, para que conozca tus necesidades y cree un programa de ejercicios exclusivo para ti.<br \/>\nsafia@poaciadanca.com.br[\/vc_column_text][\/vc_column_inner][\/vc_row_inner][vc_row_inner][vc_column_inner][vc_btn title=\u00bbvolver\u00bb style=\u00bbflat\u00bb color=\u00bbblack\u00bb size=\u00bbxs\u00bb align=\u00bbright\u00bb i_icon_fontawesome=\u00bbfas fa-undo-alt\u00bb add_icon=\u00bbtrue\u00bb link=\u00bburl:http%3A%2F%2Fpoaciadanca.com.br%2Fes%2Fbiostretch%2F|target:_blank\u00bb][\/vc_column_inner][\/vc_row_inner][\/vc_column][\/vc_row][vc_row expanded=\u00bb2&#8243; css=\u00bb.vc_custom_1456927189452{background-color: #000000 !important;}\u00bb][vc_column][\/vc_column][\/vc_row]<\/p>","protected":false},"excerpt":{"rendered":"<p>[vc_row expanded=\u00bb2&#8243; background_style=\u00bbparallax\u00bb css=\u00bb.vc_custom_1671471412623{padding-bottom: 30px !important;}\u00bb el_class=\u00bbaulas_online\u00bb][vc_column][vc_row_inner][vc_column_inner width=\u00bb1\/3&#8243;][\/vc_column_inner][vc_column_inner width=\u00bb2\/3&#8243;][section_header use_decoration=\u00bb1&#8243; layout_type=\u00bbsection-heading-thin-border\u00bb main_heading=\u00bbSessi\u00f3n Individual\u00bb color=\u00bb#000000&#8243; separator_color=\u00bb#c4aa77&#8243; css=\u00bb.vc_custom_1717594312893{padding-bottom: 20px !important;}\u00bb][\/vc_column_inner][\/vc_row_inner][vc_row_inner][vc_column_inner width=\u00bb1\/3&#8243;][\/vc_column_inner][vc_column_inner width=\u00bb2\/3&#8243;][vc_column_text css_animation=\u00bbleft-to-right\u00bb css=\u00bb.vc_custom_1717594398653{padding-left: 30px !important;}\u00bb]Las sesiones tienen como objetivo estimular el sistema nervioso parasimp\u00e1tico y tener un efecto calmante en el cuerpo y la mente. Durante la sesi\u00f3n, Safia te ayuda con movimientos espec\u00edficos, realizados de&hellip;<\/p>\n","protected":false},"author":3,"featured_media":0,"parent":0,"menu_order":0,"comment_status":"closed","ping_status":"closed","template":"","meta":{"footnotes":""},"class_list":["post-13876","page","type-page","status-publish","hentry"],"_links":{"self":[{"href":"https:\/\/poaciadanca.com.br\/es\/wp-json\/wp\/v2\/pages\/13876","targetHints":{"allow":["GET"]}}],"collection":[{"href":"https:\/\/poaciadanca.com.br\/es\/wp-json\/wp\/v2\/pages"}],"about":[{"href":"https:\/\/poaciadanca.com.br\/es\/wp-json\/wp\/v2\/types\/page"}],"author":[{"embeddable":true,"href":"https:\/\/poaciadanca.com.br\/es\/wp-json\/wp\/v2\/users\/3"}],"replies":[{"embeddable":true,"href":"https:\/\/poaciadanca.com.br\/es\/wp-json\/wp\/v2\/comments?post=13876"}],"version-history":[{"count":2,"href":"https:\/\/poaciadanca.com.br\/es\/wp-json\/wp\/v2\/pages\/13876\/revisions"}],"predecessor-version":[{"id":15705,"href":"https:\/\/poaciadanca.com.br\/es\/wp-json\/wp\/v2\/pages\/13876\/revisions\/15705"}],"wp:attachment":[{"href":"https:\/\/poaciadanca.com.br\/es\/wp-json\/wp\/v2\/media?parent=13876"}],"curies":[{"name":"wp","href":"https:\/\/api.w.org\/{rel}","templated":true}]}}