{"id":11130,"date":"2016-03-02T12:05:15","date_gmt":"2016-03-02T14:05:15","guid":{"rendered":"http:\/\/poaciadanca.com.br\/?page_id=11130"},"modified":"2020-03-12T20:24:36","modified_gmt":"2020-03-12T22:24:36","slug":"eu-estive-aqui-coreografo","status":"publish","type":"page","link":"https:\/\/poaciadanca.com.br\/es\/eu-estive-aqui-coreografo\/","title":{"rendered":"Eu Estive Aqui &#8211; Core\u00f3grafo"},"content":{"rendered":"<p>[vc_row expanded=\u00bb2&#8243; background_style=\u00bbparallax\u00bb css=\u00bb.vc_custom_1456933884573{padding-bottom: 30px !important;}\u00bb background_image=\u00bb11161&#8243;][vc_column][vc_row_inner][vc_column_inner width=\u00bb2\/3&#8243;][section_header use_decoration=\u00bb1&#8243; layout_type=\u00bbsection-heading-thin-border\u00bb main_heading=\u00bbMark Sieczkarek\u00bb color=\u00bb#ffffff\u00bb separator_color=\u00bb#c4aa77&#8243; css=\u00bb.vc_custom_1456927074492{padding-top: 70px !important;padding-bottom: 20px !important;}\u00bb][\/vc_column_inner][vc_column_inner width=\u00bb1\/3&#8243;][\/vc_column_inner][\/vc_row_inner][vc_row_inner][vc_column_inner width=\u00bb2\/3&#8243;][vc_column_text css_animation=\u00bbleft-to-right\u00bb css=\u00bb.vc_custom_1476401147332{padding-bottom: 90px !important;}\u00bb]<span style=\"color: #ffffff;\">Naci\u00f3 en 1962 en Inverness, Escocia y estudi\u00f3 desde 1973 hasta 1981 en el Royal Ballet School de Londres.<\/span><\/p>\n<p><span style=\"color: #ffffff;\">Despu\u00e9s bail\u00f3 con Scapino Ballet en Amsterdam, donde sus primeras coreograf\u00edas surgieran.<\/span><\/p>\n<p><span style=\"color: #ffffff;\">Entre 1983 y 1885 trabaj\u00f3 en el Teatro Penta en Rotterdam y despu\u00e9s cambi\u00f3 a el Tanztheater Wuppertal Pina Bausch, donde integr\u00f3 el conjunto hasta 1988.<\/span><\/p>\n<p><span style=\"color: #ffffff;\">Desde entonces Sieczkarek ha sido independiente en su trabajo como core\u00f3grafo y bailar\u00edn, y ha llevado m\u00e1s de 30 obras y coreograf\u00edas a los escenarios internacionales, incluyendo la direcci\u00f3n de proyectos de danza en Cracovia (Polonia), Accra (Ghana), San Jos\u00e9 ( Costa Rica) y Porto Alegre (Brasil).<\/span><\/p>\n<p><span style=\"color: #ffffff;\">Sieczkarek fund\u00f3 su propia compa\u00f1\u00eda en 1998. Recibi\u00f3 el Premio Est\u00edmulo de la regi\u00f3n de Renania del Norte-Westfalia (1996) y el premio Wolfgang-Max-Faust (1999).<\/span><\/p>\n<p>&nbsp;<\/p>\n<p>&nbsp;<\/p>\n<p>[\/vc_column_text][\/vc_column_inner][vc_column_inner width=\u00bb1\/3&#8243;][\/vc_column_inner][\/vc_row_inner][vc_row_inner][vc_column_inner][vc_btn title=\u00bbvolver\u00bb style=\u00bbflat\u00bb color=\u00bbblack\u00bb size=\u00bbxs\u00bb i_icon_fontawesome=\u00bbfa fa-arrow-left\u00bb link=\u00bburl:%2Feu-estive-aqui%2F||\u00bb add_icon=\u00bbtrue\u00bb][\/vc_column_inner][\/vc_row_inner][\/vc_column][\/vc_row][vc_row expanded=\u00bb2&#8243; css=\u00bb.vc_custom_1456927189452{background-color: #000000 !important;}\u00bb][vc_column][\/vc_column][\/vc_row]<\/p>","protected":false},"excerpt":{"rendered":"<p>[vc_row expanded=\u00bb2&#8243; background_style=\u00bbparallax\u00bb css=\u00bb.vc_custom_1456933884573{padding-bottom: 30px !important;}\u00bb background_image=\u00bb11161&#8243;][vc_column][vc_row_inner][vc_column_inner width=\u00bb2\/3&#8243;][section_header use_decoration=\u00bb1&#8243; layout_type=\u00bbsection-heading-thin-border\u00bb main_heading=\u00bbMark Sieczkarek\u00bb color=\u00bb#ffffff\u00bb separator_color=\u00bb#c4aa77&#8243; css=\u00bb.vc_custom_1456927074492{padding-top: 70px !important;padding-bottom: 20px !important;}\u00bb][\/vc_column_inner][vc_column_inner width=\u00bb1\/3&#8243;][\/vc_column_inner][\/vc_row_inner][vc_row_inner][vc_column_inner width=\u00bb2\/3&#8243;][vc_column_text css_animation=\u00bbleft-to-right\u00bb css=\u00bb.vc_custom_1476401147332{padding-bottom: 90px !important;}\u00bb]Naci\u00f3 en 1962 en Inverness, Escocia y estudi\u00f3 desde 1973 hasta 1981 en el Royal Ballet School de Londres. Despu\u00e9s bail\u00f3 con Scapino Ballet en Amsterdam, donde sus primeras coreograf\u00edas surgieran.&hellip;<\/p>\n","protected":false},"author":3,"featured_media":0,"parent":0,"menu_order":0,"comment_status":"closed","ping_status":"closed","template":"fullwidth.php","meta":{"footnotes":""},"class_list":["post-11130","page","type-page","status-publish","hentry"],"_links":{"self":[{"href":"https:\/\/poaciadanca.com.br\/es\/wp-json\/wp\/v2\/pages\/11130","targetHints":{"allow":["GET"]}}],"collection":[{"href":"https:\/\/poaciadanca.com.br\/es\/wp-json\/wp\/v2\/pages"}],"about":[{"href":"https:\/\/poaciadanca.com.br\/es\/wp-json\/wp\/v2\/types\/page"}],"author":[{"embeddable":true,"href":"https:\/\/poaciadanca.com.br\/es\/wp-json\/wp\/v2\/users\/3"}],"replies":[{"embeddable":true,"href":"https:\/\/poaciadanca.com.br\/es\/wp-json\/wp\/v2\/comments?post=11130"}],"version-history":[{"count":1,"href":"https:\/\/poaciadanca.com.br\/es\/wp-json\/wp\/v2\/pages\/11130\/revisions"}],"predecessor-version":[{"id":11470,"href":"https:\/\/poaciadanca.com.br\/es\/wp-json\/wp\/v2\/pages\/11130\/revisions\/11470"}],"wp:attachment":[{"href":"https:\/\/poaciadanca.com.br\/es\/wp-json\/wp\/v2\/media?parent=11130"}],"curies":[{"name":"wp","href":"https:\/\/api.w.org\/{rel}","templated":true}]}}