{"id":9969,"date":"2015-11-10T10:00:16","date_gmt":"2015-11-10T10:00:16","guid":{"rendered":"http:\/\/poaciadanca.com.br\/?page_id=9969"},"modified":"2025-08-14T23:12:19","modified_gmt":"2025-08-15T01:12:19","slug":"olhos-fechados-no-sol","status":"publish","type":"page","link":"https:\/\/poaciadanca.com.br\/en\/olhos-fechados-no-sol\/","title":{"rendered":"OLHOS FECHADOS NO SOL"},"content":{"rendered":"<p>[vc_row expanded=&#8221;2&#8243; background_style=&#8221;parallax&#8221; css=&#8221;.vc_custom_1455460594523{padding-top: 55px !important;padding-bottom: 80px !important;}&#8221; background_image=&#8221;10922&#8243;][vc_column width=&#8221;5\/6&#8243;][vc_single_image image=&#8221;10258&#8243; img_size=&#8221;full&#8221; css_animation=&#8221;appear&#8221; css=&#8221;.vc_custom_1453900349958{margin-bottom: 30px !important;}&#8221;][vc_column_text css_animation=&#8221;left-to-right&#8221;]<\/p>\n<h4><span style=\"color: #ffffff;\">OLHOS ABERTOS NA LUZ PORTO-ALEGRENSE<\/span><\/h4>\n<p style=\"text-align: left;\"><span style=\"color: #ffffff;\">Imagine o prezado leitor um artista europeu, muito sens\u00edvel e muito competente, chegando ao Brasil, casualmente nesta ponta sulina do Brasil, e vendo com seus olhos estrangeiros o que n\u00f3s vemos, ou n\u00e3o vemos, com os nossos acostumados olhos brasileiros. O que ele veria?<\/span><\/p>\n<p style=\"text-align: left;\"><span style=\"color: #ffffff;\">Ele veria a luz linda de Porto Alegre, claro, assim como o verde intenso da cidade, mais os pr\u00e9dios bacanas que o tempo e a nossa displisc\u00eancia n\u00e3o destru\u00edram. Veria tamb\u00e9m a \u00e1gua, essa a\u00ed do lado, rio, estu\u00e1rio ou lago, massa molhada que fez a nossa cidade e que hoje nem aparece para nossas retinas cansadas, ou a mais remota \u00e1gua do mar, aquele por onde vieram colonizadores e para onde vamos descansar nosso ano regulamentar.<\/span><\/p>\n<p style=\"text-align: left;\"><span style=\"color: #ffffff;\">Mas veria tamb\u00e9m a quantidade enorme, humanamente demasiada, de gente pobre pela rua. Mendigos que realmente n\u00e3o t\u00eam aonde ir, ao lado de gente que at\u00e9 poderia ter um rumo, mas que por degrada\u00e7\u00e3o pessoal prefere viver do escasso favor alheio. Gente que se acomoda em qualquer parte, em qualquer canto, e que a gente nem enxerga mais, porque j\u00e1 a consideramos parte da paisagem.<\/span><\/p>\n<p style=\"text-align: left;\"><span style=\"color: #ffffff;\">Mas, calma,\u00a0nosso hipot\u00e9tico artista n\u00e3o est\u00e1 interessado em den\u00fancia banal, dessas que podem ganhar uma manchete ocasional de algum di\u00e1rio e em seguida desaparecem. Ele est\u00e1 interessado em entender, profundamente, como \u00e9 que essas pessoas se mexem, andam, dormem, e como \u00e9 que lidam com as sacolas que carregam \u2014 ele quer entender como \u00e9 o movimento delas, essas coisas di\u00e1rias que o leitor e todo mundo fazem e, como os miser\u00e1veis da cidade, tamb\u00e9m s\u00e3o invis\u00edveis para n\u00f3s.<\/span><\/p>\n<p><span style=\"color: #ffffff;\">Nosso europeu em Porto Alegre quer entender para poder produzir arte. Arte do movimento, no tempo e no espa\u00e7o: ele quer dan\u00e7ar, diante de n\u00f3s, com bailarinos daqui \u2014 da cidade, do estado, de outras partes do Brasil \u2014, um coment\u00e1rio sobre a nossa cidade, o nosso pa\u00eds, a nossa condi\u00e7\u00e3o.<\/span><\/p>\n<p><span style=\"color: #ffffff;\">Claro que ele sabe que entre n\u00f3s, c\u00e1 no Brasil, e eles, l\u00e1 do centro do mundo ocidental, h\u00e1 muitos la\u00e7os de parecen\u00e7a, de parentesco, de paridade. N\u00e3o s\u00f3 os miser\u00e1veis porto-alegrenses estar\u00e3o encenados no espet\u00e1culo, mas n\u00f3s todos, em alguma medida. A vida, no fim das contas, se parece bastante, quando o que est\u00e1 em jogo \u00e9 aquilo que realmente importa.<\/span><\/p>\n<p><span style=\"color: #ffffff;\">Mark Sieczkarek \u00e9 o artista\u00a0europeu que at\u00e9 aqui foi tratado como uma hip\u00f3tese. Escoc\u00eas de nascimento, alem\u00e3o de moradia, cidad\u00e3o do mundo por op\u00e7\u00e3o, ele vem a Porto Alegre no contexto de um projeto que amadurece seu primeiro fruto aqui e agora, no espet\u00e1culo <em>Olhos fechados no sol<\/em>. Concebendo e comandando uma verdadeira interpreta\u00e7\u00e3o da vida que rola bem aqui, em torno de n\u00f3s todos, ele nos oferece o que de melhor a arte pode ser: um mergulho na vida, de que cada um sai mais humano, mais s\u00e1bio, mais fr\u00e1gil em sua condi\u00e7\u00e3o de passageiro da vida, mais forte em sua vis\u00e3o do mundo.<\/span><\/p>\n<p><span style=\"color: #ffffff;\">A hora \u00e9 de aproveitar, abrir bem os olhos e deixar o cora\u00e7\u00e3o ver tudo que a luz pode ensinar, tudo que a dan\u00e7a pode mostrar, tudo que a arte pode fazer viver bem diante de n\u00f3s.<\/span><\/p>\n<p>&nbsp;<\/p>\n<p style=\"text-align: right;\"><span style=\"color: #ffffff;\">Lu\u00eds Augusto Fischer &#8211; escritor, ensa\u00edsta e professor<\/span><\/p>\n<p>[\/vc_column_text][\/vc_column][vc_column width=&#8221;1\/6&#8243;][\/vc_column][\/vc_row][vc_row expanded=&#8221;2&#8243; background_style=&#8221;parallax&#8221; background_image=&#8221;10644&#8243;][vc_column width=&#8221;2\/3&#8243;][section_header use_decoration=&#8221;1&#8243; layout_type=&#8221;section-heading-thin-border&#8221; main_heading=&#8221;Sinopse&#8221; separator_color=&#8221;#c4aa77&#8243; css=&#8221;.vc_custom_1453900209163{padding-top: 50px !important;}&#8221;][vc_column_text css_animation=&#8221;left-to-right&#8221; css=&#8221;.vc_custom_1454102599094{padding-bottom: 450px !important;}&#8221;]OLHOS FECHADOS NO SOL convida seu espectador a mergulhar no universo das sensa\u00e7\u00f5es, da poesia, da m\u00fasica e do movimento. Criado a partir das percep\u00e7\u00f5es e sentimentos do core\u00f3grafo Mark Sieczkarek no seu primeiro contato com Porto Alegre. OLHOS n\u00e3o tenta contar uma hist\u00f3ria, n\u00e3o pretende ser entendido. Em cena est\u00e3o contrastes e paradoxos: homens representando figuras femininas, o lixo se transformando em cen\u00e1rio e figurinos, o vazio da riqueza exterior, a felicidade lado a lado com a tristeza.<\/p>\n<p>Elementos concretos, como as flores, o barco e o futebol, agregados ao movimento dos bailarinos, trazem ao palco o mar, as ondas, a felicidade e a solid\u00e3o. S\u00e3o elementos ordin\u00e1rios que se transformam em arte.[\/vc_column_text][\/vc_column][vc_column width=&#8221;1\/3&#8243;][\/vc_column][\/vc_row][vc_row expanded=&#8221;2&#8243; background_style=&#8221;fixed&#8221; css=&#8221;.vc_custom_1453946880291{padding-top: 50px !important;padding-bottom: 50px !important;background-color: #d3d3d3 !important;}&#8221; background_image=&#8221;10655&#8243;][vc_column width=&#8221;1\/2&#8243;][section_header use_decoration=&#8221;1&#8243; layout_type=&#8221;section-heading-thin-border&#8221; main_heading=&#8221;Cen\u00e1rio&#8221; separator_color=&#8221;#c4aa77&#8243;][vc_column_text]Uma das inspira\u00e7\u00f5es para OLHOS FECHADOS NO SOL foi a usina de reciclagem da <em>Associa\u00e7\u00e3o de Catadores de Materiais Recicl\u00e1veis do Movimento dos Direitos dos Moradores de Rua \u2013 ACMDMR<\/em>, em Porto Alegre, que Mark visitou diversas vezes.\u00a0A experi\u00eancia que o core\u00f3grafo teve em meio aos trabalhadores,\u00a0 rendeu inspira\u00e7\u00e3o para cria\u00e7\u00e3o de um personagem da obra\u00a0 e ajudou no processo de cria\u00e7\u00e3o do cen\u00e1rio e figurinos de OLHOS. \u201cA dignidade que estas pessoas conquistaram trabalhando com lixo, sua for\u00e7a de vontade e alegria de viver s\u00e3o inspiradoras\u201d, disse o core\u00f3grafo.[\/vc_column_text][\/vc_column][vc_column width=&#8221;1\/2&#8243;][section_header use_decoration=&#8221;1&#8243; layout_type=&#8221;section-heading-thin-border&#8221; main_heading=&#8221;Figurino&#8221; separator_color=&#8221;#c4aa77&#8243;][vc_column_text css=&#8221;.vc_custom_1453901233595{padding-bottom: 450px !important;}&#8221;]De forma espont\u00e2nea, acabou formando-se um processo coletivo para a confec\u00e7\u00e3o dos figurinos, adere\u00e7os e cen\u00e1rio. Os recicladores, os bailarinos e muitos colaboradores juntaram-se, em uma for\u00e7a tarefa que exigiu um trabalho artesanal de muitas horas para dar forma as cria\u00e7\u00f5es do core\u00f3grafo. Enquanto os figurinos b\u00e1sicos do espet\u00e1culo s\u00e3o quase iguais, os adere\u00e7os confeccionados com material reciclado individualizam e criam personagens \u00fanicos. Imagens coletadas pela equipe coordenada pelo cineasta Bruno Polidoro, tamb\u00e9m\u00a0 comp\u00f5e o cen\u00e1rio da obra, trazendo desde a for\u00e7a\u00a0 da realidade cotidiana vivida pelos catadores at\u00e9 a poesia do mar, para dentro do espa\u00e7o c\u00eanico.[\/vc_column_text][\/vc_column][\/vc_row][vc_row expanded=&#8221;2&#8243; background_style=&#8221;fixed&#8221; css=&#8221;.vc_custom_1453958843109{padding-top: 50px !important;padding-bottom: 50px !important;background-color: #d3d3d3 !important;}&#8221; background_image=&#8221;10662&#8243;][vc_column width=&#8221;1\/2&#8243;][section_header use_decoration=&#8221;1&#8243; layout_type=&#8221;section-heading-thin-border&#8221; main_heading=&#8221;M\u00fasica&#8221; color=&#8221;#ffffff&#8221; separator_color=&#8221;#c4aa77&#8243;][vc_column_text css_animation=&#8221;appear&#8221;]<span style=\"color: #ffffff;\">No in\u00edcio da trilha sonora de OLHOS FECHADOS NO SOL<em>,<\/em> \u00a0Mahler prenuncia o ambiente on\u00edrico em que os personagens aos poucos v\u00e3o se apresentando. Logo, a trilha montada pelo core\u00f3grafo entra em uma sequ\u00eancia que evidencia a vis\u00e3o de Mark Sieczkarek sobre o Brasil, uma mistura de ritmos brasileiros, melodias estrangeiras, momentos de sil\u00eancio e os sons do mar. Uma simbiose que leva o espectador a uma viagem com os personagens, que as vezes parecem perdidos em um mundo particular e outras vezes se juntam para representar cenas l\u00fadicas ou engra\u00e7adas, como o encontro com o mar, o desfile de carnaval ou o jogo de futebol.<\/span>[\/vc_column_text][\/vc_column][vc_column width=&#8221;1\/2&#8243;][section_header use_decoration=&#8221;1&#8243; layout_type=&#8221;section-heading-thin-border&#8221; main_heading=&#8221;Ilumina\u00e7\u00e3o&#8221; color=&#8221;#ffffff&#8221; separator_color=&#8221;#c4aa77&#8243;][vc_column_text css_animation=&#8221;appear&#8221; css=&#8221;.vc_custom_1453957400267{padding-bottom: 450px !important;}&#8221;]<span style=\"color: #ffffff;\">A luz do espet\u00e1culo, um trabalho primoroso desenvolvido por Maur\u00edcio Moura e Fabr\u00edcio Sim\u00f5es, ajuda a nos transportar para os diferentes estados de espir\u00edto que nos acometem quando vivemos em grandes centros. Mas tamb\u00e9m faz com que objetos ordin\u00e1rios brilhem e se transformem, nos trazendo a suspeita de mesmo com os olhos abertos podemos estar deixando de ver muitas coisas que est\u00e3o a nossa volta.<\/span>[\/vc_column_text][\/vc_column][\/vc_row][vc_row expanded=&#8221;2&#8243; background_style=&#8221;fixed&#8221; css=&#8221;.vc_custom_1453895773459{padding-top: 65px !important;padding-bottom: 50px !important;background-color: #3f3f3f !important;}&#8221; background_image=&#8221;10532&#8243;][vc_column width=&#8221;1\/6&#8243;]<div id=\"module_dt_iconboxes_1\" class=\"module_dt_iconboxes\"><div class=\"dt-iconboxes-5 layout-5\" >\r\n                        <div class=\"dt-section-icon hi-icon-wrap hi-icon-effect-5 hi-icon-effect-5a\"><a target='_self' href='https:\/\/poaciadanca.com.br\/olhos-fechados-no-sol-fotos-2'><i class=\"hi-icon icon-camera-outline\"><\/i><\/a><\/div>\r\n                        <h4><\/h4><div class=\"dt-iconboxes-text\"><h4 style=\"text-align: center;\"><span style=\"color: #ffffff;\"><a style=\"color: #ffffff;\" href=\"https:\/\/poaciadanca.com.br\/olhos-fechados-no-sol-fotos-2\"><strong>FOTOGRAFIAS<\/strong><\/a><\/span><\/h4>\n<\/div>\r\n                        <\/div><\/div>[\/vc_column][vc_column width=&#8221;1\/6&#8243;]<div id=\"module_dt_iconboxes_2\" class=\"module_dt_iconboxes\"><div class=\"dt-iconboxes-5 layout-5\" >\r\n                        <div class=\"dt-section-icon hi-icon-wrap hi-icon-effect-5 hi-icon-effect-5a\"><a target='_blank' href='http:\/\/poaciadanca.com.br\/olhos-fechados-no-sol-video-clip\/'><i class=\"hi-icon icon-movie\"><\/i><\/a><\/div>\r\n                        <h4><\/h4><div class=\"dt-iconboxes-text\"><h4 style=\"text-align: center;\"><span style=\"color: #ffffff;\"><strong>V\u00cdDEO CLIP<\/strong><\/span><\/h4>\n<\/div>\r\n                        <\/div><\/div>[\/vc_column][vc_column width=&#8221;1\/6&#8243;]<div id=\"module_dt_iconboxes_3\" class=\"module_dt_iconboxes\"><div class=\"dt-iconboxes-5 layout-5\" >\r\n                        <div class=\"dt-section-icon hi-icon-wrap hi-icon-effect-5 hi-icon-effect-5a\"><a target='_self' href='\/olhos-fechados-no-sol-coreografo\/'><i class=\"hi-icon icon-feather\"><\/i><\/a><\/div>\r\n                        <h4><\/h4><div class=\"dt-iconboxes-text\"><h4 style=\"text-align: center;\"><span style=\"color: #ffffff;\"><strong><a style=\"color: #ffffff;\" href=\"\/olhos-fechados-no-sol-coreografo\/\">CORE\u00d3GRAFO<\/a><\/strong><\/span><\/h4>\n<\/div>\r\n                        <\/div><\/div>[\/vc_column][vc_column width=&#8221;1\/6&#8243;]<div id=\"module_dt_iconboxes_4\" class=\"module_dt_iconboxes\"><div class=\"dt-iconboxes-5 layout-5\" >\r\n                        <div class=\"dt-section-icon hi-icon-wrap hi-icon-effect-5 hi-icon-effect-5a\"><a target='_self' href='http:\/\/poaciadanca.com.br\/olhos-fechados-no-sol-ficha-tecnica\/'><i class=\"hi-icon icon-star-8\"><\/i><\/a><\/div>\r\n                        <h4><\/h4><div class=\"dt-iconboxes-text\"><h4 style=\"text-align: center;\"><span style=\"color: #ffffff;\"><strong>FICHA T\u00c9CNICA<\/strong><\/span><\/h4>\n<\/div>\r\n                        <\/div><\/div>[\/vc_column][vc_column width=&#8221;1\/6&#8243;]<div id=\"module_dt_iconboxes_5\" class=\"module_dt_iconboxes\"><div class=\"dt-iconboxes-5 layout-5\" >\r\n                        <div class=\"dt-section-icon hi-icon-wrap hi-icon-effect-5 hi-icon-effect-5a\"><a target='_blank' href='http:\/\/poaciadanca.com.br\/wp-content\/uploads\/2016\/03\/Livro-PORTO-ALEGRE-CIA-DE-DANCA-Primeiro-Ato.pdf'><i class=\"hi-icon icon-download-cloud\"><\/i><\/a><\/div>\r\n                        <h4><\/h4><div class=\"dt-iconboxes-text\"><h4 style=\"text-align: center;\"><span style=\"color: #ffffff;\"><strong><a style=\"color: #ffffff;\" href=\"http:\/\/poaciadanca.com.br\/wp-content\/uploads\/2016\/03\/Livro-PORTO-ALEGRE-CIA-DE-DANCA-Primeiro-Ato.pdf\" target=\"_blank\">LIVRO<\/a><\/strong><\/span><\/h4>\n<\/div>\r\n                        <\/div><\/div>[\/vc_column][vc_column width=&#8221;1\/6&#8243;]<div id=\"module_dt_iconboxes_6\" class=\"module_dt_iconboxes\"><div class=\"dt-iconboxes-5 layout-5\" >\r\n                        <div class=\"dt-section-icon hi-icon-wrap hi-icon-effect-5 hi-icon-effect-5a\"><a target='_blank' href='http:\/\/poaciadanca.com.br\/necessidades-tecnicas_OLHOS_FECHADOS_NO_SOL.pdf'><i class=\"hi-icon icon-info-1\"><\/i><\/a><\/div>\r\n                        <h4><\/h4><div class=\"dt-iconboxes-text\"><h4 style=\"text-align: center;\"><span style=\"color: #ffffff;\"><strong><a style=\"color: #ffffff;\" href=\"http:\/\/poaciadanca.com.br\/necessidades-tecnicas_OLHOS_FECHADOS_NO_SOL.pdf\" target=\"_blank\">INFORMA\u00c7\u00d5ES T\u00c9CNICAS<\/a><\/strong><\/span><\/h4>\n<\/div>\r\n                        <\/div><\/div>[\/vc_column][\/vc_row][vc_column][vc_row_inner][vc_column_inner][\/vc_column_inner][\/vc_row_inner][\/vc_column][vc_row css=&#8221;.vc_custom_1453896610133{padding-top: 50px !important;padding-bottom: 50px !important;}&#8221;][vc_column][vc_row_inner css=&#8221;.vc_custom_1453896630392{padding-bottom: 15px !important;}&#8221;][vc_column_inner][section_header use_decoration=&#8221;1&#8243; layout_type=&#8221;section-heading-thin-border&#8221; main_heading=&#8221;Outros Espet\u00e1culos&#8221; separator_color=&#8221;#c4aa77&#8243;][\/vc_column_inner][\/vc_row_inner][vc_row_inner][vc_column_inner width=&#8221;1\/6&#8243;][\/vc_column_inner][vc_column_inner width=&#8221;1\/6&#8243;][\/vc_column_inner][vc_column_inner width=&#8221;1\/6&#8243;][vc_single_image image=&#8221;10519&#8243; img_size=&#8221;full&#8221; onclick=&#8221;custom_link&#8221; css_animation=&#8221;appear&#8221; image_hover=&#8221;text&#8221; link=&#8221;http:\/\/poaciadanca.com.br\/as-unicas-coisas-eternas-sao-as-nuvens\/&#8221;][\/vc_column_inner][vc_column_inner width=&#8221;1\/6&#8243;][vc_single_image image=&#8221;10528&#8243; img_size=&#8221;full&#8221; onclick=&#8221;custom_link&#8221; css_animation=&#8221;appear&#8221; image_hover=&#8221;text&#8221; link=&#8221;http:\/\/poaciadanca.com.br\/eu-estive-aqui\/&#8221;][\/vc_column_inner][vc_column_inner width=&#8221;1\/6&#8243;][\/vc_column_inner][vc_column_inner width=&#8221;1\/6&#8243;][\/vc_column_inner][\/vc_row_inner][\/vc_column][\/vc_row]<\/p>\n","protected":false},"excerpt":{"rendered":"<p>[vc_row expanded=&#8221;2&#8243; background_style=&#8221;parallax&#8221; css=&#8221;.vc_custom_1455460594523{padding-top: 55px !important;padding-bottom: 80px !important;}&#8221; background_image=&#8221;10922&#8243;][vc_column width=&#8221;5\/6&#8243;][vc_single_image image=&#8221;10258&#8243; img_size=&#8221;full&#8221; css_animation=&#8221;appear&#8221; css=&#8221;.vc_custom_1453900349958{margin-bottom: 30px !important;}&#8221;][vc_column_text css_animation=&#8221;left-to-right&#8221;] OLHOS ABERTOS NA LUZ PORTO-ALEGRENSE Imagine o prezado leitor um artista europeu, muito sens\u00edvel e muito competente, chegando ao Brasil, casualmente nesta ponta sulina do Brasil, e vendo com seus olhos estrangeiros o que n\u00f3s vemos, ou n\u00e3o&hellip;<\/p>\n","protected":false},"author":1,"featured_media":0,"parent":0,"menu_order":0,"comment_status":"closed","ping_status":"closed","template":"fullwidth.php","meta":{"footnotes":""},"class_list":["post-9969","page","type-page","status-publish","hentry"],"_links":{"self":[{"href":"https:\/\/poaciadanca.com.br\/en\/wp-json\/wp\/v2\/pages\/9969","targetHints":{"allow":["GET"]}}],"collection":[{"href":"https:\/\/poaciadanca.com.br\/en\/wp-json\/wp\/v2\/pages"}],"about":[{"href":"https:\/\/poaciadanca.com.br\/en\/wp-json\/wp\/v2\/types\/page"}],"author":[{"embeddable":true,"href":"https:\/\/poaciadanca.com.br\/en\/wp-json\/wp\/v2\/users\/1"}],"replies":[{"embeddable":true,"href":"https:\/\/poaciadanca.com.br\/en\/wp-json\/wp\/v2\/comments?post=9969"}],"version-history":[{"count":1,"href":"https:\/\/poaciadanca.com.br\/en\/wp-json\/wp\/v2\/pages\/9969\/revisions"}],"predecessor-version":[{"id":15838,"href":"https:\/\/poaciadanca.com.br\/en\/wp-json\/wp\/v2\/pages\/9969\/revisions\/15838"}],"wp:attachment":[{"href":"https:\/\/poaciadanca.com.br\/en\/wp-json\/wp\/v2\/media?parent=9969"}],"curies":[{"name":"wp","href":"https:\/\/api.w.org\/{rel}","templated":true}]}}