{"id":11143,"date":"2016-03-02T12:53:28","date_gmt":"2016-03-02T14:53:28","guid":{"rendered":"http:\/\/poaciadanca.com.br\/?page_id=11143"},"modified":"2016-10-14T00:01:11","modified_gmt":"2016-10-14T02:01:11","slug":"olhos-fechados-no-sol-coreografo","status":"publish","type":"page","link":"https:\/\/poaciadanca.com.br\/en\/olhos-fechados-no-sol-coreografo\/","title":{"rendered":"Olhos Fechados no Sol &#8211; Coreografo"},"content":{"rendered":"<p>[vc_row expanded=&#8221;2&#8243; css=&#8221;.vc_custom_1457017130870{padding-bottom: 90px !important;}&#8221; background_image=&#8221;11185&#8243;][vc_column][vc_row_inner][vc_column_inner width=&#8221;2\/3&#8243;][section_header use_decoration=&#8221;1&#8243; layout_type=&#8221;section-heading-thin-border&#8221; main_heading=&#8221;Mark Sieczkarek&#8221; color=&#8221;#ffffff&#8221; separator_color=&#8221;#c4aa77&#8243; css=&#8221;.vc_custom_1456930572762{padding-top: 70px !important;padding-bottom: 20px !important;}&#8221;][\/vc_column_inner][vc_column_inner width=&#8221;1\/3&#8243;][\/vc_column_inner][\/vc_row_inner][vc_row_inner][vc_column_inner][vc_column_text css_animation=&#8221;left-to-right&#8221; css=&#8221;.vc_custom_1457008141110{padding-bottom: 90px !important;}&#8221;]<\/p>\n<div class=\"wpb_column vc_column_container vc_col-sm-8\">\n<div class=\"wpb_wrapper\">\n<div class=\"wpb_text_column wpb_content_element vc_custom_1456927961243\">\n<div class=\"wpb_wrapper\">\n<p><span style=\"color: #ffffff;\">Nasceu em 1962, em Inverness, Esc\u00f3cia. <\/span><\/p>\n<p><span style=\"color: #ffffff;\">Entre 1973 e 1981, estudou no Royal Ballet School, em Londres. <\/span><\/p>\n<p><span style=\"color: #ffffff;\">Tornou-se bailarino no Scapino Ballet, em Amsterd\u00e3, onde criou suas primeiras coreografias. <\/span><\/p>\n<p><span style=\"color: #ffffff;\">Entre 1983 e 1985, dan\u00e7ou no grupo Penta Theater de Rotterdam e nos anos 1985-1988, no Tanztheater Wuppertal, dirigido por Pina Bausch. <\/span><\/p>\n<p><span style=\"color: #ffffff;\">Desde 1988 trabalha como bailarino e core\u00f3grafo aut\u00f4nomo. Criou diversas coreografias em parceria com o Folkwang Tanzstudio da cidade de Essen, a Deutsche Oper am Rhein em D\u00fcsseldorf, Kampnagel de Hamburg, o tanzhaus nrw, o Choreographisches Zentrum em Essen. <\/span><\/p>\n<p><span style=\"color: #ffffff;\">Em 1996, recebeu o F\u00f6rderpreis des Landes Nordrhein-Westfalen (Pr\u00eamio Est\u00edmulo do Estado de Nordrhein-Westfalen). <\/span><\/p>\n<p><span style=\"color: #ffffff;\">Fundou, em 1998, sua pr\u00f3pria Companhia e entre 2001 e 2004 atuou como core\u00f3grafo do Ringlokschuppen em M\u00fclheim an der Ruhr. <\/span><\/p>\n<p><span style=\"color: #ffffff;\">Suas ultimas tr\u00eas produ\u00e7\u00f5es foram feitas no Folkwang Museum em Essen. <\/span><\/p>\n<p><span style=\"color: #ffffff;\">Em sua trajet\u00f3ria t\u00eam mais de 30 obras j\u00e1 apresentadas em quase todos pa\u00edses europeus, \u00c1frica, Am\u00e9rica do Sul e Am\u00e9rica Central. Ministrou workshops em Alemanha, Pol\u00f4nia, Esc\u00f3cia, Ghana, Brasil, Venezuela e Costa Rica. <\/span><\/p>\n<p><span style=\"color: #ffffff;\">Em suas ultimas produ\u00e7\u00f5es tem atuado como bailarino e tamb\u00e9m criado seus cen\u00e1rios e figurinos. <\/span><\/p>\n<p><span style=\"color: #ffffff;\">Em 2008 esteve por primeira vez em Porto Alegre para montar o espet\u00e1culo <i>OLHOS FECHADOS NO SOL. <\/i><\/span><\/p>\n<p><span style=\"color: #ffffff;\">Tamb\u00e9m criou para a Companhia a obra EU ESTIVE AQUI.<\/span><\/p>\n<\/div>\n<\/div>\n<\/div>\n<\/div>\n<p>[\/vc_column_text][\/vc_column_inner][\/vc_row_inner][vc_row_inner][vc_column_inner][\/vc_column_inner][\/vc_row_inner][\/vc_column][\/vc_row][vc_row expanded=&#8221;2&#8243; css=&#8221;.vc_custom_1456931616619{padding-bottom: 20px !important;background-color: #000000 !important;}&#8221;][vc_column][vc_btn title=&#8221;back&#8221; style=&#8221;flat&#8221; color=&#8221;black&#8221; size=&#8221;xs&#8221; i_icon_fontawesome=&#8221;fa fa-arrow-left&#8221; link=&#8221;url:%2Folhos-fechados-no-sol%2F||&#8221; add_icon=&#8221;true&#8221; css=&#8221;.vc_custom_1476410347187{padding-top: 50px !important;}&#8221;][\/vc_column][\/vc_row]<\/p>","protected":false},"excerpt":{"rendered":"<p>[vc_row expanded=&#8221;2&#8243; css=&#8221;.vc_custom_1457017130870{padding-bottom: 90px !important;}&#8221; background_image=&#8221;11185&#8243;][vc_column][vc_row_inner][vc_column_inner width=&#8221;2\/3&#8243;][section_header use_decoration=&#8221;1&#8243; layout_type=&#8221;section-heading-thin-border&#8221; main_heading=&#8221;Mark Sieczkarek&#8221; color=&#8221;#ffffff&#8221; separator_color=&#8221;#c4aa77&#8243; css=&#8221;.vc_custom_1456930572762{padding-top: 70px !important;padding-bottom: 20px !important;}&#8221;][\/vc_column_inner][vc_column_inner width=&#8221;1\/3&#8243;][\/vc_column_inner][\/vc_row_inner][vc_row_inner][vc_column_inner][vc_column_text css_animation=&#8221;left-to-right&#8221; css=&#8221;.vc_custom_1457008141110{padding-bottom: 90px !important;}&#8221;] Nasceu em 1962, em Inverness, Esc\u00f3cia. Entre 1973 e 1981, estudou no Royal Ballet School, em Londres. Tornou-se bailarino no Scapino Ballet, em Amsterd\u00e3, onde criou suas primeiras coreografias. Entre 1983 e&hellip;<\/p>\n","protected":false},"author":3,"featured_media":0,"parent":0,"menu_order":0,"comment_status":"closed","ping_status":"closed","template":"fullwidth.php","meta":{"footnotes":""},"class_list":["post-11143","page","type-page","status-publish","hentry"],"_links":{"self":[{"href":"https:\/\/poaciadanca.com.br\/en\/wp-json\/wp\/v2\/pages\/11143","targetHints":{"allow":["GET"]}}],"collection":[{"href":"https:\/\/poaciadanca.com.br\/en\/wp-json\/wp\/v2\/pages"}],"about":[{"href":"https:\/\/poaciadanca.com.br\/en\/wp-json\/wp\/v2\/types\/page"}],"author":[{"embeddable":true,"href":"https:\/\/poaciadanca.com.br\/en\/wp-json\/wp\/v2\/users\/3"}],"replies":[{"embeddable":true,"href":"https:\/\/poaciadanca.com.br\/en\/wp-json\/wp\/v2\/comments?post=11143"}],"version-history":[{"count":2,"href":"https:\/\/poaciadanca.com.br\/en\/wp-json\/wp\/v2\/pages\/11143\/revisions"}],"predecessor-version":[{"id":11485,"href":"https:\/\/poaciadanca.com.br\/en\/wp-json\/wp\/v2\/pages\/11143\/revisions\/11485"}],"wp:attachment":[{"href":"https:\/\/poaciadanca.com.br\/en\/wp-json\/wp\/v2\/media?parent=11143"}],"curies":[{"name":"wp","href":"https:\/\/api.w.org\/{rel}","templated":true}]}}