{"id":9978,"date":"2015-11-10T10:18:32","date_gmt":"2015-11-10T10:18:32","guid":{"rendered":"http:\/\/poaciadanca.com.br\/?page_id=9978"},"modified":"2025-08-14T23:24:37","modified_gmt":"2025-08-15T01:24:37","slug":"as-unicas-coisas-eternas-sao-as-nuvens","status":"publish","type":"page","link":"http:\/\/poaciadanca.com.br\/es\/as-unicas-coisas-eternas-sao-as-nuvens\/","title":{"rendered":"LAS \u00daNICAS COSAS ETERNAS SON LAS NUBES"},"content":{"rendered":"<p>[vc_row expanded=\u00bb2&#8243; background_style=\u00bbparallax\u00bb css=\u00bb.vc_custom_1453885273328{padding-top: 55px !important;padding-bottom: 80px !important;background-color: #000000 !important;}\u00bb background_image=\u00bb9995&#8243;][vc_column width=\u00bb2\/3&#8243;][vc_single_image image=\u00bb10861&#8243; img_size=\u00bbfull\u00bb css_animation=\u00bbappear\u00bb][vc_column_text css_animation=\u00bbleft-to-right\u00bb css=\u00bb.vc_custom_1454084653976{padding-right: 40px !important;}\u00bb]<span style=\"color: #ffffff;\">AS \u00daNICAS COISAS ETERNAS S\u00c3O AS NUVENS \u00e9 um espet\u00e1culo de dan\u00e7a que cultiva o poder sint\u00e9tico das imagens, met\u00e1foras, associa\u00e7\u00f5es ins\u00f3litas e outros tantos recursos da poesia de uma das mais extraordin\u00e1rias figuras no campo da express\u00e3o liter\u00e1ria nacional, o poeta Mario Quintana.<\/span><\/p>\n<p><span style=\"color: #ffffff;\">No palco encontram-se seres m\u00edticos, os anjos de Quintana, que ao som da voz de seu criador e de m\u00fasicas que o inspiraram transitam por situa\u00e7\u00f5es cotidianas. Vivenciam opostos, t\u00e3o presentes no Butoh, como a beleza e a decrepitude, a simplicidade e a complexidade, o c\u00f4mico e o tr\u00e1gico; e desta forma l\u00fadica, atrav\u00e9s da poesia, transportam o expectador para um mundo m\u00e1gico, muito al\u00e9m das dualidades.<\/span><\/p>\n<p><span style=\"color: #ffffff;\">Um espet\u00e1culo delicado e esteticamente marcante, que incorpora a dan\u00e7a BUTOH como forma de dar vida aos personagens extra\u00eddos do universo das obras do poeta cuja genialidade l\u00edrica \u00e9 expressa de forma simples e acess\u00edvel.<br \/>\n<\/span><\/p>\n<p><span style=\"color: #ffffff;\">Na vis\u00e3o oriental expressa na dan\u00e7a Butoh o int\u00e9rprete n\u00e3o dan\u00e7a somente para si, mas para reviver algo muito maior. O convite \u00e9 para que o p\u00fablico seja envolvido e mergulhe tamb\u00e9m nesta aventura.<\/span>[\/vc_column_text][\/vc_column][vc_column width=\u00bb1\/3&#8243;][\/vc_column][\/vc_row][vc_row expanded=\u00bb2&#8243; background_style=\u00bbparallax\u00bb css=\u00bb.vc_custom_1453886259198{padding-bottom: 70px !important;}\u00bb background_image=\u00bb10586&#8243;][vc_column width=\u00bb2\/3&#8243;][section_header use_decoration=\u00bb1&#8243; layout_type=\u00bbsection-heading-thin-border\u00bb main_heading=\u00bbSinopse\u00bb separator_color=\u00bb#c4aa77&#8243; css=\u00bb.vc_custom_1453885396819{padding-top: 50px !important;}\u00bb][vc_column_text css=\u00bb.vc_custom_1476327986498{padding-right: 10px !important;}\u00bb]<\/p>\n<div id=\"pageContainer1\" class=\"page\" data-page-number=\"1\" data-loaded=\"true\">\n<div class=\"textLayer\">\n<p>O espet\u00e1culo AS \u00daNICAS COISAS ETERNAS S\u00c3O AS NUVENS prop\u00f5e uma viagem coreogr\u00e1fica pela obra do poeta Mario Quintana, atrav\u00e9s da dan\u00e7a Butoh. J\u00e1 como t\u00edtulo traz esta ep\u00edgrafe do poeta que se refere ao tempo, remete ao ciclo da \u00e1gua, \u00e0s mudan\u00e7as que acontecem acompanhando a passagem das nuvens, eternas a cada instante.<\/p>\n<p>Conta o core\u00f3grafo Jo\u00e3o Butoh: \u201cDesde crian\u00e7a recorto poemas e versos de Mario Quintana de jornais e revistas que eu encontro. Esses recortes vindos do universo da obra do poeta possibilitam outros recortes os quais tomo emprestado para a minha dan\u00e7a, para o meu universo t\u00e3o inspirado nesses pequenos detalhes e fragmentos que colecionei por toda a minha vida\u201d. Desta rela\u00e7\u00e3o do core\u00f3grafo com a obra do poeta que escreveu sobre as coisas simples da vida e do encontro com a Porto Alegre Cia de Dan\u00e7a, nasceu AS \u00daNICAS COISAS ETERNAS S\u00c3O AS NUVENS. Um espet\u00e1culo capturado nas imagens emocionais da poesia. Um mergulho na origem da express\u00e3o.<\/p>\n<p>Em qual recanto do cora\u00e7\u00e3o arrebatado pelo canto po\u00e9tico surge a inten\u00e7\u00e3o da dan\u00e7a? Quando os versos do poeta entram em resson\u00e2ncia com a alma, emerge um movimento sutil, \u00a0profundo e que alcan\u00e7a o mundo exterior pela mobilidade ou at\u00e9 mesmo pela imobilidade dos gestos corporais. Uma express\u00e3o t\u00e3o al\u00e9m das ideias, impenetr\u00e1veis neste reino. Uma explos\u00e3o sensorial. AS \u00daNICAS COISAS ETERNAS S\u00c3O AS NUVENS dan\u00e7a a poesia e os bailarinos se entregam \u00e0 inoc\u00eancia e simplicidade deste encontro, guiados pelas m\u00e3os do core\u00f3grafo Jo\u00e3o Butoh e pela pr\u00f3pria voz do Mestre Mario Quintana entoando seus poemas.<\/p><\/div>\n<\/div>\n<p>[\/vc_column_text][\/vc_column][vc_column width=\u00bb1\/3&#8243;][\/vc_column][\/vc_row][vc_row expanded=\u00bb2&#8243; background_style=\u00bbfixed\u00bb css=\u00bb.vc_custom_1453888680046{padding-top: 50px !important;padding-bottom: 50px !important;background-color: #d3d3d3 !important;}\u00bb background_image=\u00bb10595&#8243;][vc_column width=\u00bb1\/2&#8243;][section_header use_decoration=\u00bb1&#8243; layout_type=\u00bbsection-heading-thin-border\u00bb main_heading=\u00bbCen\u00e1rio\u00bb color=\u00bb#ffffff\u00bb separator_color=\u00bb#c4aa77&#8243;][vc_column_text css_animation=\u00bbappear\u00bb css=\u00bb.vc_custom_1476330404949{padding-bottom: 450px !important;}\u00bb]<\/p>\n<p style=\"text-align: left;\"><span style=\"color: #ffffff;\">Em um velho s\u00f3t\u00e3o se encontram o criador e suas cria\u00e7\u00f5es. Neste lugar, perdido no tempo, o poeta Quintana conversa com seus anjos. Juntos trazem \u00e0 cena aqueles elementos t\u00e3o recorrentes em sua obra: o ba\u00fa, livros, cataventos, lampi\u00f5es, sapatos, bonecas, p\u00e1ssaros. O visual do espet\u00e1culo, cheio de surpresas,\u00a0 produz a sensa\u00e7\u00e3o de se estar folheando um livro vivo de ilustra\u00e7\u00f5es em terceira dimens\u00e3o, do universo da obra de Quintana.<\/span><\/p>\n<p style=\"text-align: justify;\"><span style=\"color: #ffffff;\"><strong>O TEMPO E O VENTO<\/strong> \u00a0 \u00a0 \u00a0 *para \u00c9rico Ver\u00edssimo<\/span><\/p>\n<p><span style=\"color: #ffffff;\">Havia uma escada que parava de repente no ar<\/span><br \/>\n<span style=\"color: #ffffff;\"> Havia uma porta que dava para n\u00e3o se sabia o qu\u00ea<\/span><br \/>\n<span style=\"color: #ffffff;\"> Havia um rel\u00f3gio onde a morte tricotava o tempo<\/span><br \/>\n<span style=\"color: #ffffff;\"> Mas havia um arroio correndo entre os dedos<\/span><br \/>\n<span style=\"color: #ffffff;\"> buli\u00e7osos dos p\u00e9s<\/span><br \/>\n<span style=\"color: #ffffff;\"> E p\u00e1ssaros pousados nas pautas dos fios do tel\u00e9grafo<\/span><br \/>\n<span style=\"color: #ffffff;\"> E vento!<\/span><br \/>\n<span style=\"color: #ffffff;\"> O vento que vinha desde o princ\u00edpio do mundo<\/span><br \/>\n<span style=\"color: #ffffff;\"> Estava brincando com teus cabelos<\/span><\/p>\n<p><span style=\"color: #ffffff;\">(Mario Quintana do livro Apontamentos de Hist\u00f3ria Sobrenatural)<\/span>[\/vc_column_text][\/vc_column][vc_column width=\u00bb1\/2&#8243;][section_header use_decoration=\u00bb1&#8243; layout_type=\u00bbsection-heading-thin-border\u00bb main_heading=\u00bbFigurino\u00bb color=\u00bb#ffffff\u00bb separator_color=\u00bb#c4aa77&#8243;][vc_column_text css_animation=\u00bbappear\u00bb]<\/p>\n<p style=\"text-align: right;\"><span style=\"color: #ffffff;\">Os anjos do poeta Mario Quintana, como camale\u00f5es, v\u00e3o se transformando durante o espet\u00e1culo. Seguem os humores e sentimentos de seu Mestre, trocando vestimentas conforme surgem os novos sonhos, as mem\u00f3rias e os desejos do poeta. A maquiagem branca, t\u00edpica da dan\u00e7a butoh, completa est\u00e9ticamente\u00a0 o figurino que apresenta desde floridos vestidos pintados a m\u00e3o at\u00e9 kimonos estilizados que remetem a cultura oriental.<\/span><\/p>\n<p style=\"text-align: right;\"><span style=\"color: #ffffff;\"><strong>\u00a0CAN\u00c7\u00c3O DE BARCO E DE OLVIDO<\/strong> &#8211; trecho \u00a0 \u00a0 \u00a0 \u00a0*para Augusto Meyer<\/span><\/p>\n<p style=\"text-align: right;\"><span style=\"color: #ffffff;\">Ai esquinas esquecidas&#8230;<\/span><br \/>\n<span style=\"color: #ffffff;\">Ai lampi\u00f5es de fins de linha&#8230;<\/span><br \/>\n<span style=\"color: #ffffff;\">Quem me abana das antigas<\/span><br \/>\n<span style=\"color: #ffffff;\">Janelas de guilhotina?<\/span><br \/>\n<span style=\"color: #ffffff;\">Que eu vou passando e passando,<\/span><br \/>\n<span style=\"color: #ffffff;\">Como em busca de outros ares&#8230;<\/span><br \/>\n<span style=\"color: #ffffff;\">Sempre de barco passando,<\/span><br \/>\n<span style=\"color: #ffffff;\">Cantando os meus quintanares&#8230;<\/span><br \/>\n<span style=\"color: #ffffff;\">No mesmo instante olvidando<\/span><br \/>\n<span style=\"color: #ffffff;\">Tudo o de que te lembrares.<\/span><\/p>\n<p style=\"text-align: right;\"><span style=\"color: #ffffff;\">(Mario Quintana do livro Can\u00e7\u00f5es)<\/span><\/p>\n<p>[\/vc_column_text][\/vc_column][\/vc_row][vc_row expanded=\u00bb2&#8243; background_style=\u00bbfixed\u00bb css=\u00bb.vc_custom_1453890749838{padding-top: 50px !important;padding-bottom: 50px !important;background-color: #d3d3d3 !important;}\u00bb background_image=\u00bb10599&#8243;][vc_column width=\u00bb1\/2&#8243;][section_header use_decoration=\u00bb1&#8243; layout_type=\u00bbsection-heading-thin-border\u00bb main_heading=\u00bbM\u00fasica\u00bb color=\u00bb#ffffff\u00bb separator_color=\u00bb#c4aa77&#8243;][vc_column_text css_animation=\u00bbappear\u00bb]<span style=\"color: #ffffff;\">A trilha do espet\u00e1culo traz desde m\u00fasicas eruditas at\u00e9 m\u00fasicas do folclore brasileiro e ainda m\u00fasicas da \u00e9poca de Quintana. O ponto alto da trilha s\u00e3o poemas que o poeta declama com sua voz e que regem os movimentos dos bailarinos. Uma trilha feita para impactar, emocionar, para chegar ao cora\u00e7\u00e3o de cada espectador e fazer com que cada um acesse a poesia presente em sua pr\u00f3pria exist\u00eancia.<\/span><\/p>\n<p><span style=\"color: #ffffff;\">Como t\u00e3o bem colocou Elena Quintana: \u00abAcho que a obra do Mario Quintana \u00e9 extremamente r\u00edtmica e musical, por isso a ideia n\u00e3o \u00e9 nenhuma loucura, \u00e9 mais um desafio. Por si s\u00f3, a poesia j\u00e1 tem ritmo, j\u00e1 tem sua pr\u00f3pria musicalidade. E a proposta da Cia de Dan\u00e7a \u00e9 justamente utilizar esse ponto, trabalhar a poesia com este foco.\u00bb<\/span><\/p>\n<p><span style=\"color: #ffffff;\"><strong>INSTRUMENTO<\/strong><\/span><\/p>\n<p><span style=\"color: #ffffff;\">Imposs\u00edvel fazer um poema neste momento.<\/span><\/p>\n<p><span style=\"color: #ffffff;\">N\u00e3o, minha filha, eu n\u00e3o sou a m\u00fasica sou o instrumento.<\/span><\/p>\n<p><span style=\"color: #ffffff;\">Sou, talvez, dessas m\u00e1scaras ocas num arruinado monumento:<\/span><\/p>\n<p><span style=\"color: #ffffff;\">empresto palavras loucas \u00e0 voz dispersa do vento&#8230;<\/span><\/p>\n<p><span style=\"color: #ffffff;\">(Mario Quintana do livro Apontamentos de Hist\u00f3ria Sobrenatural)<\/span>[\/vc_column_text][\/vc_column][vc_column width=\u00bb1\/2&#8243;][section_header use_decoration=\u00bb1&#8243; layout_type=\u00bbsection-heading-thin-border\u00bb main_heading=\u00bbIlumina\u00e7\u00e3o\u00bb color=\u00bb#ffffff\u00bb separator_color=\u00bb#c4aa77&#8243;][vc_column_text css_animation=\u00bbappear\u00bb css=\u00bb.vc_custom_1476331039175{padding-bottom: 450px !important;}\u00bb]<\/p>\n<div data-canvas-width=\"632.9836072560485\">\n<p style=\"text-align: right;\"><span style=\"color: #ffffff;\">Colaborando para criar um ambiente m\u00e1gico de melodias e movimento, temos a ilumina\u00e7\u00e3o de Maur\u00edcio Moura. O iluminador tamb\u00e9m se deixa guiar pelo Mestre Quintana, mergulha em suas palavras e oferece ao espectador todas as nuances poss\u00edveis para que as entrelinhas da\u00a0 poesia do poeta tamb\u00e9m sejam reveladas.<\/span><\/p>\n<\/div>\n<p>&nbsp;<\/p>\n<p>&nbsp;<\/p>\n<div data-canvas-width=\"632.9836072560485\">\n<p style=\"text-align: right;\"><span style=\"color: #ffffff;\"><strong>XVI<\/strong> &#8211; trecho \u00a0 \u00a0*para Nilo Milano<\/span><\/p>\n<p style=\"text-align: right;\"><span style=\"color: #ffffff;\">\u00a0&#8230; Por que \u00e9 que esses Arcanjos neurast\u00eanicos<\/span><\/p>\n<p style=\"text-align: right;\"><span style=\"color: #ffffff;\">S\u00f3 usam n\u00e9voa em seus efeitos c\u00eanicos?<\/span><\/p>\n<p style=\"text-align: right;\"><span style=\"color: #ffffff;\">Nenhum azul para te distra\u00edres&#8230;<\/span><\/p>\n<p style=\"text-align: right;\"><span style=\"color: #ffffff;\">Ah, se eu pudesse, tardezinha pobre,<\/span><\/p>\n<p style=\"text-align: right;\"><span style=\"color: #ffffff;\">Eu pintava trezentos arco-\u00edris<\/span><\/p>\n<p style=\"text-align: right;\"><span style=\"color: #ffffff;\">Nesse tristonho c\u00e9u que nos encobre!&#8230;<\/span><\/p>\n<p style=\"text-align: right;\"><span style=\"color: #ffffff;\">(Mario Quintana do livro A Rua dos Cataventos)<\/span><\/p>\n<\/div>\n<p>[\/vc_column_text][\/vc_column][\/vc_row][vc_row expanded=\u00bb2&#8243; css=\u00bb.vc_custom_1462847888771{padding-bottom: 30px !important;background-color: #d3d3d3 !important;}\u00bb][vc_column width=\u00bb1\/6&#8243;][\/vc_column][vc_column width=\u00bb2\/3&#8243;][section_header use_decoration=\u00bb1&#8243; layout_type=\u00bbsection-heading-thin-border\u00bb main_heading=\u00bbDepoimentos\u00bb separator_color=\u00bb#c4aa77&#8243; css=\u00bb.vc_custom_1453891336622{padding-top: 50px !important;}\u00bb][dt_carousel autoplay=\u00bb1&#8243; interval=\u00bb15000&#8243; pagination_color=\u00bb#c4aa77&#8243; pagination_size=\u00bb20&#8243;][vc_column_text]<\/p>\n<blockquote>\n<p>Achei muito bom o espet\u00e1culo, pois \u00e9 bem sincero, bonito e rom\u00e2ntico, o que achei mais bonito foram os anjos.<\/p>\n<\/blockquote>\n<p style=\"text-align: right;\"><em><strong>Alexi Gardine<\/strong><\/em>, 11, Estudante<\/p>\n<p>[\/vc_column_text][vc_column_text]<\/p>\n<blockquote>\n<p>Obrigado por nos transportar para a singeleza do mundo de Mario Quintana. Parab\u00e9ns!<\/p>\n<\/blockquote>\n<p style=\"text-align: right;\"><em><strong>Jos\u00e9 Ant\u00f4nio Bexta Antunes<\/strong><\/em>, 46, Gestor Ambiental<\/p>\n<p style=\"text-align: right;\"><strong><em>\u00a0<\/em><\/strong><\/p>\n<p>[\/vc_column_text][vc_column_text]<\/p>\n<blockquote>\n<p>Excelente performance das meninas em poemas comoventes de M\u00e1rio Quintana transpondo a poesia escrita em movimentos po\u00e9ticos do corpo.<\/p>\n<\/blockquote>\n<p style=\"text-align: right;\"><em><strong>Rodrigo Soares Zucchelli<\/strong><\/em>, 33, Estudante<\/p>\n<p>[\/vc_column_text][vc_column_text]<\/p>\n<blockquote>\n<p>Instigante. N\u00e3o conhecia o butho mas fiquei encantado. Tamb\u00e9m pela escolha dos poemas e das m\u00fasicas.<\/p>\n<\/blockquote>\n<p style=\"text-align: right;\"><em><strong>Augusto Cesar Franarin<\/strong><\/em>, 61, Engenheiro<\/p>\n<p>[\/vc_column_text][vc_column_text]<\/p>\n<blockquote>\n<p>Excelente. Surpreendente. Gostei muito. Muito interessante. Foi muito bem interpretado. Obrigada.<\/p>\n<\/blockquote>\n<p style=\"text-align: right;\"><em><strong>Alexandra Silva<\/strong><\/em>, 44, Func. P\u00fabl. Estadual<\/p>\n<p>[\/vc_column_text][vc_column_text]<\/p>\n<blockquote>\n<p>Feliz!! Foi o espet\u00e1culo mais lindo que vi este ano. Parab\u00e9ns a todos. Belo! Beijos. Fiquei nas nuvens. Belo e cheiroso!<\/p>\n<\/blockquote>\n<p style=\"text-align: right;\"><em><strong>Carmen Suzana Oliveira<\/strong><\/em>, 56, Instrumentadora cir\u00fargica<\/p>\n<p>[\/vc_column_text][vc_column_text]<\/p>\n<blockquote>\n<p>Disfrute mucho la coreografia, la fotografia y la m\u00fasica me parecieron muy buenas. Lo mejor: senti que el protagonista era Mario Quintana. Gracias! Les deseo lo mejor.<\/p>\n<\/blockquote>\n<p style=\"text-align: right;\"><em><strong>Melisa Crocco<\/strong><\/em>, 35<\/p>\n<p>[\/vc_column_text][vc_column_text]<\/p>\n<blockquote>\n<p>Um espet\u00e1culo maravilhoso, gestos e express\u00f5es lindos. Parab\u00e9ns para todas.<\/p>\n<\/blockquote>\n<p style=\"text-align: right;\"><em><strong>Claudette Todesco<\/strong><\/em>, 72, Aposentada<\/p>\n<p>[\/vc_column_text][vc_column_text]<\/p>\n<blockquote>\n<p>T\u00e9cnica muito interesante. Trabalho excelente, certamente fruto de muita t\u00e9cnica e esfor\u00e7o; bonito espet\u00e1culo.<\/p>\n<\/blockquote>\n<p style=\"text-align: right;\"><strong><em>Dr\u00fabal<\/em><\/strong>, 59, Func. P\u00fabl. Estadual<\/p>\n<p>[\/vc_column_text][vc_column_text]<\/p>\n<blockquote>\n<p>Maravilhoso, diferente de tudo que est\u00e1 em cartaz. O c\u00e9u \u00e9 muito lindo.<\/p>\n<\/blockquote>\n<p style=\"text-align: right;\"><em><strong>Eunice Vega<\/strong><\/em>, 53, Professora Universit\u00e1ria<\/p>\n<p>[\/vc_column_text][vc_column_text]<\/p>\n<blockquote>\n<p>Linda! Linda atmosfera. Cen\u00e1rio muito especial e \u00f3timo trabalho corporal das bailarinas.<\/p>\n<\/blockquote>\n<p style=\"text-align: right;\"><strong><em>Gabriela Maffazzoni Chultz<\/em><\/strong>, 17, Estudante (Teatro)<\/p>\n<p>[\/vc_column_text][vc_column_text]<\/p>\n<blockquote>\n<p>Maravilhoso, realmente espetacular. Beleza, aroma, talento e uma bela interpreta\u00e7\u00e3o. Obrigada por tanta cultura em um s\u00f3 espet\u00e1culo. Fiquei nas nuvens.\u201d<\/p>\n<\/blockquote>\n<p style=\"text-align: right;\"><em><strong>Rosane Quevedo<\/strong><\/em>, 43, T\u00e9c. Enfermagem<\/p>\n<p>[\/vc_column_text][vc_column_text]<\/p>\n<blockquote>\n<p>Como um sonho belo, singelo. Amei. Sonhei.<\/p>\n<\/blockquote>\n<p style=\"text-align: right;\"><strong><em>Iara Madalena<\/em><\/strong>, 50, Aut\u00f4noma<\/p>\n<p>[\/vc_column_text][vc_column_text]<\/p>\n<blockquote>\n<p>Bem interessante. Algumas das m\u00fasicas de excepcional qualidade. Excelente sincronia com a coreografia. Espet\u00e1culo muito sens\u00edvel e original. Parab\u00e9ns! Merece ser reapresentado em muitos lugares!\u201d<\/p>\n<\/blockquote>\n<p style=\"text-align: right;\"><em><strong>Zil\u00e1 Mesquita<\/strong><\/em>, 69, Professora Aposentada<\/p>\n<p>[\/vc_column_text][vc_column_text]<\/p>\n<blockquote>\n<p>As \u00fanicas coisas eternas s\u00e3o as nuvens\u00a0revela a constante evolu\u00e7\u00e3o da Porto Alegre Cia de Dan\u00e7a. \u00c9 um espet\u00e1culo digno de renomados palcos e exigente p\u00fablico. Meus votos que a compet\u00eancia e o talento de voc\u00eas sejam reconhecidos e compensados. Agrade\u00e7o a delicada lembran\u00e7a. Abra\u00e7o a todos.<\/p>\n<\/blockquote>\n<p style=\"text-align: right;\"><em><strong>Iara Chaves<\/strong><\/em>, advogada<\/p>\n<p>[\/vc_column_text][vc_column_text]<\/p>\n<blockquote>\n<p>Ruim para minha l\u00f3gica transgressora. Bom para encontrar a crian\u00e7a, logo, tocante.<\/p>\n<\/blockquote>\n<p style=\"text-align: right;\"><em><strong>An\u00f4nimo<\/strong><\/em><\/p>\n<p>[\/vc_column_text][\/dt_carousel][\/vc_column][vc_column width=\u00bb1\/6&#8243;][\/vc_column][\/vc_row][vc_row expanded=\u00bb2&#8243; background_style=\u00bbfixed\u00bb css=\u00bb.vc_custom_1453891637689{padding-top: 65px !important;padding-bottom: 50px !important;background-color: #3f3f3f !important;}\u00bb background_image=\u00bb10532&#8243;][vc_column width=\u00bb1\/6&#8243;]<div id=\"module_dt_iconboxes_1\" class=\"module_dt_iconboxes\"><div class=\"dt-iconboxes-5 layout-5\" >\r\n                        <div class=\"dt-section-icon hi-icon-wrap hi-icon-effect-5 hi-icon-effect-5a\"><a target='_self' href='http:\/\/poaciadanca.com.br\/as-unicas-coisas-eternas-sao-as-nuvens-fotos-2\/'><i class=\"hi-icon icon-camera-7\"><\/i><\/a><\/div>\r\n                        <h4><\/h4><div class=\"dt-iconboxes-text\"><h4 style=\"text-align: center;\"><a href=\"http:\/\/poaciadanca.com.br\/as-unicas-coisas-eternas-sao-as-nuvens-fotos-2\/\" target=\"_blank\" rel=\"noopener\"><strong><span style=\"color: #ffffff;\">FOTOGRAFIAS<\/span><\/strong><\/a><\/h4>\n<\/div>\r\n                        <\/div><\/div>[\/vc_column][vc_column width=\u00bb1\/6&#8243;]<div id=\"module_dt_iconboxes_2\" class=\"module_dt_iconboxes\"><div class=\"dt-iconboxes-5 layout-5\" >\r\n                        <div class=\"dt-section-icon hi-icon-wrap hi-icon-effect-5 hi-icon-effect-5a\"><i class=\"hi-icon icon-movie\"><\/i><\/div>\r\n                        <h4><\/h4><div class=\"dt-iconboxes-text\"><h4 style=\"text-align: center;\"><span style=\"color: #ffffff;\"><strong>V\u00cdDEO CLIP<\/strong><\/span><\/h4>\n<\/div>\r\n                        <\/div><\/div>[\/vc_column][vc_column width=\u00bb1\/6&#8243;]<div id=\"module_dt_iconboxes_3\" class=\"module_dt_iconboxes\"><div class=\"dt-iconboxes-5 layout-5\" >\r\n                        <div class=\"dt-section-icon hi-icon-wrap hi-icon-effect-5 hi-icon-effect-5a\"><a target='_self' href='\/as-unicas-coisas-eternas-sao-as-nuvens-coreografo\/'><i class=\"hi-icon icon-feather\"><\/i><\/a><\/div>\r\n                        <h4><\/h4><div class=\"dt-iconboxes-text\"><h4 style=\"text-align: center;\"><span style=\"color: #ffffff;\"><strong><a style=\"color: #ffffff;\" href=\"\/as-unicas-coisas-eternas-sao-as-nuvens-coreografo\/\">CORE\u00d3GRAFO<\/a><\/strong><\/span><\/h4>\n<\/div>\r\n                        <\/div><\/div>[\/vc_column][vc_column width=\u00bb1\/6&#8243;]<div id=\"module_dt_iconboxes_4\" class=\"module_dt_iconboxes\"><div class=\"dt-iconboxes-5 layout-5\" >\r\n                        <div class=\"dt-section-icon hi-icon-wrap hi-icon-effect-5 hi-icon-effect-5a\"><a target='_self' href='http:\/\/poaciadanca.com.br\/as-unicas-coisas-eternas-sao-as-nuvens-ficha-tecnica\/'><i class=\"hi-icon icon-star-8\"><\/i><\/a><\/div>\r\n                        <h4><\/h4><div class=\"dt-iconboxes-text\"><h4 style=\"text-align: center;\"><a href=\"http:\/\/poaciadanca.com.br\/as-unicas-coisas-eternas-sao-as-nuvens-ficha-tecnica\/\"><span style=\"color: #ffffff;\"><strong>FICHA T\u00c9CNICA<\/strong><\/span><\/a><\/h4>\n<\/div>\r\n                        <\/div><\/div>[\/vc_column][vc_column width=\u00bb1\/6&#8243;]<div id=\"module_dt_iconboxes_5\" class=\"module_dt_iconboxes\"><div class=\"dt-iconboxes-5 layout-5\" >\r\n                        <div class=\"dt-section-icon hi-icon-wrap hi-icon-effect-5 hi-icon-effect-5a\"><a target='_blank' href='http:\/\/poaciadanca.com.br\/wp-content\/uploads\/2016\/10\/Folder-Nuvens-site-PORTUGUES-1.pdf'><i class=\"hi-icon icon-download-cloud\"><\/i><\/a><\/div>\r\n                        <h4><\/h4><div class=\"dt-iconboxes-text\"><h4 style=\"text-align: center;\"><strong><span style=\"color: #ffffff;\"><a style=\"color: #ffffff;\" href=\"http:\/\/poaciadanca.com.br\/wp-content\/uploads\/2016\/10\/Folder-Nuvens-site-PORTUGUES-1.pdf\" target=\"_blank\">FOLDER<\/a><\/span><\/strong><\/h4>\n<\/div>\r\n                        <\/div><\/div>[\/vc_column][vc_column width=\u00bb1\/6&#8243;]<div id=\"module_dt_iconboxes_6\" class=\"module_dt_iconboxes\"><div class=\"dt-iconboxes-5 layout-5\" >\r\n                        <div class=\"dt-section-icon hi-icon-wrap hi-icon-effect-5 hi-icon-effect-5a\"><a target='_blank' href='http:\/\/poaciadanca.com.br\/necessidaes-tecnicas_AS_UNICAS_COISAS_ETERNAS_SAO_AS_NUVENS.pdf'><i class=\"hi-icon icon-info-1\"><\/i><\/a><\/div>\r\n                        <h4><\/h4><div class=\"dt-iconboxes-text\"><h4 style=\"text-align: center;\"><span style=\"color: #ffffff;\"><strong><a style=\"color: #ffffff;\" href=\"http:\/\/poaciadanca.com.br\/necessidaes-tecnicas_AS_UNICAS_COISAS_ETERNAS_SAO_AS_NUVENS.pdf\" target=\"_blank\">INFORMA\u00c7\u00d5ES T\u00c9CNICAS<\/a><\/strong><\/span><\/h4>\n<\/div>\r\n                        <\/div><\/div>[\/vc_column][\/vc_row][vc_row expanded=\u00bb2&#8243; full_width=\u00bbstretch_row\u00bb css=\u00bb.vc_custom_1453892497888{padding-top: 50px !important;padding-bottom: 50px !important;background-color: #ffffff !important;}\u00bb el_id=\u00bbespetaculos\u00bb][vc_column][vc_row_inner][vc_column_inner][section_header use_decoration=\u00bb1&#8243; layout_type=\u00bbsection-heading-thin-border\u00bb main_heading=\u00bbOutros Espet\u00e1culos\u00bb separator_color=\u00bb#c4aa77&#8243;][\/vc_column_inner][\/vc_row_inner][vc_row_inner css=\u00bb.vc_custom_1453894283692{padding-top: 15px !important;}\u00bb][vc_column_inner width=\u00bb1\/6&#8243;][\/vc_column_inner][vc_column_inner width=\u00bb1\/6&#8243;][\/vc_column_inner][vc_column_inner width=\u00bb1\/6&#8243;][vc_single_image image=\u00bb10518&#8243; img_size=\u00bbfull\u00bb onclick=\u00bbcustom_link\u00bb css_animation=\u00bbappear\u00bb image_hover=\u00bbtext\u00bb link=\u00bbhttp:\/\/poaciadanca.com.br\/olhos-fechados-no-sol\/\u00bb][\/vc_column_inner][vc_column_inner width=\u00bb1\/6&#8243;][vc_single_image image=\u00bb10528&#8243; img_size=\u00bbfull\u00bb onclick=\u00bbcustom_link\u00bb css_animation=\u00bbappear\u00bb image_hover=\u00bbtext\u00bb link=\u00bbhttp:\/\/poaciadanca.com.br\/eu-estive-aqui\/\u00bb][\/vc_column_inner][vc_column_inner width=\u00bb1\/6&#8243;][\/vc_column_inner][vc_column_inner width=\u00bb1\/6&#8243;][\/vc_column_inner][\/vc_row_inner][\/vc_column][\/vc_row][vc_column][\/vc_column]<\/p>\n","protected":false},"excerpt":{"rendered":"<p>[vc_row expanded=\u00bb2&#8243; background_style=\u00bbparallax\u00bb css=\u00bb.vc_custom_1453885273328{padding-top: 55px !important;padding-bottom: 80px !important;background-color: #000000 !important;}\u00bb background_image=\u00bb9995&#8243;][vc_column width=\u00bb2\/3&#8243;][vc_single_image image=\u00bb10861&#8243; img_size=\u00bbfull\u00bb css_animation=\u00bbappear\u00bb][vc_column_text css_animation=\u00bbleft-to-right\u00bb css=\u00bb.vc_custom_1454084653976{padding-right: 40px !important;}\u00bb]AS \u00daNICAS COISAS ETERNAS S\u00c3O AS NUVENS \u00e9 um espet\u00e1culo de dan\u00e7a que cultiva o poder sint\u00e9tico das imagens, met\u00e1foras, associa\u00e7\u00f5es ins\u00f3litas e outros tantos recursos da poesia de uma das mais extraordin\u00e1rias figuras no campo da&hellip;<\/p>\n","protected":false},"author":1,"featured_media":0,"parent":0,"menu_order":0,"comment_status":"closed","ping_status":"closed","template":"fullwidth.php","meta":{"footnotes":""},"class_list":["post-9978","page","type-page","status-publish","hentry"],"_links":{"self":[{"href":"http:\/\/poaciadanca.com.br\/es\/wp-json\/wp\/v2\/pages\/9978","targetHints":{"allow":["GET"]}}],"collection":[{"href":"http:\/\/poaciadanca.com.br\/es\/wp-json\/wp\/v2\/pages"}],"about":[{"href":"http:\/\/poaciadanca.com.br\/es\/wp-json\/wp\/v2\/types\/page"}],"author":[{"embeddable":true,"href":"http:\/\/poaciadanca.com.br\/es\/wp-json\/wp\/v2\/users\/1"}],"replies":[{"embeddable":true,"href":"http:\/\/poaciadanca.com.br\/es\/wp-json\/wp\/v2\/comments?post=9978"}],"version-history":[{"count":2,"href":"http:\/\/poaciadanca.com.br\/es\/wp-json\/wp\/v2\/pages\/9978\/revisions"}],"predecessor-version":[{"id":15847,"href":"http:\/\/poaciadanca.com.br\/es\/wp-json\/wp\/v2\/pages\/9978\/revisions\/15847"}],"wp:attachment":[{"href":"http:\/\/poaciadanca.com.br\/es\/wp-json\/wp\/v2\/media?parent=9978"}],"curies":[{"name":"wp","href":"https:\/\/api.w.org\/{rel}","templated":true}]}}