{"id":14624,"date":"2022-12-30T16:07:18","date_gmt":"2022-12-30T18:07:18","guid":{"rendered":"http:\/\/poaciadanca.com.br\/?page_id=14624"},"modified":"2023-03-02T14:40:12","modified_gmt":"2023-03-02T16:40:12","slug":"aprendendo-a-relaxar-workshop-nova","status":"publish","type":"page","link":"http:\/\/poaciadanca.com.br\/es\/aprendendo-a-relaxar-workshop-nova\/","title":{"rendered":"Aprendiendo a Relajarse"},"content":{"rendered":"<p>[vc_row][vc_column][vc_row_inner gap=\u00bb15&#8243;][vc_column_inner width=\u00bb1\/2&#8243;][section_header use_decoration=\u00bb1&#8243; layout_type=\u00bbsection-heading-thin-border\u00bb main_heading=\u00bbAprendiendo a Relajarse\u00bb separator_color=\u00bb#c4aa77&#8243;][vc_column_text]Estar relajado es nuestro estado natural. Por lo tanto, relajarse no es algo que podamos hacer, sino algo que podemos dejar que suceda, liberando nuestro cuerpo de tensiones innecesarias.<\/p>\n<p>En el taller <strong>Aprendiendo a Relajarse<\/strong>, a trav\u00e9s de movimientos suaves y sin esfuerzo, exploraremos c\u00f3mo activar el sistema nervioso parasimp\u00e1tico, la parte del sistema nervioso responsable de la respuesta de relajaci\u00f3n.<\/p>\n<p>Creemos el ambiente y el tiempo necesario para que podamos observar nuestros movimientos y sentir c\u00f3mo nos movemos. As\u00ed, comenzaremos a utilizar el cuerpo como veh\u00edculo para elevar nuestra conciencia y crearemos las condiciones para navegar nuestro mundo interno con calma y tranquilidad y nuestro mundo externo con m\u00e1s confianza.<\/p>\n<p>Este taller te ense\u00f1ar\u00e1 a relajarte profundamente y tambi\u00e9n aprender\u00e1s nuevas herramientas que te ayudar\u00e1n a expandir esta relajaci\u00f3n a tu d\u00eda a d\u00eda.<\/p>\n<p>M\u00e1s informaci\u00f3n: safia@poaciadanca.com.br[\/vc_column_text][\/vc_column_inner][vc_column_inner width=\u00bb1\/2&#8243;][vc_single_image image=\u00bb14623&#8243; img_size=\u00bbfull\u00bb][\/vc_column_inner][\/vc_row_inner][\/vc_column][\/vc_row][vc_row][vc_column][vc_btn title=\u00bbvolver\u00bb style=\u00bbflat\u00bb color=\u00bbblack\u00bb size=\u00bbxs\u00bb align=\u00bbleft\u00bb i_icon_fontawesome=\u00bbfas fa-undo-alt\u00bb add_icon=\u00bbtrue\u00bb link=\u00bburl:http%3A%2F%2Fpoaciadanca.com.br%2Fbiostretch%2F|target:_blank\u00bb][\/vc_column][\/vc_row]<\/p>","protected":false},"excerpt":{"rendered":"<p>[vc_row][vc_column][vc_row_inner gap=\u00bb15&#8243;][vc_column_inner width=\u00bb1\/2&#8243;][section_header use_decoration=\u00bb1&#8243; layout_type=\u00bbsection-heading-thin-border\u00bb main_heading=\u00bbAprendiendo a Relajarse\u00bb separator_color=\u00bb#c4aa77&#8243;][vc_column_text]Estar relajado es nuestro estado natural. Por lo tanto, relajarse no es algo que podamos hacer, sino algo que podemos dejar que suceda, liberando nuestro cuerpo de tensiones innecesarias. En el taller Aprendiendo a Relajarse, a trav\u00e9s de movimientos suaves y sin esfuerzo, exploraremos c\u00f3mo activar el&hellip;<\/p>\n","protected":false},"author":3,"featured_media":0,"parent":0,"menu_order":0,"comment_status":"closed","ping_status":"closed","template":"","meta":{"footnotes":""},"class_list":["post-14624","page","type-page","status-publish","hentry"],"_links":{"self":[{"href":"http:\/\/poaciadanca.com.br\/es\/wp-json\/wp\/v2\/pages\/14624","targetHints":{"allow":["GET"]}}],"collection":[{"href":"http:\/\/poaciadanca.com.br\/es\/wp-json\/wp\/v2\/pages"}],"about":[{"href":"http:\/\/poaciadanca.com.br\/es\/wp-json\/wp\/v2\/types\/page"}],"author":[{"embeddable":true,"href":"http:\/\/poaciadanca.com.br\/es\/wp-json\/wp\/v2\/users\/3"}],"replies":[{"embeddable":true,"href":"http:\/\/poaciadanca.com.br\/es\/wp-json\/wp\/v2\/comments?post=14624"}],"version-history":[{"count":1,"href":"http:\/\/poaciadanca.com.br\/es\/wp-json\/wp\/v2\/pages\/14624\/revisions"}],"predecessor-version":[{"id":15350,"href":"http:\/\/poaciadanca.com.br\/es\/wp-json\/wp\/v2\/pages\/14624\/revisions\/15350"}],"wp:attachment":[{"href":"http:\/\/poaciadanca.com.br\/es\/wp-json\/wp\/v2\/media?parent=14624"}],"curies":[{"name":"wp","href":"https:\/\/api.w.org\/{rel}","templated":true}]}}