{"id":13837,"date":"2022-07-25T17:42:15","date_gmt":"2022-07-25T19:42:15","guid":{"rendered":"http:\/\/poaciadanca.com.br\/?page_id=13837"},"modified":"2023-04-07T20:28:33","modified_gmt":"2023-04-07T22:28:33","slug":"safia","status":"publish","type":"page","link":"http:\/\/poaciadanca.com.br\/es\/safia\/","title":{"rendered":"Safia"},"content":{"rendered":"<p>[vc_row expanded=\u00bb2&#8243; background_style=\u00bbparallax\u00bb el_class=\u00bbsafia\u00bb][vc_column][vc_row_inner][vc_column_inner width=\u00bb1\/3&#8243;][section_header use_decoration=\u00bb1&#8243; layout_type=\u00bbsection-heading-thin-border\u00bb main_heading=\u00bbSafia T\u00e2nia Baumann\u00bb color=\u00bb#000000&#8243; separator_color=\u00bb#c4aa77&#8243; css=\u00bb.vc_custom_1671557604505{padding-top: 30px !important;padding-bottom: 20px !important;}\u00bb][\/vc_column_inner][vc_column_inner width=\u00bb1\/3&#8243;][\/vc_column_inner][vc_column_inner width=\u00bb1\/3&#8243;][\/vc_column_inner][\/vc_row_inner][vc_row_inner][vc_column_inner width=\u00bb1\/3&#8243;][vc_column_text css_animation=\u00bbleft-to-right\u00bb css=\u00bb.vc_custom_1680906457626{padding-bottom: 30px !important;}\u00bb]\u2022 Bailarina, profesora de danza y directora de Porto Alegre Companhia de Dan\u00e7a, con sede en <strong>Brasil<\/strong>.<br \/>\n\u2022 Graduada en ballet cl\u00e1sico con perfeccionamiento durante dos a\u00f1os en la Escuela Estatal de Ballet Cl\u00e1sico en Kiev, <strong>Ucrania<\/strong>, ex Uni\u00f3n Sovi\u00e9tica.<br \/>\n\u2022 Actuaci\u00f3n en el Ballet Nacional de <strong>Cuba<\/strong> y Ballet de Camag\u00fcey durante dos a\u00f1os.<br \/>\n\u2022 Estudi\u00f3 danza moderna y diferente m\u00e9todos de educaci\u00f3n som\u00e1tica en <strong>Nueva York<\/strong> en Trisha Brown Company y Movement Research.<br \/>\n\u2022 Practicante y facilitadora de meditaci\u00f3n\u00a0 en retiros, en Brasil y en el exterior.<br \/>\n\u2022 Creadora de Biostretch, un sistema que integra m\u00e9todos de educaci\u00f3n som\u00e1tica y t\u00e9cnicas de danza.[\/vc_column_text][\/vc_column_inner][vc_column_inner width=\u00bb1\/3&#8243;][\/vc_column_inner][vc_column_inner width=\u00bb1\/3&#8243;][\/vc_column_inner][\/vc_row_inner][vc_row_inner][vc_column_inner][vc_btn title=\u00bbvolver\u00bb style=\u00bbflat\u00bb color=\u00bbblack\u00bb size=\u00bbxs\u00bb i_icon_fontawesome=\u00bbfas fa-undo-alt\u00bb add_icon=\u00bbtrue\u00bb link=\u00bburl:http%3A%2F%2Fpoaciadanca.com.br%2Fbiostretch%2F|title:%5B%3Apb%5DBiostretch%5B%3Aen%5Dteste%20biostretch%20%5B%3Aes%5Dteste%20biostretch%5B%3A%5D\u00bb][\/vc_column_inner][\/vc_row_inner][\/vc_column][\/vc_row][vc_row expanded=\u00bb2&#8243; css=\u00bb.vc_custom_1456927189452{background-color: #000000 !important;}\u00bb][vc_column][\/vc_column][\/vc_row]<\/p>","protected":false},"excerpt":{"rendered":"<p>[vc_row expanded=\u00bb2&#8243; background_style=\u00bbparallax\u00bb el_class=\u00bbsafia\u00bb][vc_column][vc_row_inner][vc_column_inner width=\u00bb1\/3&#8243;][section_header use_decoration=\u00bb1&#8243; layout_type=\u00bbsection-heading-thin-border\u00bb main_heading=\u00bbSafia T\u00e2nia Baumann\u00bb color=\u00bb#000000&#8243; separator_color=\u00bb#c4aa77&#8243; css=\u00bb.vc_custom_1671557604505{padding-top: 30px !important;padding-bottom: 20px !important;}\u00bb][\/vc_column_inner][vc_column_inner width=\u00bb1\/3&#8243;][\/vc_column_inner][vc_column_inner width=\u00bb1\/3&#8243;][\/vc_column_inner][\/vc_row_inner][vc_row_inner][vc_column_inner width=\u00bb1\/3&#8243;][vc_column_text css_animation=\u00bbleft-to-right\u00bb css=\u00bb.vc_custom_1680906457626{padding-bottom: 30px !important;}\u00bb]\u2022 Bailarina, profesora de danza y directora de Porto Alegre Companhia de Dan\u00e7a, con sede en Brasil. \u2022 Graduada en ballet cl\u00e1sico con perfeccionamiento durante dos a\u00f1os en la Escuela Estatal de&hellip;<\/p>\n","protected":false},"author":3,"featured_media":0,"parent":0,"menu_order":0,"comment_status":"closed","ping_status":"closed","template":"","meta":{"footnotes":""},"class_list":["post-13837","page","type-page","status-publish","hentry"],"_links":{"self":[{"href":"http:\/\/poaciadanca.com.br\/es\/wp-json\/wp\/v2\/pages\/13837","targetHints":{"allow":["GET"]}}],"collection":[{"href":"http:\/\/poaciadanca.com.br\/es\/wp-json\/wp\/v2\/pages"}],"about":[{"href":"http:\/\/poaciadanca.com.br\/es\/wp-json\/wp\/v2\/types\/page"}],"author":[{"embeddable":true,"href":"http:\/\/poaciadanca.com.br\/es\/wp-json\/wp\/v2\/users\/3"}],"replies":[{"embeddable":true,"href":"http:\/\/poaciadanca.com.br\/es\/wp-json\/wp\/v2\/comments?post=13837"}],"version-history":[{"count":2,"href":"http:\/\/poaciadanca.com.br\/es\/wp-json\/wp\/v2\/pages\/13837\/revisions"}],"predecessor-version":[{"id":15422,"href":"http:\/\/poaciadanca.com.br\/es\/wp-json\/wp\/v2\/pages\/13837\/revisions\/15422"}],"wp:attachment":[{"href":"http:\/\/poaciadanca.com.br\/es\/wp-json\/wp\/v2\/media?parent=13837"}],"curies":[{"name":"wp","href":"https:\/\/api.w.org\/{rel}","templated":true}]}}