{"id":13673,"date":"2022-06-04T14:39:21","date_gmt":"2022-06-04T16:39:21","guid":{"rendered":"http:\/\/poaciadanca.com.br\/?page_id=13673"},"modified":"2022-12-30T20:30:52","modified_gmt":"2022-12-30T22:30:52","slug":"biostretch-bases-teoricas","status":"publish","type":"page","link":"http:\/\/poaciadanca.com.br\/es\/biostretch-bases-teoricas\/","title":{"rendered":"Biostretch &#8211; bases te\u00f3ricas"},"content":{"rendered":"<p class=\"qtranxs-available-languages-message qtranxs-available-languages-message-es\">Disculpa, pero esta entrada est\u00e1 disponible s\u00f3lo en <a href=\"http:\/\/poaciadanca.com.br\/pb\/wp-json\/wp\/v2\/pages\/13673\" class=\"qtranxs-available-language-link qtranxs-available-language-link-pb\" title=\"Portugu\u00eas do Brasil\">Portugu\u00eas do Brasil<\/a>. For the sake of viewer convenience, the content is shown below in the alternative language. You may click the link to switch the active language.<\/p><p>[vc_row expanded=\u00bb2&#8243; css=\u00bb.vc_custom_1457009104236{padding-bottom: 120px !important;background-color: #000000 !important;}\u00bb][vc_column][vc_row_inner][vc_column_inner][section_header use_decoration=\u00bb1&#8243; layout_type=\u00bbsection-heading-thin-border\u00bb main_heading=\u00bbBiostretch &#8211; bases te\u00f3ricas\u00bb color=\u00bb#ffffff\u00bb separator_color=\u00bb#c4aa77&#8243; css=\u00bb.vc_custom_1654360242355{padding-top: 50px !important;}\u00bb][\/vc_column_inner][\/vc_row_inner][vc_row_inner][vc_column_inner width=\u00bb1\/6&#8243;][\/vc_column_inner][vc_column_inner width=\u00bb2\/3&#8243;][vc_video link=\u00bbhttps:\/\/youtube.com\/playlist?list=PLbga_90T8IRpKgaL5ZneZ40RUEh0FgapO\u00bb][vc_btn title=\u00bbvoltar\u00bb style=\u00bbflat\u00bb color=\u00bbblack\u00bb size=\u00bbxs\u00bb i_icon_fontawesome=\u00bbfas fa-undo-alt\u00bb add_icon=\u00bbtrue\u00bb link=\u00bburl:http%3A%2F%2Fpoaciadanca.com.br%2Fbiostretch%2F|title:Biostretch|target:_blank\u00bb css=\u00bb.vc_custom_1672439449821{padding-bottom: 100px !important;}\u00bb][\/vc_column_inner][vc_column_inner width=\u00bb1\/6&#8243;][\/vc_column_inner][\/vc_row_inner][vc_row_inner][vc_column_inner][\/vc_column_inner][\/vc_row_inner][\/vc_column][\/vc_row]<\/p>","protected":false},"excerpt":{"rendered":"<p>Disculpa, pero esta entrada est\u00e1 disponible s\u00f3lo en Portugu\u00eas do Brasil. For the sake of viewer convenience, the content is shown below in the alternative language. You may click the link to switch the active language.[vc_row expanded=\u00bb2&#8243; css=\u00bb.vc_custom_1457009104236{padding-bottom: 120px !important;background-color: #000000 !important;}\u00bb][vc_column][vc_row_inner][vc_column_inner][section_header use_decoration=\u00bb1&#8243; layout_type=\u00bbsection-heading-thin-border\u00bb main_heading=\u00bbBiostretch &#8211; bases te\u00f3ricas\u00bb color=\u00bb#ffffff\u00bb separator_color=\u00bb#c4aa77&#8243; css=\u00bb.vc_custom_1654360242355{padding-top: 50px !important;}\u00bb][\/vc_column_inner][\/vc_row_inner][vc_row_inner][vc_column_inner width=\u00bb1\/6&#8243;][\/vc_column_inner][vc_column_inner width=\u00bb2\/3&#8243;][vc_video&hellip;<\/p>\n","protected":false},"author":3,"featured_media":0,"parent":0,"menu_order":0,"comment_status":"closed","ping_status":"closed","template":"fullwidth.php","meta":{"footnotes":""},"class_list":["post-13673","page","type-page","status-publish","hentry"],"_links":{"self":[{"href":"http:\/\/poaciadanca.com.br\/es\/wp-json\/wp\/v2\/pages\/13673","targetHints":{"allow":["GET"]}}],"collection":[{"href":"http:\/\/poaciadanca.com.br\/es\/wp-json\/wp\/v2\/pages"}],"about":[{"href":"http:\/\/poaciadanca.com.br\/es\/wp-json\/wp\/v2\/types\/page"}],"author":[{"embeddable":true,"href":"http:\/\/poaciadanca.com.br\/es\/wp-json\/wp\/v2\/users\/3"}],"replies":[{"embeddable":true,"href":"http:\/\/poaciadanca.com.br\/es\/wp-json\/wp\/v2\/comments?post=13673"}],"version-history":[{"count":1,"href":"http:\/\/poaciadanca.com.br\/es\/wp-json\/wp\/v2\/pages\/13673\/revisions"}],"predecessor-version":[{"id":14694,"href":"http:\/\/poaciadanca.com.br\/es\/wp-json\/wp\/v2\/pages\/13673\/revisions\/14694"}],"wp:attachment":[{"href":"http:\/\/poaciadanca.com.br\/es\/wp-json\/wp\/v2\/media?parent=13673"}],"curies":[{"name":"wp","href":"https:\/\/api.w.org\/{rel}","templated":true}]}}