{"id":13052,"date":"2022-05-11T23:28:42","date_gmt":"2022-05-12T01:28:42","guid":{"rendered":"http:\/\/poaciadanca.com.br\/?page_id=13052"},"modified":"2022-12-30T21:35:51","modified_gmt":"2022-12-30T23:35:51","slug":"be-the-dance-videos","status":"publish","type":"page","link":"http:\/\/poaciadanca.com.br\/es\/be-the-dance-videos\/","title":{"rendered":"Be The Dance &#8211; V\u00eddeos"},"content":{"rendered":"<p class=\"qtranxs-available-languages-message qtranxs-available-languages-message-es\">Disculpa, pero esta entrada est\u00e1 disponible s\u00f3lo en <a href=\"http:\/\/poaciadanca.com.br\/pb\/wp-json\/wp\/v2\/pages\/13052\" class=\"qtranxs-available-language-link qtranxs-available-language-link-pb\" title=\"Portugu\u00eas do Brasil\">Portugu\u00eas do Brasil<\/a>. For the sake of viewer convenience, the content is shown below in the alternative language. You may click the link to switch the active language.<\/p><p>[vc_row expanded=\u00bb2&#8243; css=\u00bb.vc_custom_1652318376173{padding-top: 50px !important;padding-right: 100px !important;padding-bottom: 20px !important;padding-left: 100px !important;background-color: #000000 !important;}\u00bb][vc_column width=\u00bb1\/6&#8243;][\/vc_column][vc_column width=\u00bb4\/6&#8243;][section_header use_decoration=\u00bb1&#8243; layout_type=\u00bbsection-heading-thin-border\u00bb main_heading=\u00bbBe The Dance &#8211; v\u00eddeos\u00bb color=\u00bb#ffffff\u00bb separator_color=\u00bb#c4aa77&#8243;][vc_video link=\u00bbhttps:\/\/youtu.be\/qS5AicdmJ7k\u00bb css=\u00bb.vc_custom_1652317993446{padding-bottom: 30px !important;}\u00bb][vc_video link=\u00bbhttps:\/\/youtu.be\/WCM1iPV__P0&#8243; css=\u00bb.vc_custom_1656687652125{padding-bottom: 30px !important;}\u00bb][vc_video link=\u00bbhttps:\/\/youtu.be\/7QSyi82UKOE\u00bb css=\u00bb.vc_custom_1656687884183{padding-bottom: 30px !important;}\u00bb][vc_video link=\u00bbhttps:\/\/youtu.be\/bs9yc3xJy_4&#8243; css=\u00bb.vc_custom_1656687782545{padding-bottom: 30px !important;}\u00bb][vc_video link=\u00bbhttps:\/\/youtu.be\/0xjSBbnnEV0&#8243; title=\u00bbHow Be The Dance was born?\u00bb][\/vc_column][vc_column width=\u00bb1\/6&#8243;][\/vc_column][\/vc_row]<\/p>","protected":false},"excerpt":{"rendered":"<p>Disculpa, pero esta entrada est\u00e1 disponible s\u00f3lo en Portugu\u00eas do Brasil. For the sake of viewer convenience, the content is shown below in the alternative language. You may click the link to switch the active language.[vc_row expanded=\u00bb2&#8243; css=\u00bb.vc_custom_1652318376173{padding-top: 50px !important;padding-right: 100px !important;padding-bottom: 20px !important;padding-left: 100px !important;background-color: #000000 !important;}\u00bb][vc_column width=\u00bb1\/6&#8243;][\/vc_column][vc_column width=\u00bb4\/6&#8243;][section_header use_decoration=\u00bb1&#8243; layout_type=\u00bbsection-heading-thin-border\u00bb main_heading=\u00bbBe The Dance&hellip;<\/p>\n","protected":false},"author":3,"featured_media":0,"parent":0,"menu_order":0,"comment_status":"closed","ping_status":"closed","template":"fullwidth.php","meta":{"footnotes":""},"class_list":["post-13052","page","type-page","status-publish","hentry"],"_links":{"self":[{"href":"http:\/\/poaciadanca.com.br\/es\/wp-json\/wp\/v2\/pages\/13052","targetHints":{"allow":["GET"]}}],"collection":[{"href":"http:\/\/poaciadanca.com.br\/es\/wp-json\/wp\/v2\/pages"}],"about":[{"href":"http:\/\/poaciadanca.com.br\/es\/wp-json\/wp\/v2\/types\/page"}],"author":[{"embeddable":true,"href":"http:\/\/poaciadanca.com.br\/es\/wp-json\/wp\/v2\/users\/3"}],"replies":[{"embeddable":true,"href":"http:\/\/poaciadanca.com.br\/es\/wp-json\/wp\/v2\/comments?post=13052"}],"version-history":[{"count":1,"href":"http:\/\/poaciadanca.com.br\/es\/wp-json\/wp\/v2\/pages\/13052\/revisions"}],"predecessor-version":[{"id":14700,"href":"http:\/\/poaciadanca.com.br\/es\/wp-json\/wp\/v2\/pages\/13052\/revisions\/14700"}],"wp:attachment":[{"href":"http:\/\/poaciadanca.com.br\/es\/wp-json\/wp\/v2\/media?parent=13052"}],"curies":[{"name":"wp","href":"https:\/\/api.w.org\/{rel}","templated":true}]}}