{"id":11102,"date":"2016-03-02T06:24:08","date_gmt":"2016-03-02T08:24:08","guid":{"rendered":"http:\/\/poaciadanca.com.br\/?page_id=11102"},"modified":"2020-03-12T20:40:56","modified_gmt":"2020-03-12T22:40:56","slug":"as-unicas-coisas-eternas-sao-as-nuvens-coreografo","status":"publish","type":"page","link":"http:\/\/poaciadanca.com.br\/es\/as-unicas-coisas-eternas-sao-as-nuvens-coreografo\/","title":{"rendered":"As \u00danicas Coisas Eternas S\u00e3o As Nuvens &#8211; Core\u00f3grafo"},"content":{"rendered":"<p>[vc_row expanded=\u00bb2&#8243; background_style=\u00bbparallax\u00bb background_image=\u00bb11114&#8243; css=\u00bb.vc_custom_1456908821703{padding-bottom: 30px !important;}\u00bb][vc_column][vc_row_inner][vc_column_inner width=\u00bb2\/3&#8243;][section_header use_decoration=\u00bb1&#8243; layout_type=\u00bbsection-heading-thin-border\u00bb main_heading=\u00bbJo\u00e3o Butoh\u00bb color=\u00bb#ffffff\u00bb separator_color=\u00bb#c4aa77&#8243; css=\u00bb.vc_custom_1456908127799{padding-top: 70px !important;padding-bottom: 20px !important;}\u00bb][\/vc_column_inner][vc_column_inner width=\u00bb1\/3&#8243;][\/vc_column_inner][\/vc_row_inner][vc_row_inner][vc_column_inner width=\u00bb2\/3&#8243;][vc_column_text css_animation=\u00bbleft-to-right\u00bb css=\u00bb.vc_custom_1476407954500{padding-bottom: 70px !important;}\u00bb]<span style=\"color: #ffffff;\">Jo\u00e3o Butoh es director y core\u00f3grafo. Particip\u00f3 en diciembre de 2009 de las celebraciones de los 50 a\u00f1os de butoh en Bangkok &#8211; Tailandia con un taller y con el espect\u00e1culo \u00abVENEZHVELA.\u00bb<\/span><\/p>\n<p><span style=\"color: #ffffff;\">En 2010 regres\u00f3 a Asia para el tributo a Kazuo Ohno en el 3\u00ba Nyoba Kan Butoh Festival en Kuala Lumpur, Malasia y 6th International Butoh Festival en Bangkok, Tailandia.<\/span><\/p>\n<p><span style=\"color: #ffffff;\">Jo\u00e3o es considerado un exponente de Am\u00e9rica Latina y uno de los grandes nombres del mundo del Butoh.<\/span><\/p>\n<p><span style=\"color: #ffffff;\">Fundador y director del Ogawa Butoh Center, donde se investiga y desarrolla su t\u00e9cnica Aiar Butoh desde 1983. Ya ha creado numerosos espect\u00e1culos y muchos permanecen en el repertorio.<\/span><\/p>\n<p><span style=\"color: #ffffff;\">Ha participado en varios eventos con actor, \u00a0bailar\u00edn y maestro de Butoh en Tailandia, Malasia, Alemania, Portugal, Inglaterra, Estados Unidos, Australia, Argentina, M\u00e9xico, Ecuador y Brasil.<\/span><\/p>\n<p><span style=\"color: #ffffff;\">\u00a0<\/span><\/p>\n<p><span style=\"color: #ffffff;\">\u00a0<\/span><\/p>\n<p style=\"text-align: right;\"><span style=\"color: #ffffff;\">Foto: Boaz Zippor<\/span><\/p>\n<p>[\/vc_column_text][\/vc_column_inner][vc_column_inner width=\u00bb1\/3&#8243;][\/vc_column_inner][\/vc_row_inner][vc_row_inner][vc_column_inner][\/vc_column_inner][\/vc_row_inner][vc_btn title=\u00bbvolver\u00bb style=\u00bbflat\u00bb color=\u00bbblack\u00bb size=\u00bbxs\u00bb i_icon_fontawesome=\u00bbfa fa-arrow-left\u00bb link=\u00bburl:%2Fas-unicas-coisas-eternas-sao-as-nuvens%2F||\u00bb add_icon=\u00bbtrue\u00bb][\/vc_column][\/vc_row][vc_row expanded=\u00bb2&#8243; css=\u00bb.vc_custom_1456909394517{background-color: #000000 !important;}\u00bb][vc_column][\/vc_column][\/vc_row]<\/p>","protected":false},"excerpt":{"rendered":"<p>[vc_row expanded=\u00bb2&#8243; background_style=\u00bbparallax\u00bb background_image=\u00bb11114&#8243; css=\u00bb.vc_custom_1456908821703{padding-bottom: 30px !important;}\u00bb][vc_column][vc_row_inner][vc_column_inner width=\u00bb2\/3&#8243;][section_header use_decoration=\u00bb1&#8243; layout_type=\u00bbsection-heading-thin-border\u00bb main_heading=\u00bbJo\u00e3o Butoh\u00bb color=\u00bb#ffffff\u00bb separator_color=\u00bb#c4aa77&#8243; css=\u00bb.vc_custom_1456908127799{padding-top: 70px !important;padding-bottom: 20px !important;}\u00bb][\/vc_column_inner][vc_column_inner width=\u00bb1\/3&#8243;][\/vc_column_inner][\/vc_row_inner][vc_row_inner][vc_column_inner width=\u00bb2\/3&#8243;][vc_column_text css_animation=\u00bbleft-to-right\u00bb css=\u00bb.vc_custom_1476407954500{padding-bottom: 70px !important;}\u00bb]Jo\u00e3o Butoh es director y core\u00f3grafo. Particip\u00f3 en diciembre de 2009 de las celebraciones de los 50 a\u00f1os de butoh en Bangkok &#8211; Tailandia con un taller y con el espect\u00e1culo&hellip;<\/p>\n","protected":false},"author":3,"featured_media":0,"parent":0,"menu_order":0,"comment_status":"closed","ping_status":"closed","template":"fullwidth.php","meta":{"footnotes":""},"class_list":["post-11102","page","type-page","status-publish","hentry"],"_links":{"self":[{"href":"http:\/\/poaciadanca.com.br\/es\/wp-json\/wp\/v2\/pages\/11102","targetHints":{"allow":["GET"]}}],"collection":[{"href":"http:\/\/poaciadanca.com.br\/es\/wp-json\/wp\/v2\/pages"}],"about":[{"href":"http:\/\/poaciadanca.com.br\/es\/wp-json\/wp\/v2\/types\/page"}],"author":[{"embeddable":true,"href":"http:\/\/poaciadanca.com.br\/es\/wp-json\/wp\/v2\/users\/3"}],"replies":[{"embeddable":true,"href":"http:\/\/poaciadanca.com.br\/es\/wp-json\/wp\/v2\/comments?post=11102"}],"version-history":[{"count":1,"href":"http:\/\/poaciadanca.com.br\/es\/wp-json\/wp\/v2\/pages\/11102\/revisions"}],"predecessor-version":[{"id":11471,"href":"http:\/\/poaciadanca.com.br\/es\/wp-json\/wp\/v2\/pages\/11102\/revisions\/11471"}],"wp:attachment":[{"href":"http:\/\/poaciadanca.com.br\/es\/wp-json\/wp\/v2\/media?parent=11102"}],"curies":[{"name":"wp","href":"https:\/\/api.w.org\/{rel}","templated":true}]}}