{"id":10753,"date":"2016-01-29T20:02:04","date_gmt":"2016-01-29T20:02:04","guid":{"rendered":"http:\/\/poaciadanca.com.br\/?page_id=10753"},"modified":"2016-10-14T00:04:23","modified_gmt":"2016-10-14T02:04:23","slug":"olhos-fechados-no-sol-ficha-tecnica","status":"publish","type":"page","link":"http:\/\/poaciadanca.com.br\/es\/olhos-fechados-no-sol-ficha-tecnica\/","title":{"rendered":"Olhos Fechados no Sol &#8211; Ficha T\u00e9cnica"},"content":{"rendered":"<p>[vc_row expanded=\u00bb2&#8243; css=\u00bb.vc_custom_1456928544647{border-top-width: 50px !important;padding-bottom: 80px !important;background-color: #000000 !important;}\u00bb][vc_column][section_header use_decoration=\u00bb1&#8243; layout_type=\u00bbsection-heading-thin-border\u00bb main_heading=\u00bbFicha T\u00e9cnica\u00bb color=\u00bb#ffffff\u00bb separator_color=\u00bb#c4aa77&#8243; css=\u00bb.vc_custom_1454100784221{padding-top: 50px !important;}\u00bb][vc_row_inner][vc_column_inner width=\u00bb1\/3&#8243;][\/vc_column_inner][vc_column_inner width=\u00bb2\/3&#8243;][vc_column_text]<\/p>\n<p style=\"padding-left: 60px;\"><span style=\"color: #999999;\">Espet\u00e1culo<\/span><\/p>\n<p style=\"padding-left: 90px;\"><span style=\"color: #ffffff;\"><strong>Olhos Fechados no Sol<\/strong><\/span><\/p>\n<p style=\"padding-left: 60px;\"><span style=\"color: #999999;\">Ano de Estreia<\/span><\/p>\n<p style=\"padding-left: 90px;\"><span style=\"color: #ffffff;\"><strong>2008<\/strong><\/span><\/p>\n<p style=\"padding-left: 60px;\"><span style=\"color: #999999;\">Dire\u00e7\u00e3o Geral<\/span><\/p>\n<p style=\"padding-left: 90px;\"><span style=\"color: #ffffff;\"><strong>T\u00e2nia Baumann<\/strong><\/span><\/p>\n<p style=\"padding-left: 60px;\"><span style=\"color: #999999;\">Coreografia<\/span><\/p>\n<p style=\"padding-left: 90px;\"><span style=\"color: #ffffff;\"><strong>Mark Sieczkarek<\/strong><\/span><\/p>\n<p style=\"padding-left: 60px;\"><span style=\"color: #999999;\">Elenco<\/span><\/p>\n<p style=\"padding-left: 90px;\"><span style=\"color: #ffffff;\"><strong>Andressa Pereira<\/strong><\/span><\/p>\n<p style=\"padding-left: 90px;\"><span style=\"color: #ffffff;\"><strong>D\u00e9bora Jung<\/strong><\/span><\/p>\n<p style=\"padding-left: 90px;\"><span style=\"color: #ffffff;\"><strong>Gabriela Sulczinski<\/strong><\/span><\/p>\n<p style=\"padding-left: 90px;\"><span style=\"color: #ffffff;\"><strong>J\u00falia Ribeiro<\/strong><\/span><\/p>\n<p style=\"padding-left: 90px;\"><span style=\"color: #ffffff;\"><strong>Kyrie Isnardi<\/strong><\/span><\/p>\n<p style=\"padding-left: 90px;\"><span style=\"color: #ffffff;\"><strong>Safia<\/strong><\/span><\/p>\n<p style=\"padding-left: 90px;\"><span style=\"color: #ffffff;\"><strong>Samuel Rodrigues<\/strong><\/span><\/p>\n<p style=\"padding-left: 90px;\"><span style=\"color: #ffffff;\"><strong>Tayn\u00e1 Barboza<\/strong><\/span><\/p>\n<p style=\"padding-left: 90px;\"><span style=\"color: #ffffff;\">participa\u00e7\u00e3o: <strong>Eduarda Schneider Steyer<\/strong><\/span><\/p>\n<p style=\"padding-left: 60px;\"><span style=\"color: #999999;\">Cen\u00e1rio e Figurinos<\/span><\/p>\n<p style=\"padding-left: 90px;\"><span style=\"color: #ffffff;\"><strong>Mark Sieczkarek<\/strong><\/span><\/p>\n<p style=\"padding-left: 60px;\"><span style=\"color: #999999;\">Confec\u00e7\u00e3o Cen\u00e1rio<\/span><\/p>\n<p style=\"padding-left: 90px;\"><span style=\"color: #ffffff;\"><strong>Mark Sieczkarek<\/strong><\/span><\/p>\n<p style=\"padding-left: 90px;\"><span style=\"color: #ffffff;\"><strong>Associa\u00e7\u00e3o de Catadores<\/strong><\/span><\/p>\n<p style=\"padding-left: 90px;\"><span style=\"color: #ffffff;\"><strong>Elenco<\/strong><\/span><\/p>\n<p style=\"padding-left: 60px;\"><span style=\"color: #999999;\">Filmes Projetados<\/span><\/p>\n<p style=\"padding-left: 90px;\"><span style=\"color: #ffffff;\"><strong>Bruno Polidoro (dire\u00e7\u00e3o)<\/strong><\/span><\/p>\n<p style=\"padding-left: 90px;\"><span style=\"color: #ffffff;\"><strong>L\u00edvia Santos<\/strong><\/span><\/p>\n<p style=\"padding-left: 90px;\"><span style=\"color: #ffffff;\"><strong>Gabriel Faccini<\/strong><\/span><\/p>\n<p style=\"padding-left: 60px;\"><span style=\"color: #999999;\">Trilha Musical<\/span><\/p>\n<p style=\"padding-left: 90px;\"><span style=\"color: #ffffff;\"><strong>Mark Sieczkarek<\/strong><\/span><\/p>\n<p style=\"padding-left: 60px;\"><span style=\"color: #999999;\">Dire\u00e7\u00e3o T\u00e9cnica e Opera\u00e7\u00e3o de Som<\/span><\/p>\n<p style=\"padding-left: 90px;\"><span style=\"color: #999999;\"><strong><span style=\"color: #ffffff;\">Andr\u00e9 Birck<\/span> <\/strong><\/span><\/p>\n<p style=\"padding-left: 60px;\"><span style=\"color: #999999;\">Design e Opera\u00e7\u00e3o de Luz<\/span><\/p>\n<p style=\"padding-left: 90px;\"><span style=\"color: #ffffff;\"><strong>Maur\u00edcio Moura<\/strong><\/span><\/p>\n<p style=\"padding-left: 90px;\"><span style=\"color: #ffffff;\"><strong>Fabr\u00edcio Sim\u00f5es<\/strong><\/span><\/p>\n<p style=\"padding-left: 60px;\"><span style=\"color: #999999;\">T\u00e9cnico de Palco<\/span><\/p>\n<p style=\"padding-left: 90px;\"><span style=\"color: #999999;\"><strong><span style=\"color: #ffffff;\">Daniel Fetter<\/span> <\/strong><\/span><\/p>\n<p style=\"text-align: left; padding-left: 60px;\"><span style=\"color: #999999;\">Cenot\u00e9cnico e Contra-regra<\/span><\/p>\n<p style=\"padding-left: 90px; text-align: left;\"><span style=\"color: #ffffff;\"><strong>S\u00e9rgio Dornelles<\/strong><\/span><\/p>\n<p style=\"padding-left: 60px;\"><span style=\"color: #999999;\">Design Gr\u00e1fico<\/span><\/p>\n<p style=\"padding-left: 90px;\"><span style=\"color: #ffffff;\"><strong>Mahendra<\/strong><\/span><\/p>\n<p style=\"padding-left: 60px;\"><span style=\"color: #999999;\">Coordena\u00e7\u00e3o de Audiovisual<\/span><\/p>\n<p style=\"padding-left: 90px;\"><span style=\"color: #999999;\"><strong><span style=\"color: #ffffff;\"> Bruno Polidoro<\/span> <\/strong><\/span><\/p>\n<p style=\"padding-left: 60px;\"><span style=\"color: #999999;\">Contabilidade<\/span><\/p>\n<p style=\"padding-left: 90px;\"><span style=\"color: #ffffff;\"><strong>\u00c9tica Contabilidade<\/strong><\/span><\/p>\n<p style=\"padding-left: 60px;\"><span style=\"color: #999999;\">Financeiro<\/span><\/p>\n<p style=\"padding-left: 90px;\"><span style=\"color: #ffffff;\"><strong>Celina Robin<\/strong><\/span><\/p>\n<p style=\"padding-left: 60px;\"><span style=\"color: #999999;\">Coordena\u00e7\u00e3o de Projetos<\/span><\/p>\n<p style=\"padding-left: 90px;\"><span style=\"color: #ffffff;\"><strong>Renato Mesquita<\/strong><\/span><\/p>\n<p style=\"padding-left: 60px;\"><span style=\"color: #999999;\">Comunica\u00e7\u00e3o e Assessoria de Imprensa<\/span><\/p>\n<p style=\"padding-left: 90px;\"><span style=\"color: #ffffff;\"><strong>Andressa Griffante<\/strong><strong> | Comunica\u00e7\u00e3o e Conte\u00fado<\/strong><\/span><\/p>\n<p style=\"padding-left: 60px;\"><span style=\"color: #999999;\">Planejamento, Gest\u00e3o e Marketing<\/span><\/p>\n<p style=\"padding-left: 90px;\"><span style=\"color: #ffffff;\"><strong>Ativar \u2013 PESSOAS | PROJETOS<\/strong><\/span><\/p>\n<p>[\/vc_column_text][\/vc_column_inner][\/vc_row_inner][vc_btn title=\u00bbvolver\u00bb style=\u00bbflat\u00bb color=\u00bbblack\u00bb size=\u00bbxs\u00bb i_icon_fontawesome=\u00bbfa fa-arrow-left\u00bb link=\u00bburl:http%3A%2F%2Fpoaciadanca.com.br%2Folhos-fechados-no-sol%2F||\u00bb add_icon=\u00bbtrue\u00bb][\/vc_column][\/vc_row]<\/p>","protected":false},"excerpt":{"rendered":"<p>[vc_row expanded=\u00bb2&#8243; css=\u00bb.vc_custom_1456928544647{border-top-width: 50px !important;padding-bottom: 80px !important;background-color: #000000 !important;}\u00bb][vc_column][section_header use_decoration=\u00bb1&#8243; layout_type=\u00bbsection-heading-thin-border\u00bb main_heading=\u00bbFicha T\u00e9cnica\u00bb color=\u00bb#ffffff\u00bb separator_color=\u00bb#c4aa77&#8243; css=\u00bb.vc_custom_1454100784221{padding-top: 50px !important;}\u00bb][vc_row_inner][vc_column_inner width=\u00bb1\/3&#8243;][\/vc_column_inner][vc_column_inner width=\u00bb2\/3&#8243;][vc_column_text] Espet\u00e1culo Olhos Fechados no Sol Ano de Estreia 2008 Dire\u00e7\u00e3o Geral T\u00e2nia Baumann Coreografia Mark Sieczkarek Elenco Andressa Pereira D\u00e9bora Jung Gabriela Sulczinski J\u00falia Ribeiro Kyrie Isnardi Safia Samuel Rodrigues Tayn\u00e1 Barboza participa\u00e7\u00e3o: Eduarda Schneider&hellip;<\/p>\n","protected":false},"author":1,"featured_media":0,"parent":0,"menu_order":0,"comment_status":"closed","ping_status":"closed","template":"fullwidth.php","meta":{"footnotes":""},"class_list":["post-10753","page","type-page","status-publish","hentry"],"_links":{"self":[{"href":"http:\/\/poaciadanca.com.br\/es\/wp-json\/wp\/v2\/pages\/10753","targetHints":{"allow":["GET"]}}],"collection":[{"href":"http:\/\/poaciadanca.com.br\/es\/wp-json\/wp\/v2\/pages"}],"about":[{"href":"http:\/\/poaciadanca.com.br\/es\/wp-json\/wp\/v2\/types\/page"}],"author":[{"embeddable":true,"href":"http:\/\/poaciadanca.com.br\/es\/wp-json\/wp\/v2\/users\/1"}],"replies":[{"embeddable":true,"href":"http:\/\/poaciadanca.com.br\/es\/wp-json\/wp\/v2\/comments?post=10753"}],"version-history":[{"count":2,"href":"http:\/\/poaciadanca.com.br\/es\/wp-json\/wp\/v2\/pages\/10753\/revisions"}],"predecessor-version":[{"id":11487,"href":"http:\/\/poaciadanca.com.br\/es\/wp-json\/wp\/v2\/pages\/10753\/revisions\/11487"}],"wp:attachment":[{"href":"http:\/\/poaciadanca.com.br\/es\/wp-json\/wp\/v2\/media?parent=10753"}],"curies":[{"name":"wp","href":"https:\/\/api.w.org\/{rel}","templated":true}]}}