{"id":10720,"date":"2016-01-29T15:36:26","date_gmt":"2016-01-29T15:36:26","guid":{"rendered":"http:\/\/poaciadanca.com.br\/?page_id=10720"},"modified":"2016-10-13T20:46:48","modified_gmt":"2016-10-13T22:46:48","slug":"eu-estive-aqui-ficha-tecnica","status":"publish","type":"page","link":"http:\/\/poaciadanca.com.br\/es\/eu-estive-aqui-ficha-tecnica\/","title":{"rendered":"Eu Estive Aqui &#8211; Ficha T\u00e9cnica"},"content":{"rendered":"<p>[vc_row expanded=\u00bb2&#8243; css=\u00bb.vc_custom_1456928390378{border-top-width: 50px !important;padding-bottom: 80px !important;background-color: #000000 !important;}\u00bb][vc_column][section_header use_decoration=\u00bb1&#8243; layout_type=\u00bbsection-heading-thin-border\u00bb main_heading=\u00bbFicha T\u00e9cnica\u00bb color=\u00bb#ffffff\u00bb separator_color=\u00bb#c4aa77&#8243; css=\u00bb.vc_custom_1454082028631{padding-top: 50px !important;}\u00bb][vc_row_inner][vc_column_inner width=\u00bb1\/3&#8243;][\/vc_column_inner][vc_column_inner width=\u00bb2\/3&#8243;][vc_column_text]<\/p>\n<p style=\"padding-left: 60px;\"><span style=\"color: #999999;\">Espect\u00e1culo<\/span><\/p>\n<p style=\"padding-left: 90px;\"><span style=\"color: #ffffff;\"><strong>Eu Estive Aqui<\/strong><\/span><\/p>\n<p style=\"padding-left: 60px;\"><span style=\"color: #999999;\">Estreno<\/span><\/p>\n<p style=\"padding-left: 90px;\"><span style=\"color: #ffffff;\"><strong>2010<\/strong><\/span><\/p>\n<p style=\"padding-left: 60px;\"><span style=\"color: #999999;\">Direcci\u00f3n General<\/span><\/p>\n<p style=\"padding-left: 90px;\"><span style=\"color: #ffffff;\"><strong>T\u00e2nia Baumann<\/strong><\/span><\/p>\n<p style=\"padding-left: 60px;\"><span style=\"color: #999999;\">Coreograf\u00eda<\/span><\/p>\n<p style=\"padding-left: 90px;\"><span style=\"color: #ffffff;\"><strong>Mark Sieczkarek<\/strong><\/span><\/p>\n<p style=\"padding-left: 60px;\"><span style=\"color: #999999;\">Int\u00e9rpretes<\/span><\/p>\n<p style=\"padding-left: 90px;\"><span style=\"color: #ffffff;\"><strong>Andressa Pereira<\/strong><\/span><\/p>\n<p style=\"padding-left: 90px;\"><span style=\"color: #ffffff;\"><strong>D\u00e9bora Jung<\/strong><\/span><\/p>\n<p style=\"padding-left: 90px;\"><span style=\"color: #ffffff;\"><strong>Gabriela Sulczinski<\/strong><\/span><\/p>\n<p style=\"padding-left: 90px;\"><span style=\"color: #ffffff;\"><strong>J\u00falia Ribeiro<\/strong><\/span><\/p>\n<p style=\"padding-left: 90px;\"><span style=\"color: #ffffff;\"><strong>Kyrie Isnardi<\/strong><\/span><\/p>\n<p style=\"padding-left: 90px;\"><span style=\"color: #ffffff;\"><strong>Safia<\/strong><\/span><\/p>\n<p style=\"padding-left: 90px;\"><span style=\"color: #ffffff;\"><strong>Samuel Rodrigues<\/strong><\/span><\/p>\n<p style=\"padding-left: 90px;\"><span style=\"color: #ffffff;\"><strong>Tayn\u00e1 Barboza<\/strong><\/span><\/p>\n<p style=\"padding-left: 90px;\"><span style=\"color: #ffffff;\">participaci\u00f3: <strong>Eduarda Schneider Steyer<\/strong><\/span><\/p>\n<p style=\"padding-left: 60px;\"><span style=\"color: #999999;\">Escenario y Vestuario <\/span><\/p>\n<p style=\"padding-left: 90px;\"><span style=\"color: #ffffff;\"><strong>Mark Sieczkarek<\/strong><\/span><\/p>\n<p style=\"padding-left: 60px;\"><span style=\"color: #999999;\">Confecci\u00f3n de Escenario <\/span><\/p>\n<p style=\"padding-left: 90px;\"><span style=\"color: #ffffff;\"><strong>Mark Sieczkarek<\/strong><\/span><\/p>\n<p style=\"padding-left: 90px;\"><span style=\"color: #ffffff;\"><strong>Mahendra<\/strong><\/span><\/p>\n<p style=\"padding-left: 90px;\"><span style=\"color: #ffffff;\"><strong>Elenco<\/strong><\/span><\/p>\n<p style=\"padding-left: 60px;\"><span style=\"color: #999999;\">Confecci\u00f3n de Vestuario<\/span><\/p>\n<p style=\"padding-left: 90px;\"><span style=\"color: #ffffff;\"><strong>Neusa<\/strong><strong> Guidotti<\/strong><\/span><\/p>\n<p style=\"padding-left: 90px;\"><span style=\"color: #ffffff;\"><strong>Cleusa Guidotti<\/strong><\/span><\/p>\n<p style=\"padding-left: 60px;\"><span style=\"color: #999999;\">Banda Sonora<\/span><\/p>\n<p style=\"padding-left: 90px;\"><span style=\"color: #ffffff;\"><strong>Mark Sieczkarek<\/strong><\/span><\/p>\n<p style=\"padding-left: 60px;\"><span style=\"color: #999999;\">Direcci\u00f3n T\u00e9cnica y Operaci\u00f3n del Sonido<\/span><\/p>\n<p style=\"padding-left: 90px;\"><span style=\"color: #999999;\"><strong><span style=\"color: #ffffff;\">Andr\u00e9 Birck<\/span> <\/strong><\/span><\/p>\n<p style=\"padding-left: 60px;\"><span style=\"color: #999999;\">Dise\u00f1o y Operaci\u00f3n de la luz<\/span><\/p>\n<p style=\"padding-left: 90px;\"><span style=\"color: #ffffff;\"><strong>Maur\u00edcio Moura<\/strong><\/span><\/p>\n<p style=\"padding-left: 60px;\"><span style=\"color: #999999;\">T\u00e9cnico de Palco<\/span><\/p>\n<p style=\"padding-left: 90px;\"><span style=\"color: #999999;\"><strong><span style=\"color: #ffffff;\">Daniel Fetter<\/span> <\/strong><\/span><\/p>\n<p style=\"text-align: left; padding-left: 60px;\"><span style=\"color: #999999;\">Cenot\u00e9cnico y Contra-regla<\/span><\/p>\n<p style=\"padding-left: 90px; text-align: left;\"><span style=\"color: #ffffff;\"><strong>S\u00e9rgio Dornelles<\/strong><\/span><\/p>\n<p style=\"padding-left: 60px;\"><span style=\"color: #999999;\">Dise\u00f1o Grafico<\/span><\/p>\n<p style=\"padding-left: 90px;\"><span style=\"color: #ffffff;\"><strong>Mahendra<\/strong><\/span><\/p>\n<p style=\"padding-left: 60px;\"><span style=\"color: #999999;\">Coordinaci\u00f3n Audiovisual<\/span><\/p>\n<p style=\"padding-left: 90px;\"><span style=\"color: #999999;\"><strong><span style=\"color: #ffffff;\"> Bruno Polidoro<\/span> <\/strong><\/span><\/p>\n<p style=\"padding-left: 60px;\"><span style=\"color: #999999;\">Contabilidad<\/span><\/p>\n<p style=\"padding-left: 90px;\"><span style=\"color: #ffffff;\"><strong>\u00c9tica Contabilidade<\/strong><\/span><\/p>\n<p style=\"padding-left: 60px;\"><span style=\"color: #999999;\">Financiero<\/span><\/p>\n<p style=\"padding-left: 90px;\"><span style=\"color: #ffffff;\"><strong>Celina Robin<\/strong><\/span><\/p>\n<p style=\"padding-left: 60px;\"><span style=\"color: #999999;\">Coordinaci\u00f3n del Proyecto<\/span><\/p>\n<p style=\"padding-left: 90px;\"><span style=\"color: #ffffff;\"><strong>Renato Mesquita<\/strong><\/span><\/p>\n<p style=\"padding-left: 60px;\"><span style=\"color: #999999;\">Comunicaci\u00f3n y Prensa<\/span><\/p>\n<p style=\"padding-left: 90px;\"><span style=\"color: #ffffff;\"><strong>Andressa Griffante<\/strong><strong> | Comunica\u00e7\u00e3o e Conte\u00fado<\/strong><\/span><\/p>\n<p style=\"padding-left: 60px;\"><span style=\"color: #999999;\">Planificaci\u00f3n, Gesti\u00f3n y Marketing<\/span><\/p>\n<p style=\"padding-left: 90px;\"><span style=\"color: #ffffff;\"><strong>Ativar \u2013 PESSOAS | PROJETOS<\/strong><\/span><\/p>\n<p>[\/vc_column_text][\/vc_column_inner][\/vc_row_inner][vc_btn title=\u00bbvolver\u00bb style=\u00bbflat\u00bb color=\u00bbblack\u00bb size=\u00bbxs\u00bb i_icon_fontawesome=\u00bbfa fa-arrow-left\u00bb link=\u00bburl:http%3A%2F%2Fpoaciadanca.com.br%2Feu-estive-aqui%2F||\u00bb add_icon=\u00bbtrue\u00bb][\/vc_column][\/vc_row]<\/p>","protected":false},"excerpt":{"rendered":"<p>[vc_row expanded=\u00bb2&#8243; css=\u00bb.vc_custom_1456928390378{border-top-width: 50px !important;padding-bottom: 80px !important;background-color: #000000 !important;}\u00bb][vc_column][section_header use_decoration=\u00bb1&#8243; layout_type=\u00bbsection-heading-thin-border\u00bb main_heading=\u00bbFicha T\u00e9cnica\u00bb color=\u00bb#ffffff\u00bb separator_color=\u00bb#c4aa77&#8243; css=\u00bb.vc_custom_1454082028631{padding-top: 50px !important;}\u00bb][vc_row_inner][vc_column_inner width=\u00bb1\/3&#8243;][\/vc_column_inner][vc_column_inner width=\u00bb2\/3&#8243;][vc_column_text] Espect\u00e1culo Eu Estive Aqui Estreno 2010 Direcci\u00f3n General T\u00e2nia Baumann Coreograf\u00eda Mark Sieczkarek Int\u00e9rpretes Andressa Pereira D\u00e9bora Jung Gabriela Sulczinski J\u00falia Ribeiro Kyrie Isnardi Safia Samuel Rodrigues Tayn\u00e1 Barboza participaci\u00f3: Eduarda Schneider Steyer Escenario y&hellip;<\/p>\n","protected":false},"author":1,"featured_media":0,"parent":0,"menu_order":0,"comment_status":"closed","ping_status":"closed","template":"fullwidth.php","meta":{"footnotes":""},"class_list":["post-10720","page","type-page","status-publish","hentry"],"_links":{"self":[{"href":"http:\/\/poaciadanca.com.br\/es\/wp-json\/wp\/v2\/pages\/10720","targetHints":{"allow":["GET"]}}],"collection":[{"href":"http:\/\/poaciadanca.com.br\/es\/wp-json\/wp\/v2\/pages"}],"about":[{"href":"http:\/\/poaciadanca.com.br\/es\/wp-json\/wp\/v2\/types\/page"}],"author":[{"embeddable":true,"href":"http:\/\/poaciadanca.com.br\/es\/wp-json\/wp\/v2\/users\/1"}],"replies":[{"embeddable":true,"href":"http:\/\/poaciadanca.com.br\/es\/wp-json\/wp\/v2\/comments?post=10720"}],"version-history":[{"count":1,"href":"http:\/\/poaciadanca.com.br\/es\/wp-json\/wp\/v2\/pages\/10720\/revisions"}],"predecessor-version":[{"id":11454,"href":"http:\/\/poaciadanca.com.br\/es\/wp-json\/wp\/v2\/pages\/10720\/revisions\/11454"}],"wp:attachment":[{"href":"http:\/\/poaciadanca.com.br\/es\/wp-json\/wp\/v2\/media?parent=10720"}],"curies":[{"name":"wp","href":"https:\/\/api.w.org\/{rel}","templated":true}]}}