{"id":10710,"date":"2016-01-29T13:58:13","date_gmt":"2016-01-29T13:58:13","guid":{"rendered":"http:\/\/poaciadanca.com.br\/?page_id=10710"},"modified":"2016-10-13T23:29:52","modified_gmt":"2016-10-14T01:29:52","slug":"as-unicas-coisas-eternas-sao-as-nuvens-ficha-tecnica","status":"publish","type":"page","link":"http:\/\/poaciadanca.com.br\/es\/as-unicas-coisas-eternas-sao-as-nuvens-ficha-tecnica\/","title":{"rendered":"As \u00danicas Coisas Eternas S\u00e3o As Nuvens &#8211; Ficha T\u00e9cnica"},"content":{"rendered":"<p>[vc_row expanded=\u00bb2&#8243; css=\u00bb.vc_custom_1454079013351{border-top-width: 50px !important;padding-bottom: 80px !important;background-color: #000000 !important;}\u00bb][vc_column][section_header use_decoration=\u00bb1&#8243; layout_type=\u00bbsection-heading-thin-border\u00bb main_heading=\u00bbFicha T\u00e9cnica\u00bb color=\u00bb#ffffff\u00bb separator_color=\u00bb#c4aa77&#8243; css=\u00bb.vc_custom_1454079254700{padding-top: 50px !important;}\u00bb][vc_row_inner][vc_column_inner width=\u00bb1\/3&#8243;][\/vc_column_inner][vc_column_inner width=\u00bb2\/3&#8243;][vc_column_text]<\/p>\n<p style=\"text-align: left; padding-left: 30px;\"><span style=\"color: #999999;\">Espect\u00e1culo<\/span><\/p>\n<p style=\"padding-left: 60px; text-align: left;\"><span style=\"color: #ffffff;\"><strong>As \u00danicas Coisas Eternas S\u00e3o As Nuvens<\/strong><\/span><\/p>\n<p style=\"padding-left: 30px;\"><span style=\"color: #999999;\">Estreno<\/span><\/p>\n<p style=\"padding-left: 60px; text-align: left;\"><span style=\"color: #ffffff;\"><strong>2015<\/strong><\/span><\/p>\n<p style=\"text-align: left; padding-left: 30px;\"><span style=\"color: #999999;\">Direcci\u00f3n General<\/span><\/p>\n<p style=\"padding-left: 60px; text-align: left;\"><span style=\"color: #ffffff;\"><strong>T\u00e2nia Baumann<\/strong><\/span><\/p>\n<p style=\"text-align: left; padding-left: 30px;\"><span style=\"color: #999999;\">Direcci\u00f3n de Arte, Dise\u00f1o y Coreograf\u00eda<\/span><\/p>\n<p style=\"padding-left: 60px; text-align: left;\"><span style=\"color: #ffffff;\"><strong>Jo\u00e3o Butoh<\/strong><\/span><\/p>\n<p style=\"padding-left: 30px;\"><span style=\"color: #999999;\">Int\u00e9rpretes<\/span><\/p>\n<p style=\"padding-left: 60px; text-align: left;\"><span style=\"color: #ffffff;\"><strong>Andressa Pereira<\/strong><\/span><\/p>\n<p style=\"padding-left: 60px; text-align: left;\"><span style=\"color: #ffffff;\"><strong>D\u00e9bora Jung<\/strong><\/span><\/p>\n<p style=\"padding-left: 60px; text-align: left;\"><span style=\"color: #ffffff;\"><strong>J\u00falia Ribeiro<\/strong><\/span><\/p>\n<p style=\"padding-left: 60px; text-align: left;\"><span style=\"color: #ffffff;\"><strong>Kyrie Isnardi<\/strong><\/span><\/p>\n<p style=\"padding-left: 60px; text-align: left;\"><span style=\"color: #ffffff;\"><strong> Safia<\/strong><\/span><\/p>\n<p style=\"padding-left: 60px; text-align: left;\"><span style=\"color: #ffffff;\"><strong>Tayn\u00e1 Barboza<\/strong><\/span><\/p>\n<p style=\"padding-left: 30px;\"><span style=\"color: #999999;\">Consultor\u00eda<\/span><\/p>\n<p style=\"padding-left: 60px; text-align: left;\"><span style=\"color: #ffffff;\"><strong>Elena Quintana<\/strong><\/span><\/p>\n<p style=\"padding-left: 60px; text-align: left;\"><span style=\"color: #ffffff;\"><strong>Lu\u00eds Augusto Fischer<\/strong><\/span><\/p>\n<p style=\"text-align: left; padding-left: 30px;\"><span style=\"color: #999999;\">Escenario, Vestuario y Accesorios<\/span><\/p>\n<p style=\"padding-left: 60px; text-align: left;\"><span style=\"color: #ffffff;\"><strong>Jo\u00e3o Butoh<\/strong><\/span><\/p>\n<p style=\"text-align: left; padding-left: 30px;\"><span style=\"color: #999999;\">Confecci\u00f3n de Escenario, Vestuario y Accesorios<\/span><\/p>\n<p style=\"padding-left: 60px; text-align: left;\"><span style=\"color: #ffffff;\"><strong>Jo\u00e3o Butoh<\/strong><\/span><\/p>\n<p style=\"padding-left: 60px; text-align: left;\"><span style=\"color: #ffffff;\"><strong>Supriya<\/strong><\/span><\/p>\n<p style=\"padding-left: 30px;\"><span style=\"color: #999999;\">Banda Sonora<\/span><\/p>\n<p style=\"padding-left: 60px;\"><span style=\"color: #ffffff;\"><strong>Jo\u00e3o Butoh<\/strong><\/span><\/p>\n<p style=\"text-align: left; padding-left: 30px;\"><span style=\"color: #999999;\">Direcci\u00f3n T\u00e9cnica y Operaci\u00f3n del Sonido<\/span><\/p>\n<p style=\"padding-left: 60px; text-align: left;\"><span style=\"color: #ffffff;\"><strong>Andr\u00e9 Birck<\/strong><\/span><\/p>\n<p style=\"text-align: left; padding-left: 30px;\"><span style=\"color: #999999;\">Dise\u00f1o y Operaci\u00f3n de la luz<\/span><\/p>\n<p style=\"padding-left: 60px; text-align: left;\"><span style=\"color: #ffffff;\"><strong>Maur\u00edcio Moura<\/strong><\/span><\/p>\n<p style=\"text-align: left; padding-left: 30px;\"><span style=\"color: #999999;\">T\u00e9cnico de Palco<\/span><\/p>\n<p style=\"padding-left: 60px; text-align: left;\"><span style=\"color: #ffffff;\"><strong>Daniel Fetter<\/strong><\/span><\/p>\n<p style=\"text-align: left; padding-left: 30px;\"><span style=\"color: #999999;\">Cenot\u00e9cnico y Contra-regla<\/span><\/p>\n<p style=\"padding-left: 60px; text-align: left;\"><span style=\"color: #ffffff;\"><strong>S\u00e9rgio Dornelles<\/strong><\/span><\/p>\n<p style=\"text-align: left; padding-left: 30px;\"><span style=\"color: #999999;\">Asistencia de Producci\u00f3n<\/span><\/p>\n<p style=\"padding-left: 60px; text-align: left;\"><span style=\"color: #ffffff;\"><strong>Kyrie Isnardi<\/strong><\/span><\/p>\n<p style=\"padding-left: 60px; text-align: left;\"><span style=\"color: #ffffff;\"><strong>Supriya<\/strong><\/span><\/p>\n<p style=\"text-align: left; padding-left: 30px;\"><span style=\"color: #999999;\">Dise\u00f1o Grafico<\/span><\/p>\n<p style=\"padding-left: 60px; text-align: left;\"><span style=\"color: #ffffff;\"><strong>Mahendra<\/strong><\/span><\/p>\n<p style=\"padding-left: 30px;\"><span style=\"color: #999999;\">Coordinaci\u00f3n Audiovisual<\/span><\/p>\n<p style=\"padding-left: 60px;\"><strong><span style=\"color: #ffffff;\"> Bruno Polidoro<\/span><\/strong><\/p>\n<p style=\"text-align: left; padding-left: 30px;\"><span style=\"color: #999999;\">Contabilidad<\/span><\/p>\n<p style=\"padding-left: 60px; text-align: left;\"><span style=\"color: #ffffff;\"><strong>\u00c9tica Contabilidade<\/strong><\/span><\/p>\n<p style=\"padding-left: 30px;\"><span style=\"color: #999999;\">Financiero<\/span><\/p>\n<p style=\"padding-left: 60px; text-align: left;\"><span style=\"color: #ffffff;\"><strong>Celina Robin<\/strong><\/span><\/p>\n<p style=\"text-align: left; padding-left: 30px;\"><span style=\"color: #999999;\">Coordinaci\u00f3n del Proyecto<\/span><\/p>\n<p style=\"padding-left: 60px; text-align: left;\"><span style=\"color: #ffffff;\"><strong>Renato Mesquita<\/strong><\/span><\/p>\n<p style=\"text-align: left; padding-left: 30px;\"><span style=\"color: #999999;\">Comunicaci\u00f3n y Prensa<\/span><\/p>\n<p style=\"padding-left: 60px;\"><span style=\"color: #ffffff;\"><strong>Andressa Griffante<\/strong><strong> | Comunica\u00e7\u00e3o e Conte\u00fado<\/strong><\/span><\/p>\n<p style=\"text-align: left; padding-left: 30px;\"><span style=\"color: #999999;\">Planificaci\u00f3n, Gesti\u00f3n y Marketing<\/span><\/p>\n<p style=\"padding-left: 60px; text-align: left;\"><span style=\"color: #ffffff;\"><strong>Ativar \u2013 PESSOAS | PROJETOS<\/strong><\/span><\/p>\n<p>[\/vc_column_text][\/vc_column_inner][\/vc_row_inner][vc_btn title=\u00bbvolver\u00bb style=\u00bbflat\u00bb color=\u00bbblack\u00bb size=\u00bbxs\u00bb i_icon_fontawesome=\u00bbfa fa-arrow-left\u00bb link=\u00bburl:http%3A%2F%2Fpoaciadanca.com.br%2Fas-unicas-coisas-eternas-sao-as-nuvens%2F||\u00bb add_icon=\u00bbtrue\u00bb][\/vc_column][\/vc_row]<\/p>","protected":false},"excerpt":{"rendered":"<p>[vc_row expanded=\u00bb2&#8243; css=\u00bb.vc_custom_1454079013351{border-top-width: 50px !important;padding-bottom: 80px !important;background-color: #000000 !important;}\u00bb][vc_column][section_header use_decoration=\u00bb1&#8243; layout_type=\u00bbsection-heading-thin-border\u00bb main_heading=\u00bbFicha T\u00e9cnica\u00bb color=\u00bb#ffffff\u00bb separator_color=\u00bb#c4aa77&#8243; css=\u00bb.vc_custom_1454079254700{padding-top: 50px !important;}\u00bb][vc_row_inner][vc_column_inner width=\u00bb1\/3&#8243;][\/vc_column_inner][vc_column_inner width=\u00bb2\/3&#8243;][vc_column_text] Espect\u00e1culo As \u00danicas Coisas Eternas S\u00e3o As Nuvens Estreno 2015 Direcci\u00f3n General T\u00e2nia Baumann Direcci\u00f3n de Arte, Dise\u00f1o y Coreograf\u00eda Jo\u00e3o Butoh Int\u00e9rpretes Andressa Pereira D\u00e9bora Jung J\u00falia Ribeiro Kyrie Isnardi Safia Tayn\u00e1 Barboza Consultor\u00eda&hellip;<\/p>\n","protected":false},"author":1,"featured_media":0,"parent":0,"menu_order":0,"comment_status":"closed","ping_status":"closed","template":"fullwidth.php","meta":{"footnotes":""},"class_list":["post-10710","page","type-page","status-publish","hentry"],"_links":{"self":[{"href":"http:\/\/poaciadanca.com.br\/es\/wp-json\/wp\/v2\/pages\/10710","targetHints":{"allow":["GET"]}}],"collection":[{"href":"http:\/\/poaciadanca.com.br\/es\/wp-json\/wp\/v2\/pages"}],"about":[{"href":"http:\/\/poaciadanca.com.br\/es\/wp-json\/wp\/v2\/types\/page"}],"author":[{"embeddable":true,"href":"http:\/\/poaciadanca.com.br\/es\/wp-json\/wp\/v2\/users\/1"}],"replies":[{"embeddable":true,"href":"http:\/\/poaciadanca.com.br\/es\/wp-json\/wp\/v2\/comments?post=10710"}],"version-history":[{"count":2,"href":"http:\/\/poaciadanca.com.br\/es\/wp-json\/wp\/v2\/pages\/10710\/revisions"}],"predecessor-version":[{"id":11476,"href":"http:\/\/poaciadanca.com.br\/es\/wp-json\/wp\/v2\/pages\/10710\/revisions\/11476"}],"wp:attachment":[{"href":"http:\/\/poaciadanca.com.br\/es\/wp-json\/wp\/v2\/media?parent=10710"}],"curies":[{"name":"wp","href":"https:\/\/api.w.org\/{rel}","templated":true}]}}