{"id":9959,"date":"2015-11-09T17:39:41","date_gmt":"2015-11-09T17:39:41","guid":{"rendered":"http:\/\/poaciadanca.com.br\/?page_id=9959"},"modified":"2025-08-14T22:50:42","modified_gmt":"2025-08-15T00:50:42","slug":"eu-estive-aqui","status":"publish","type":"page","link":"http:\/\/poaciadanca.com.br\/en\/eu-estive-aqui\/","title":{"rendered":"I\u2019VE BEEN HERE"},"content":{"rendered":"<p>[vc_row expanded=&#8221;2&#8243; background_style=&#8221;parallax&#8221; css=&#8221;.vc_custom_1453843122830{padding-top: 40px !important;padding-bottom: 160px !important;}&#8221; background_image=&#8221;10285&#8243;][vc_column width=&#8221;2\/3&#8243;][vc_single_image image=&#8221;10290&#8243; img_size=&#8221;full&#8221; css_animation=&#8221;appear&#8221;][vc_column_text css_animation=&#8221;left-to-right&#8221;]<span style=\"color: #ffffff;\">EU ESTIVE AQUI \u00e9 o espet\u00e1culo de dan\u00e7a da Cia portoalegrense que j\u00e1 nasceu internacional. Fruto do interc\u00e2mbio com o core\u00f3grafo escoc\u00eas, radicado na Alemanha h\u00e1 20 anos, Mark Sieczkarek, foi concebido no RS e teve sua estr\u00e9ia na Alemanha, em Wuppertal \u2013 sede do Tanztheater de Pina Bausch, percorrendo outras cidades do estado de Nordrhein-Westfallen. Com surpreendente recep\u00e7\u00e3o pelo p\u00fablico e cr\u00edtica, est\u00e1 finalmente dispon\u00edvel para todos os p\u00fablicos.<\/span><\/p>\n<p><span style=\"color: #ffffff;\">Um espet\u00e1culo alegre, intenso, que resgata componentes do ballet, com deslocamentos sim\u00e9tricos e precisos; mistura signos universais e alguns movimentos que lembram as Gueixas na cultura japonesa. Toda essa mistura resulta numa dan\u00e7a contempor\u00e2nea original. Uma celebra\u00e7\u00e3o que provoca no p\u00fablico a vontade de subir no palco e se entregar para a dan\u00e7a.\u00a0 S\u00e3o 50 minutos de um ritual m\u00e1gico, hipn\u00f3tico, embalado pelo Cordel do Fogo Encantado, Caetano Veloso, Nan\u00e1 Vasconcelos.<\/span>[\/vc_column_text][\/vc_column][vc_column width=&#8221;1\/3&#8243;][\/vc_column][\/vc_row][vc_row expanded=&#8221;2&#8243; background_style=&#8221;parallax&#8221; css=&#8221;.vc_custom_1455347564642{padding-bottom: 20px !important;}&#8221; background_image=&#8221;10869&#8243;][vc_column width=&#8221;2\/3&#8243;][section_header use_decoration=&#8221;1&#8243; layout_type=&#8221;section-heading-thin-border&#8221; main_heading=&#8221;Sinopse&#8221; separator_color=&#8221;#c4aa77&#8243; css=&#8221;.vc_custom_1453842985063{padding-top: 50px !important;}&#8221;][vc_column_text css_animation=&#8221;left-to-right&#8221; css=&#8221;.vc_custom_1454086258204{padding-bottom: 50px !important;}&#8221;]A segunda coreografia de Mark Sieczkarek para a PORTO ALEGRE CIA DE DAN\u00c7A \u00e9 inspirada na observa\u00e7\u00e3o da eterna e infrut\u00edfera tentativa humana de aprisionar o tempo.<\/p>\n<p>EU ESTIVE AQUI questiona a cria\u00e7\u00e3o de identidades que delimitam o sem fronteira e mascaram o fato de pertencermos a um organismo vivo, o planeta Terra. No espet\u00e1culo temos um aprofundamento da busca humana, independentemente de local e tempo. A vontade de perpetuar o momento, que quando representado j\u00e1 n\u00e3o existe mais. EU ESTIVE AQUI aponta para o eterno que h\u00e1 em cada instante e traz para o palco a intensidade do momento presente, t\u00e3o presente na dan\u00e7a, ef\u00eamera por natureza.<\/p>\n<p>S\u00e3o movimentos que remetem a uma l\u00edngua oculta, talvez ancestral, repleta de significados, um desejo oculto de comunicar a impossibilidade de compreender. Uma incompreens\u00e3o que muitas vezes gera o impulso por deixar uma marca, ainda que seja uma cicatriz no planeta, um grito est\u00e1tico &#8211; EU ESTIVE AQUI.<\/p>\n<p>A obra revela um caminho para a transcend\u00eancia, a entrega com totalidade celebrada pela dan\u00e7a coletiva.[\/vc_column_text][\/vc_column][vc_column width=&#8221;1\/3&#8243;][\/vc_column][\/vc_row][vc_row expanded=&#8221;2&#8243; background_style=&#8221;fixed&#8221; css=&#8221;.vc_custom_1477109272334{padding-bottom: 50px !important;background-color: #d3d3d3 !important;}&#8221; background_image=&#8221;10513&#8243;][vc_column width=&#8221;1\/2&#8243;][section_header use_decoration=&#8221;1&#8243; layout_type=&#8221;section-heading-thin-border&#8221; main_heading=&#8221;Cen\u00e1rio&#8221; color=&#8221;#ffffff&#8221; separator_color=&#8221;#c4aa77&#8243; css=&#8221;.vc_custom_1453851225766{padding-top: 50px !important;}&#8221;][vc_column_text css_animation=&#8221;appear&#8221;]<span style=\"color: #ffffff;\">O cen\u00e1rio de EU ESTIVE AQUI \u00e9 composto por quatro pain\u00e9is de 6m de altura por 10m de comprimento, que comp\u00f5em uma caixa c\u00eanica delimitadora da a\u00e7\u00e3o. S\u00e3o 240 m2 pintados a m\u00e3o pelo artista polivalente Mark Sieczkarek, em colabora\u00e7\u00e3o com apoiadores da Companhia. A representa\u00e7\u00e3o de flores e sementes remete \u00e0 diversidade da flora brasileira e esta harmonia cria um contraste com as marcas no planeta, deixadas pelo homem. A textura transl\u00facida dos pain\u00e9is promove mergulhos sensoriais, induzidos pelas trocas de luz.<\/span>[\/vc_column_text][\/vc_column][vc_column width=&#8221;1\/2&#8243;][section_header use_decoration=&#8221;1&#8243; layout_type=&#8221;section-heading-thin-border&#8221; main_heading=&#8221;Figurino&#8221; color=&#8221;#ffffff&#8221; separator_color=&#8221;#c4aa77&#8243; css=&#8221;.vc_custom_1453851243341{padding-top: 50px !important;}&#8221;][vc_column_text css_animation=&#8221;appear&#8221; css=&#8221;.vc_custom_1476453814146{padding-bottom: 450px !important;}&#8221;]<span style=\"color: #ffffff;\">Os figurinos seguem o mesmo padr\u00e3o do cen\u00e1rio, representando a harmonia existente entre as pessoas e o meio. Um organismo vivo de constante troca, que influencia e \u00e9 influenciado por seus seres. Concebidos pelo tamb\u00e9m estilista Mark Sieczkarek, foram viabilizados e produzidos a partir das solu\u00e7\u00f5es criativas da costureira Neusa Guidotti.<\/span><\/p>\n<p><span style=\"color: #ffffff;\">Cen\u00e1rio e figurinos foram criados para proporcionar ao espet\u00e1culo uma atmosfera que remete o espectador \u00e0 sensa\u00e7\u00e3o de comunh\u00e3o com a natureza e para que ele possa, ao final, sentir ter participado de um ritual m\u00e1gico.<\/span>[\/vc_column_text][\/vc_column][\/vc_row][vc_row expanded=&#8221;2&#8243; background_style=&#8221;fixed&#8221; css=&#8221;.vc_custom_1453876645893{padding-top: 50px !important;padding-bottom: 450px !important;background-color: #d3d3d3 !important;}&#8221; background_image=&#8221;10549&#8243;][vc_column width=&#8221;1\/2&#8243;][section_header use_decoration=&#8221;1&#8243; layout_type=&#8221;section-heading-thin-border&#8221; main_heading=&#8221;M\u00fasica&#8221; color=&#8221;#ffffff&#8221; separator_color=&#8221;#c4aa77&#8243;][vc_column_text css_animation=&#8221;appear&#8221; css=&#8221;.vc_custom_1453874003109{padding-right: 20px !important;}&#8221;]<span style=\"color: #ffffff;\">A trilha sonora foi resultado de pesquisa interativa entre os movimentos que surgiam e as batidas marcadas da percuss\u00e3o. Mark Sieczkarek comenta que aprendeu a l\u00edngua portuguesa de tanto gostar e ouvir a m\u00fasica brasileira. Esse conhecimento se mostra profundo quando ele nos apresenta m\u00fasicas de Caetano Veloso, pouco conhecidas at\u00e9 mesmo dos f\u00e3s. O tema do espet\u00e1culo foi criado com uma sequ\u00eancia de repeti\u00e7\u00f5es da m\u00fasica \u201cOs oim do meu amor\u201d do grupo pernambucano Cordel do Fogo Encantado. Ainda est\u00e3o presentes Nan\u00e1 Vasconcelos e m\u00fasicas de fus\u00e3o com ritmos cubanos e brasileiros. Essa sele\u00e7\u00e3o \u00e9 costurada pela batida brasileira do pandeiro. Uma trilha envolvente que interage com a dan\u00e7a provocando uma imers\u00e3o do espectador.<\/span>[\/vc_column_text][\/vc_column][vc_column width=&#8221;1\/2&#8243;][section_header use_decoration=&#8221;1&#8243; layout_type=&#8221;section-heading-thin-border&#8221; main_heading=&#8221;Ilumina\u00e7\u00e3o&#8221; color=&#8221;#ffffff&#8221; separator_color=&#8221;#c4aa77&#8243;][vc_column_text css_animation=&#8221;appear&#8221; css=&#8221;.vc_custom_1454087078301{padding-left: 40px !important;}&#8221;]<span style=\"color: #ffffff;\">Do escuro surge uma luz-contra, intensa e a leveza do movimento projetado como sombra chinesa vai introduzindo a forma. Sombra e luz. Preto e branco. A batida do pandeiro dinamizando o gesto que vai se destacando das folhas e flores do cen\u00e1rio e figurinos. Uma luz que a tudo integra e exp\u00f5e as particularidades, trazendo os bailarinos para o primeiro plano e integrando-os ao cen\u00e1rio. As pequenas varia\u00e7\u00f5es de cores e texturas v\u00e3o pontuando o desenrolar da dan\u00e7a e marcando as mudan\u00e7as de clima. O design da luz, assinado por Maur\u00edcio Moura, \u00e9 mais uma evid\u00eancia da integra\u00e7\u00e3o da equipe e da vis\u00e3o \u00fanica da est\u00e9tica sugerida.<\/span>[\/vc_column_text][\/vc_column][\/vc_row][vc_row expanded=&#8221;2&#8243; css=&#8221;.vc_custom_1453873672526{padding-top: 30px !important;padding-bottom: 30px !important;background-color: #d3d3d3 !important;}&#8221;][vc_column width=&#8221;1\/4&#8243;][\/vc_column][vc_column width=&#8221;1\/2&#8243;][section_header use_decoration=&#8221;1&#8243; layout_type=&#8221;section-heading-thin-border&#8221; main_heading=&#8221;Depoimentos&#8221; separator_color=&#8221;#c4aa77&#8243;][dt_carousel autoplay=&#8221;1&#8243; interval=&#8221;15000&#8243; pagination_color=&#8221;#c4aa77&#8243; pagination_size=&#8221;20&#8243;][vc_column_text]<\/p>\n<blockquote>\n<p>Assisti a pr\u00e9-estreia ontem e gostei muito, parab\u00e9ns! Muito interessante as trilhas escolhidas com todo o gestual da coreografia. N\u00e3o entendo muito de dan\u00e7a, mas minha compreens\u00e3o foi da coloca\u00e7\u00e3o em cena da vida, seu in\u00edcio, a necessidade de outro, alegrias, tristezas, brincadeiras de crian\u00e7as, o misticismo. A altern\u00e2ncia de ritmo, emocionante, bacana. Ser\u00e1 que minha percep\u00e7\u00e3o est\u00e1 correta? Grande abra\u00e7o e sucesso para a CIA!<\/p>\n<\/blockquote>\n<p style=\"text-align: right;\"><em><strong>Rosangela Batistela<\/strong><\/em> &#8211; empres\u00e1ria<\/p>\n<p>[\/vc_column_text][vc_column_text]<\/p>\n<blockquote>\n<p>\u00c9 muito bom usufruir dos espet\u00e1culos da Porto Alegre Cia de Dan\u00e7a. Chama a aten\u00e7\u00e3o o rigor, a disciplina, a criatividade com que levam seu trabalho.<\/p>\n<\/blockquote>\n<p style=\"text-align: right;\"><em><strong>Gl\u00eanio P\u00f3voas<\/strong><\/em> &#8211; pesquisador e professor de cinema<\/p>\n<p>[\/vc_column_text][vc_column_text]<\/p>\n<blockquote>\n<p>O espet\u00e1culo de dan\u00e7a mais legal que eu j\u00e1 vi! Quando sa\u00ed da apresenta\u00e7\u00e3o haviam pessoas cantando a m\u00fasica Zoinho do meu Amor e eu fiquei com ela na cabe\u00e7a durante uma semana.<\/p>\n<\/blockquote>\n<p style=\"text-align: right;\"><em><strong>Pedro de Andrade<\/strong><\/em> &#8211; estudante<\/p>\n<p>[\/vc_column_text][vc_column_text]<\/p>\n<blockquote>\n<p>Pode-se afirmar, sem risco de exagero, que a segunda parte da trilogia &#8220;Partituras Brasileiras&#8221; da Porto Alegre Cia de Dan\u00e7a, \u00e9 um trabalho primoroso. O que se v\u00ea \u00e9 um espet\u00e1culo alegre, delicado, instigante. O todo dialoga harmoniosamente, proporcionando grande prazer ao espectador. Parab\u00e9ns pela compet\u00eancia. Obrigada pelo prazer proporcionado.<\/p>\n<\/blockquote>\n<p style=\"text-align: right;\"><em><strong>Iara Chaves<\/strong><\/em> &#8211; advogada<\/p>\n<p>[\/vc_column_text][vc_column_text]<\/p>\n<blockquote>\n<p>Tocante, est\u00e9tico e delicado, esses s\u00e3o tr\u00eas adjetivos que poderiam substituir o nome do espet\u00e1culo EU ESTIVE QUI. Adorei a m\u00fasica e a express\u00e3o dos bailarinos, parab\u00e9ns a todos pela dedica\u00e7\u00e3o a arte.<\/p>\n<\/blockquote>\n<p style=\"text-align: right;\"><em><strong>Ednardo Lima<\/strong><\/em> &#8211; professor<\/p>\n<p>[\/vc_column_text][vc_column_text]<\/p>\n<blockquote>\n<p>Caprichado, chique, bem coreografado e muito bem dan\u00e7ado. Uma atmosfera leve com uma brasilidade vista por quem veio de muito longe. Este \u00e9 o trabalho da Porto Alegre Cia de Dan\u00e7a. Me alegro de ter podido estar naquele momento compartilhando desta cena.<br \/>\nBj parab\u00e9ns!<\/p>\n<\/blockquote>\n<p style=\"text-align: right;\"><em><strong>Lisete Vargas<\/strong><\/em> &#8211; professora<\/p>\n<p>[\/vc_column_text][vc_column_text]<\/p>\n<blockquote>\n<p>Estive hoje no EU ESTIVE AQUI. Fiquei encantada com o espet\u00e1culo. O cen\u00e1rio maravilhoso! Quando aquela caixa do tempo se abre, parece que um vento m\u00e1gico passa pela plat\u00e9ia. P\u00e1ssaros, borboletas, lembran\u00e7as, hist\u00f3rias ganham a liberdade. Bailarinos, coreografias, figurinos, trilha, luz: tudo muito bonito! Parab\u00e9ns! Sucesso para a companhia. Abra\u00e7o para todos!<\/p>\n<\/blockquote>\n<p style=\"text-align: right;\"><em><strong>Tet\u00e9 Furtado<\/strong><\/em> &#8211; bailarina<\/p>\n<p>[\/vc_column_text][\/dt_carousel][\/vc_column][vc_column width=&#8221;1\/4&#8243;][\/vc_column][\/vc_row][vc_row expanded=&#8221;2&#8243; background_style=&#8221;fixed&#8221; css=&#8221;.vc_custom_1453877029249{padding-top: 65px !important;padding-bottom: 50px !important;background-color: #3f3f3f !important;}&#8221; background_image=&#8221;10532&#8243;][vc_column width=&#8221;1\/6&#8243;]<div id=\"module_dt_iconboxes_1\" class=\"module_dt_iconboxes\"><div class=\"dt-iconboxes-5 layout-5\" >\r\n                        <div class=\"dt-section-icon hi-icon-wrap hi-icon-effect-5 hi-icon-effect-5a\"><a target='_self' href='https:\/\/poaciadanca.com.br\/eu-estive-aqui-fotos-2\/'><i class=\"hi-icon icon-camera-7\"><\/i><\/a><\/div>\r\n                        <h4 style=\"color:#ffffff\"><\/h4><div class=\"dt-iconboxes-text\"><h4 style=\"text-align: center;\"><strong><span style=\"color: #ffffff;\"><a style=\"color: #ffffff;\" href=\"https:\/\/poaciadanca.com.br\/eu-estive-aqui-fotos-2\">FOTOGRAFIAS<\/a><\/span><\/strong><\/h4>\n<\/div>\r\n                        <\/div><\/div>[\/vc_column][vc_column width=&#8221;1\/6&#8243;]<div id=\"module_dt_iconboxes_2\" class=\"module_dt_iconboxes\"><div class=\"dt-iconboxes-5 layout-5\" >\r\n                        <div class=\"dt-section-icon hi-icon-wrap hi-icon-effect-5 hi-icon-effect-5a\"><a target='_self' href='http:\/\/poaciadanca.com.br\/eu-estive-aqui-clip\/'><i class=\"hi-icon icon-movie\"><\/i><\/a><\/div>\r\n                        <h4><\/h4><div class=\"dt-iconboxes-text\"><h4 style=\"text-align: center;\"><strong><span style=\"color: #ffffff;\"><a style=\"color: #ffffff;\" href=\"http:\/\/poaciadanca.com.br\/eu-estive-aqui-clip\/\">V\u00cdDEO CLIP<\/a><\/span><\/strong><\/h4>\n<\/div>\r\n                        <\/div><\/div>[\/vc_column][vc_column width=&#8221;1\/6&#8243;]<div id=\"module_dt_iconboxes_3\" class=\"module_dt_iconboxes\"><div class=\"dt-iconboxes-5 layout-5\" >\r\n                        <div class=\"dt-section-icon hi-icon-wrap hi-icon-effect-5 hi-icon-effect-5a\"><a target='_self' href='\/eu-estive-aqui-coreografo\/'><i class=\"hi-icon icon-feather\"><\/i><\/a><\/div>\r\n                        <h4><\/h4><div class=\"dt-iconboxes-text\"><h4 style=\"text-align: center;\"><span style=\"color: #ffffff;\"><strong><a style=\"color: #ffffff;\" href=\"\/eu-estive-aqui-coreografo\/\">CORE\u00d3GRAFO<\/a><\/strong><\/span><\/h4>\n<\/div>\r\n                        <\/div><\/div>[\/vc_column][vc_column width=&#8221;1\/6&#8243;]<div id=\"module_dt_iconboxes_4\" class=\"module_dt_iconboxes\"><div class=\"dt-iconboxes-5 layout-5\" >\r\n                        <div class=\"dt-section-icon hi-icon-wrap hi-icon-effect-5 hi-icon-effect-5a\"><a target='_self' href='http:\/\/poaciadanca.com.br\/eu-estive-aqui-ficha-tecnica\/'><i class=\"hi-icon icon-star-8\"><\/i><\/a><\/div>\r\n                        <h4><\/h4><div class=\"dt-iconboxes-text\"><h4 style=\"text-align: center;\"><a href=\"http:\/\/poaciadanca.com.br\/eu-estive-aqui-ficha-tecnica\/\"><span style=\"color: #ffffff;\"><strong>FICHA T\u00c9CNICA<\/strong><\/span><\/a><\/h4>\n<\/div>\r\n                        <\/div><\/div>[\/vc_column][vc_column width=&#8221;1\/6&#8243;]<div id=\"module_dt_iconboxes_5\" class=\"module_dt_iconboxes\"><div class=\"dt-iconboxes-5 layout-5\" >\r\n                        <div class=\"dt-section-icon hi-icon-wrap hi-icon-effect-5 hi-icon-effect-5a\"><a target='_blank' href='http:\/\/poaciadanca.com.br\/wp-content\/uploads\/2016\/10\/Folder-Eu-Estive-Aqui-site-PORTUGUES-1.pdf'><i class=\"hi-icon icon-download-cloud\"><\/i><\/a><\/div>\r\n                        <h4><\/h4><div class=\"dt-iconboxes-text\"><h4 style=\"text-align: center;\"><span style=\"color: #ffffff;\"><strong><a style=\"color: #ffffff;\" href=\"http:\/\/poaciadanca.com.br\/wp-content\/uploads\/2016\/10\/Folder-Eu-Estive-Aqui-site-PORTUGUES-1.pdf\" target=\"_blank\">FOLDER<\/a><\/strong><\/span><\/h4>\n<\/div>\r\n                        <\/div><\/div>[\/vc_column][vc_column width=&#8221;1\/6&#8243;]<div id=\"module_dt_iconboxes_6\" class=\"module_dt_iconboxes\"><div class=\"dt-iconboxes-5 layout-5\" >\r\n                        <div class=\"dt-section-icon hi-icon-wrap hi-icon-effect-5 hi-icon-effect-5a\"><a target='_blank' href='http:\/\/poaciadanca.com.br\/necessidades-tecnicas_EU_ESTIVE_AQUI.pdf'><i class=\"hi-icon icon-info-1\"><\/i><\/a><\/div>\r\n                        <h4><\/h4><div class=\"dt-iconboxes-text\"><h4 style=\"text-align: center;\"><span style=\"color: #ffffff;\"><strong><a style=\"color: #ffffff;\" href=\"http:\/\/poaciadanca.com.br\/necessidades-tecnicas_EU_ESTIVE_AQUI.pdf\" target=\"_blank\">INFORMA\u00c7\u00d5ES T\u00c9CNICAS<\/a><\/strong><\/span><\/h4>\n<\/div>\r\n                        <\/div><\/div>[\/vc_column][\/vc_row][vc_row expanded=&#8221;2&#8243; background_style=&#8221;fixed&#8221; full_width=&#8221;stretch_row&#8221; css=&#8221;.vc_custom_1453866605928{padding-top: 50px !important;padding-bottom: 50px !important;background-color: #ffffff !important;}&#8221; el_id=&#8221;espetaculos&#8221;][vc_column][vc_row_inner][vc_column_inner][section_header use_decoration=&#8221;1&#8243; layout_type=&#8221;section-heading-thin-border&#8221; main_heading=&#8221;Outros Espet\u00e1culos&#8221; color=&#8221;#000000&#8243; separator_color=&#8221;#c4aa77&#8243;][\/vc_column_inner][\/vc_row_inner][vc_row_inner css=&#8221;.vc_custom_1453864054792{padding-top: 15px !important;}&#8221;][vc_column_inner width=&#8221;1\/6&#8243;][\/vc_column_inner][vc_column_inner width=&#8221;1\/6&#8243;][\/vc_column_inner][vc_column_inner width=&#8221;1\/6&#8243;][vc_single_image image=&#8221;10518&#8243; img_size=&#8221;full&#8221; onclick=&#8221;custom_link&#8221; css_animation=&#8221;appear&#8221; image_hover=&#8221;text&#8221; link=&#8221;http:\/\/poaciadanca.com.br\/olhos-fechados-no-sol\/&#8221;][\/vc_column_inner][vc_column_inner width=&#8221;1\/6&#8243;][vc_single_image image=&#8221;10519&#8243; img_size=&#8221;full&#8221; onclick=&#8221;custom_link&#8221; css_animation=&#8221;appear&#8221; image_hover=&#8221;text&#8221; link=&#8221;http:\/\/poaciadanca.com.br\/as-unicas-coisas-eternas-sao-as-nuvens\/&#8221;][\/vc_column_inner][vc_column_inner width=&#8221;1\/6&#8243;][\/vc_column_inner][vc_column_inner width=&#8221;1\/6&#8243;][\/vc_column_inner][\/vc_row_inner][\/vc_column][\/vc_row][vc_column][\/vc_column]<\/p>\n","protected":false},"excerpt":{"rendered":"<p>[vc_row expanded=&#8221;2&#8243; background_style=&#8221;parallax&#8221; css=&#8221;.vc_custom_1453843122830{padding-top: 40px !important;padding-bottom: 160px !important;}&#8221; background_image=&#8221;10285&#8243;][vc_column width=&#8221;2\/3&#8243;][vc_single_image image=&#8221;10290&#8243; img_size=&#8221;full&#8221; css_animation=&#8221;appear&#8221;][vc_column_text css_animation=&#8221;left-to-right&#8221;]EU ESTIVE AQUI \u00e9 o espet\u00e1culo de dan\u00e7a da Cia portoalegrense que j\u00e1 nasceu internacional. Fruto do interc\u00e2mbio com o core\u00f3grafo escoc\u00eas, radicado na Alemanha h\u00e1 20 anos, Mark Sieczkarek, foi concebido no RS e teve sua estr\u00e9ia na Alemanha, em Wuppertal&hellip;<\/p>\n","protected":false},"author":1,"featured_media":0,"parent":0,"menu_order":0,"comment_status":"closed","ping_status":"closed","template":"fullwidth.php","meta":{"footnotes":""},"class_list":["post-9959","page","type-page","status-publish","hentry"],"_links":{"self":[{"href":"http:\/\/poaciadanca.com.br\/en\/wp-json\/wp\/v2\/pages\/9959","targetHints":{"allow":["GET"]}}],"collection":[{"href":"http:\/\/poaciadanca.com.br\/en\/wp-json\/wp\/v2\/pages"}],"about":[{"href":"http:\/\/poaciadanca.com.br\/en\/wp-json\/wp\/v2\/types\/page"}],"author":[{"embeddable":true,"href":"http:\/\/poaciadanca.com.br\/en\/wp-json\/wp\/v2\/users\/1"}],"replies":[{"embeddable":true,"href":"http:\/\/poaciadanca.com.br\/en\/wp-json\/wp\/v2\/comments?post=9959"}],"version-history":[{"count":2,"href":"http:\/\/poaciadanca.com.br\/en\/wp-json\/wp\/v2\/pages\/9959\/revisions"}],"predecessor-version":[{"id":15829,"href":"http:\/\/poaciadanca.com.br\/en\/wp-json\/wp\/v2\/pages\/9959\/revisions\/15829"}],"wp:attachment":[{"href":"http:\/\/poaciadanca.com.br\/en\/wp-json\/wp\/v2\/media?parent=9959"}],"curies":[{"name":"wp","href":"https:\/\/api.w.org\/{rel}","templated":true}]}}