{"id":11904,"date":"2020-03-12T23:44:35","date_gmt":"2020-03-13T01:44:35","guid":{"rendered":"http:\/\/poaciadanca.com.br\/?page_id=11904"},"modified":"2025-06-09T10:29:51","modified_gmt":"2025-06-09T12:29:51","slug":"a-diretora","status":"publish","type":"page","link":"http:\/\/poaciadanca.com.br\/en\/a-diretora\/","title":{"rendered":"A Diretora"},"content":{"rendered":"<p>[vc_row][vc_column][vc_column_text]<\/p>\n<p>[\/vc_column_text][\/vc_column][\/vc_row][vc_row expanded=&#8221;2&#8243; background_style=&#8221;parallax&#8221; css=&#8221;.vc_custom_1456933884573{padding-bottom: 30px !important;}&#8221; background_image=&#8221;12103&#8243;][vc_column][vc_row_inner][vc_column_inner width=&#8221;3\/5&#8243;][section_header use_decoration=&#8221;1&#8243; layout_type=&#8221;section-heading-thin-border&#8221; main_heading=&#8221;Safia T\u00e2nia Baumann&#8221; color=&#8221;#ffffff&#8221; separator_color=&#8221;#c4aa77&#8243; css=&#8221;.vc_custom_1652801819962{padding-top: 70px !important;padding-bottom: 20px !important;}&#8221;][\/vc_column_inner][vc_column_inner width=&#8221;2\/5&#8243;][\/vc_column_inner][\/vc_row_inner][vc_row_inner][vc_column_inner width=&#8221;3\/5&#8243;][vc_column_text css_animation=&#8221;left-to-right&#8221; css=&#8221;.vc_custom_1749472181952{padding-bottom: 90px !important;}&#8221;]<span style=\"color: #ffffff;\">Safia Highlights:<\/span><br \/>\n<span style=\"color: #ffffff;\">\u2022 Ballerina, dance teacher and director of Porto Alegre Dance Company.<\/span><br \/>\n<span style=\"color: #ffffff;\">\u2022 Graduated in classical ballet with improvement for two years at the State School of Classical Ballet in <strong>Kiev<\/strong>, ex-Soviet Union.<\/span><br \/>\n<span style=\"color: #ffffff;\">\u2022 Internship in the National Ballet of <strong>Cuba<\/strong> and Ballet de Camaguey for two years.<\/span><br \/>\n<span style=\"color: #ffffff;\">\u2022 Studied modern dance in <strong>New York<\/strong> at the Trisha Brown Company and Movement Research.<\/span><br \/>\n<span style=\"color: #ffffff;\">\u2022 Creator of Biostretch, a system that integrates somatic education and dance techniques.<\/span><\/p>\n<p><span style=\"color: #ffffff;\">SAFIA T\u00c2NIA BAUMANN is a german brasilian dancer. She joined the Jo\u00e3o Luiz Rolla School, in <strong>Porto Alegre<\/strong>, under the guidance of his orthopedist who suggested the practice of ballet to adjust the position of the feet turned inwards. Gradually from a necessity it became a great passion. The child became an applied student who won attendance awards every year at school, a delight that Master Rolla offered to his most dedicated students. Safia remembers Mrs. Rolla with a lot of affection and admiration. The enthusiasm he exuded for the art of dance would influence and be fundamental to her future career as a dancer.<\/span><\/p>\n<p><span style=\"color: #ffffff;\">Safia graduated in 1982 winning first place in the final exams. The newly formed ballerina started to look for classes with different teachers in the city, like Tony Seitz Petzhold and Walter Arias, with whom she had her first contact with the Vaganova method, the Russian ballet school. For a while, she danced in some local companies and started teaching, giving dance lessons to children.<\/span><\/p>\n<p><span style=\"color: #ffffff;\">When she finished high school the only thought was about dancing and traveling the world and she was determined to go in search of her dreams. She packed her bags and with the full support of her parents, she moved to <strong>Rio do Janeiro<\/strong> city where she would seek to deepen her studies in ballet. There she began to attend daily classes at the renowned school of Eugenia Feodorova and also became a Flavio Sampaio&#8217;s student at the Nora Esteves Dance School. This time in her words, was very inspiring. T\u00e2nia reports she was able to attend major international dance companies at the Municipal Theater and this encouraged her to seek ways to pursue her studies abroad. Her greatest desire was to get to know the Russian school where names like Rudolf Nureyev and Mikhail Baryshnikov came from, exponents of the ballet world that she had already the opportunity to watch on stage.<\/span><\/p>\n<p><span style=\"color: #ffffff;\">In late 1988, Safia received a scholarship to complement her studies at the State School of Classical Ballet in <strong>Kiev, Ukraine<\/strong>. There she stayed for almost two years receiving daily classes in ballet, acting, folk dance, repertoire and pas de deux, in addition to Russian idiom and music classes. During this period, with all the support offered to a dance student in USSR, she had the chance to delve deeper into the Vaganova method, to attend theaters in Kiev, Saint Petersburg and Moscow and to watch large assemblies of the ballet repertoire. It was, as she recognizes, a unique opportunity to live in a country with a different political system and different values; and where art and culture have a special importance. Above all, it was an extraordinary life experience.<\/span><\/p>\n<p><span style=\"color: #ffffff;\">She returned to Brazil in 1990 and already in 1993 she embarked to <strong>Cuba<\/strong> for professional development. Her passage through the Ballet de Camaguey and Ballet Nacional de Cuba allowed her to learn about the adaptations of the Vaganova method that resulted in the Cuban ballet school. She says that it was two years of intense contact with other Cuban artists: painters, sculptors, musicians, theater directors and cinema aficionados.<\/span><\/p>\n<p><span style=\"color: #ffffff;\">This experience would expand her horizons in dance inaugurating a new stage in her artistic career. She felt the desire to expand her dance beyond the ballet repertoire and experience new challenges as a dancer. She started looking for new possibilities for expression and in 1994 she joined the Terps\u00ed Teatro de Dan\u00e7a Company where remained until 2007. In this company, she participated in several spectacles, in addition to coordinating several projects in Brazil and abroad; and acting as a ballet teacher. There, her first steps were literally in a world other than classical ballet and a unique opportunity to develop her skills as an interpreter, further than fairies, peasants, swans and princesses.<\/span><\/p>\n<p><span style=\"color: #ffffff;\">In 1997 she got a scholarship from CAPES &#8211; Coordination for the Improvement of Higher Education Personnel and Ministry of Culture of Brazil (MINC) in the first year of the project APARTES, Program of Improvement in Arts Abroad offered for young artists. She studied modern dance, Release technique, during one year in <strong>New York<\/strong> city at Trisha Brown Company and Movement Research. In this period, in addition to specializing in dance, she had her first experiments with different Somatic Education techniques.<\/span><\/p>\n<p><span style=\"color: #ffffff;\">In 2000 she was invited to participate as a dancer, along with other dancers and exponents of the music of Rio Grande do Sul, in the spectacle made especially to represent the Rio Grande do Sul in the Expo 2000 in <strong>Hannover, Germany<\/strong>. Simultaneously with her professional development as a dancer, Safia continued to act as a dance teacher, both for adults and children, including in social projects. She fondly recalls when she worked with children as a dance teacher of the Decentralization Project of Culture, from the Municipality of Porto Alegre, in 2004. At that time, she was studying Literature at the Federal University of Rio Grande do Sul &#8211; UFRGS, where she would graduate in 2013, developing another passion that accompanied her since childhood, literature.<\/span><\/p>\n<p><span style=\"color: #ffffff;\">It was during this graduation, more precisely in 2005, that a new challenge arose. She was invited to act in a Dance Company not as a dancer, but behind the scenes. She moved to Salvador, hired as a Choreography Assistant at the Ballet Company of Teatro Castro Alves, in <strong>Bahia<\/strong>. It was a period of enormous learning and a transformative experience. Coordinating technicians during local shows and in Germany during the Company&#8217;s tour,<\/span><\/p>\n<p><span style=\"color: #ffffff;\">Safia was also responsible for the rehearsals and taught ballet classes for the company. At the same time, according to her, she tried to preserve her daily exercise discipline, always looking for new techniques to maintain her fitness. At this time she met Gyrotonic, a body technique created by the Romanian dancer Juliu Horvat. She fell in love with the method and ended up doing the training to became an instructor. Since then she have been working as a body therapist not only with dancers, but with different people interested in physical development.<\/span><\/p>\n<p><span style=\"color: #ffffff;\">In 2007, as the last project within Companhia Terps\u00ed, she did a training as an Educator at Teatro Escola Brincante, directed by Ant\u00f4nio N\u00f3brega. She was already participating in a movement in her city, which called for the emergence of a Dance Company of the city, an old dream of the community.<\/span><\/p>\n<p><span style=\"color: #ffffff;\">That same year, together with personalities from the artistic and cultural environment of the city, she created PORTO ALEGRE CIA DE DAN\u00c7A, which had its debut in March 2008 at Theatro S\u00e3o Pedro. She was invited to be the director of the Company in recognition of her career and international experience. One of the highlights in the Company&#8217;s trajectory was its international debut in 2010, when a tour of German cities took place: <strong>Wuppertal, M\u00fcnster, M\u00fclheim and Krefeld<\/strong>.<\/span><\/p>\n<p><span style=\"color: #ffffff;\">Currently, in addition to directing the Company, she is also dedicated to developing educational projects by teaching classical ballet and modern dance classes, offering different workshops and classes for professional dancers, as well as dance lovers of all levels.\u00a0<\/span><\/p>\n<p><span style=\"color: #ffffff;\">Safia created Biostretch, an exercise system inspired by Somatic Education and her experiences with different dance techniques. She has also held individual and group body awareness sessions in different places as <strong>Brasil, Norway, Germany and Chile<\/strong>, including meditation retreats, a practice she has been developing since 2011.<\/span>[\/vc_column_text][\/vc_column_inner][vc_column_inner width=&#8221;2\/5&#8243;][\/vc_column_inner][\/vc_row_inner][\/vc_column][\/vc_row][vc_row expanded=&#8221;2&#8243; css=&#8221;.vc_custom_1456927189452{background-color: #000000 !important;}&#8221;][vc_column][\/vc_column][\/vc_row]<\/p>","protected":false},"excerpt":{"rendered":"<p>[vc_row][vc_column][vc_column_text] [\/vc_column_text][\/vc_column][\/vc_row][vc_row expanded=&#8221;2&#8243; background_style=&#8221;parallax&#8221; css=&#8221;.vc_custom_1456933884573{padding-bottom: 30px !important;}&#8221; background_image=&#8221;12103&#8243;][vc_column][vc_row_inner][vc_column_inner width=&#8221;3\/5&#8243;][section_header use_decoration=&#8221;1&#8243; layout_type=&#8221;section-heading-thin-border&#8221; main_heading=&#8221;Safia T\u00e2nia Baumann&#8221; color=&#8221;#ffffff&#8221; separator_color=&#8221;#c4aa77&#8243; css=&#8221;.vc_custom_1652801819962{padding-top: 70px !important;padding-bottom: 20px !important;}&#8221;][\/vc_column_inner][vc_column_inner width=&#8221;2\/5&#8243;][\/vc_column_inner][\/vc_row_inner][vc_row_inner][vc_column_inner width=&#8221;3\/5&#8243;][vc_column_text css_animation=&#8221;left-to-right&#8221; css=&#8221;.vc_custom_1749472181952{padding-bottom: 90px !important;}&#8221;]Safia Highlights: \u2022 Ballerina, dance teacher and director of Porto Alegre Dance Company. \u2022 Graduated in classical ballet with improvement for two years at the State School of Classical&hellip;<\/p>\n","protected":false},"author":3,"featured_media":0,"parent":0,"menu_order":0,"comment_status":"closed","ping_status":"closed","template":"fullwidth.php","meta":{"footnotes":""},"class_list":["post-11904","page","type-page","status-publish","hentry"],"_links":{"self":[{"href":"http:\/\/poaciadanca.com.br\/en\/wp-json\/wp\/v2\/pages\/11904","targetHints":{"allow":["GET"]}}],"collection":[{"href":"http:\/\/poaciadanca.com.br\/en\/wp-json\/wp\/v2\/pages"}],"about":[{"href":"http:\/\/poaciadanca.com.br\/en\/wp-json\/wp\/v2\/types\/page"}],"author":[{"embeddable":true,"href":"http:\/\/poaciadanca.com.br\/en\/wp-json\/wp\/v2\/users\/3"}],"replies":[{"embeddable":true,"href":"http:\/\/poaciadanca.com.br\/en\/wp-json\/wp\/v2\/comments?post=11904"}],"version-history":[{"count":1,"href":"http:\/\/poaciadanca.com.br\/en\/wp-json\/wp\/v2\/pages\/11904\/revisions"}],"predecessor-version":[{"id":15744,"href":"http:\/\/poaciadanca.com.br\/en\/wp-json\/wp\/v2\/pages\/11904\/revisions\/15744"}],"wp:attachment":[{"href":"http:\/\/poaciadanca.com.br\/en\/wp-json\/wp\/v2\/media?parent=11904"}],"curies":[{"name":"wp","href":"https:\/\/api.w.org\/{rel}","templated":true}]}}