{"id":11102,"date":"2016-03-02T06:24:08","date_gmt":"2016-03-02T08:24:08","guid":{"rendered":"http:\/\/poaciadanca.com.br\/?page_id=11102"},"modified":"2020-03-12T20:40:56","modified_gmt":"2020-03-12T22:40:56","slug":"as-unicas-coisas-eternas-sao-as-nuvens-coreografo","status":"publish","type":"page","link":"http:\/\/poaciadanca.com.br\/en\/as-unicas-coisas-eternas-sao-as-nuvens-coreografo\/","title":{"rendered":"As \u00danicas Coisas Eternas S\u00e3o As Nuvens &#8211; Core\u00f3grafo"},"content":{"rendered":"<p>[vc_row expanded=&#8221;2&#8243; background_style=&#8221;parallax&#8221; background_image=&#8221;11114&#8243; css=&#8221;.vc_custom_1456908821703{padding-bottom: 30px !important;}&#8221;][vc_column][vc_row_inner][vc_column_inner width=&#8221;2\/3&#8243;][section_header use_decoration=&#8221;1&#8243; layout_type=&#8221;section-heading-thin-border&#8221; main_heading=&#8221;Jo\u00e3o Butoh&#8221; color=&#8221;#ffffff&#8221; separator_color=&#8221;#c4aa77&#8243; css=&#8221;.vc_custom_1456908127799{padding-top: 70px !important;padding-bottom: 20px !important;}&#8221;][\/vc_column_inner][vc_column_inner width=&#8221;1\/3&#8243;][\/vc_column_inner][\/vc_row_inner][vc_row_inner][vc_column_inner width=&#8221;2\/3&#8243;][vc_column_text css_animation=&#8221;left-to-right&#8221; css=&#8221;.vc_custom_1476327426098{padding-bottom: 70px !important;}&#8221;]<span style=\"color: #ffffff;\">Director and choreographer. He participated in December 2009 of the celebrations of 50 years of butoh in Bangkok, Thailand, leading workshop and performing the show &#8220;Venezhvela&#8221;.<\/span><\/p>\n<p><span style=\"color: #ffffff;\">\u00a0In 2010 he returned to Asia to honor Kazuo Ohno in the 3rd Nyoba Kan Butoh Festival in Kuala Lumpur, Malaysia and to take part in the \u00a06TH International Butoh Thailand Festival in Bangkok.<\/span><\/p>\n<p><span style=\"color: #ffffff;\">Jo\u00e3o is considered the greatest exponent of Latin American butoh dance and one of the greats of world Butoh.<\/span><\/p>\n<p><span style=\"color: #ffffff;\">Founder and director of the Ogawa Butoh Center. He developed numerous solo works with his Company, which many are still part of the repertoire.<\/span><\/p>\n<p><span style=\"color: #ffffff;\">He has participated in various events as actor\/dancer and Maitre of Butoh in Thailand, Malaysia, Germany, Portugal, England, United States, Australia, Argentina, Mexico, Ecuador and Brazil.<\/span><\/p>\n<p>&nbsp;<\/p>\n<p style=\"text-align: right;\"><span style=\"color: #ffffff;\">Photo\u00a0by\u00a0Boaz Zippor<\/span><\/p>\n<p>[\/vc_column_text][\/vc_column_inner][vc_column_inner width=&#8221;1\/3&#8243;][\/vc_column_inner][\/vc_row_inner][vc_row_inner][vc_column_inner][\/vc_column_inner][\/vc_row_inner][vc_btn title=&#8221;back&#8221; style=&#8221;flat&#8221; color=&#8221;black&#8221; size=&#8221;xs&#8221; i_icon_fontawesome=&#8221;fa fa-arrow-left&#8221; link=&#8221;url:%2Fas-unicas-coisas-eternas-sao-as-nuvens%2F||&#8221; add_icon=&#8221;true&#8221;][\/vc_column][\/vc_row][vc_row expanded=&#8221;2&#8243; css=&#8221;.vc_custom_1456909394517{background-color: #000000 !important;}&#8221;][vc_column][\/vc_column][\/vc_row]<\/p>","protected":false},"excerpt":{"rendered":"<p>[vc_row expanded=&#8221;2&#8243; background_style=&#8221;parallax&#8221; background_image=&#8221;11114&#8243; css=&#8221;.vc_custom_1456908821703{padding-bottom: 30px !important;}&#8221;][vc_column][vc_row_inner][vc_column_inner width=&#8221;2\/3&#8243;][section_header use_decoration=&#8221;1&#8243; layout_type=&#8221;section-heading-thin-border&#8221; main_heading=&#8221;Jo\u00e3o Butoh&#8221; color=&#8221;#ffffff&#8221; separator_color=&#8221;#c4aa77&#8243; css=&#8221;.vc_custom_1456908127799{padding-top: 70px !important;padding-bottom: 20px !important;}&#8221;][\/vc_column_inner][vc_column_inner width=&#8221;1\/3&#8243;][\/vc_column_inner][\/vc_row_inner][vc_row_inner][vc_column_inner width=&#8221;2\/3&#8243;][vc_column_text css_animation=&#8221;left-to-right&#8221; css=&#8221;.vc_custom_1476327426098{padding-bottom: 70px !important;}&#8221;]Director and choreographer. He participated in December 2009 of the celebrations of 50 years of butoh in Bangkok, Thailand, leading workshop and performing the show &#8220;Venezhvela&#8221;. \u00a0In 2010 he returned to&hellip;<\/p>\n","protected":false},"author":3,"featured_media":0,"parent":0,"menu_order":0,"comment_status":"closed","ping_status":"closed","template":"fullwidth.php","meta":{"footnotes":""},"class_list":["post-11102","page","type-page","status-publish","hentry"],"_links":{"self":[{"href":"http:\/\/poaciadanca.com.br\/en\/wp-json\/wp\/v2\/pages\/11102","targetHints":{"allow":["GET"]}}],"collection":[{"href":"http:\/\/poaciadanca.com.br\/en\/wp-json\/wp\/v2\/pages"}],"about":[{"href":"http:\/\/poaciadanca.com.br\/en\/wp-json\/wp\/v2\/types\/page"}],"author":[{"embeddable":true,"href":"http:\/\/poaciadanca.com.br\/en\/wp-json\/wp\/v2\/users\/3"}],"replies":[{"embeddable":true,"href":"http:\/\/poaciadanca.com.br\/en\/wp-json\/wp\/v2\/comments?post=11102"}],"version-history":[{"count":1,"href":"http:\/\/poaciadanca.com.br\/en\/wp-json\/wp\/v2\/pages\/11102\/revisions"}],"predecessor-version":[{"id":11471,"href":"http:\/\/poaciadanca.com.br\/en\/wp-json\/wp\/v2\/pages\/11102\/revisions\/11471"}],"wp:attachment":[{"href":"http:\/\/poaciadanca.com.br\/en\/wp-json\/wp\/v2\/media?parent=11102"}],"curies":[{"name":"wp","href":"https:\/\/api.w.org\/{rel}","templated":true}]}}