{"id":10720,"date":"2016-01-29T15:36:26","date_gmt":"2016-01-29T15:36:26","guid":{"rendered":"http:\/\/poaciadanca.com.br\/?page_id=10720"},"modified":"2016-10-13T20:46:48","modified_gmt":"2016-10-13T22:46:48","slug":"eu-estive-aqui-ficha-tecnica","status":"publish","type":"page","link":"http:\/\/poaciadanca.com.br\/en\/eu-estive-aqui-ficha-tecnica\/","title":{"rendered":"Eu Estive Aqui &#8211; Ficha T\u00e9cnica"},"content":{"rendered":"<p>[vc_row expanded=&#8221;2&#8243; css=&#8221;.vc_custom_1456928390378{border-top-width: 50px !important;padding-bottom: 80px !important;background-color: #000000 !important;}&#8221;][vc_column][section_header use_decoration=&#8221;1&#8243; layout_type=&#8221;section-heading-thin-border&#8221; main_heading=&#8221;Credits&#8221; color=&#8221;#ffffff&#8221; separator_color=&#8221;#c4aa77&#8243; css=&#8221;.vc_custom_1476219325563{padding-top: 50px !important;}&#8221;][vc_row_inner][vc_column_inner width=&#8221;1\/3&#8243;][\/vc_column_inner][vc_column_inner width=&#8221;2\/3&#8243;][vc_column_text]<\/p>\n<p style=\"padding-left: 60px;\"><span style=\"color: #999999;\">Spectacle<\/span><\/p>\n<p style=\"padding-left: 90px;\"><span style=\"color: #ffffff;\"><strong>Eu Estive Aqui<\/strong><\/span><\/p>\n<p style=\"padding-left: 60px;\"><span style=\"color: #999999;\">Premiere<\/span><\/p>\n<p style=\"padding-left: 90px;\"><span style=\"color: #ffffff;\"><strong>2010<\/strong><\/span><\/p>\n<p style=\"padding-left: 60px;\"><span style=\"color: #999999;\">General Direction<\/span><\/p>\n<p style=\"padding-left: 90px;\"><span style=\"color: #ffffff;\"><strong>T\u00e2nia Baumann<\/strong><\/span><\/p>\n<p style=\"padding-left: 60px;\"><span style=\"color: #999999;\">Choreographer<\/span><\/p>\n<p style=\"padding-left: 90px;\"><span style=\"color: #ffffff;\"><strong>Mark Sieczkarek<\/strong><\/span><\/p>\n<p style=\"padding-left: 60px;\"><span style=\"color: #999999;\">Cast<\/span><\/p>\n<p style=\"padding-left: 90px;\"><span style=\"color: #ffffff;\"><strong>Andressa Pereira<\/strong><\/span><\/p>\n<p style=\"padding-left: 90px;\"><span style=\"color: #ffffff;\"><strong>D\u00e9bora Jung<\/strong><\/span><\/p>\n<p style=\"padding-left: 90px;\"><span style=\"color: #ffffff;\"><strong>Gabriela Sulczinski<\/strong><\/span><\/p>\n<p style=\"padding-left: 90px;\"><span style=\"color: #ffffff;\"><strong>J\u00falia Ribeiro<\/strong><\/span><\/p>\n<p style=\"padding-left: 90px;\"><span style=\"color: #ffffff;\"><strong>Kyrie Isnardi<\/strong><\/span><\/p>\n<p style=\"padding-left: 90px;\"><span style=\"color: #ffffff;\"><strong>Safia<\/strong><\/span><\/p>\n<p style=\"padding-left: 90px;\"><span style=\"color: #ffffff;\"><strong>Samuel Rodrigues<\/strong><\/span><\/p>\n<p style=\"padding-left: 90px;\"><span style=\"color: #ffffff;\"><strong>Tayn\u00e1 Barboza<\/strong><\/span><\/p>\n<p style=\"padding-left: 90px;\"><span style=\"color: #ffffff;\">participation: <strong>Eduarda Schneider Steyer<\/strong><\/span><\/p>\n<p style=\"padding-left: 60px;\"><span style=\"color: #999999;\">Set Design and Costume Design<\/span><\/p>\n<p style=\"padding-left: 90px;\"><span style=\"color: #ffffff;\"><strong>Mark Sieczkarek<\/strong><\/span><\/p>\n<p style=\"padding-left: 60px;\"><span style=\"color: #999999;\">Production of Scenery<\/span><\/p>\n<p style=\"padding-left: 90px;\"><span style=\"color: #ffffff;\"><strong>Mark Sieczkarek<\/strong><\/span><\/p>\n<p style=\"padding-left: 90px;\"><span style=\"color: #ffffff;\"><strong>Mahendra<\/strong><\/span><\/p>\n<p style=\"padding-left: 90px;\"><span style=\"color: #ffffff;\"><strong>Elenco<\/strong><\/span><\/p>\n<p style=\"padding-left: 60px;\"><span style=\"color: #999999;\">Costumes Assistants<\/span><\/p>\n<p style=\"padding-left: 90px;\"><span style=\"color: #ffffff;\"><strong>Neusa<\/strong><strong> Guidotti<\/strong><\/span><\/p>\n<p style=\"padding-left: 90px;\"><span style=\"color: #ffffff;\"><strong>Cleusa Guidotti<\/strong><\/span><\/p>\n<p style=\"padding-left: 60px;\"><span style=\"color: #999999;\">Music<\/span><\/p>\n<p style=\"padding-left: 90px;\"><span style=\"color: #ffffff;\"><strong>Mark Sieczkarek<\/strong><\/span><\/p>\n<p style=\"padding-left: 60px;\"><span style=\"color: #999999;\">Technical Direction and \u00a0Sound Engineer <\/span><\/p>\n<p style=\"padding-left: 90px;\"><span style=\"color: #999999;\"><strong><span style=\"color: #ffffff;\">Andr\u00e9 Birck<\/span> <\/strong><\/span><\/p>\n<p style=\"padding-left: 60px;\"><span style=\"color: #999999;\">Design and Lighting Engineer <\/span><\/p>\n<p style=\"padding-left: 90px;\"><span style=\"color: #ffffff;\"><strong>Maur\u00edcio Moura<\/strong><\/span><\/p>\n<p style=\"padding-left: 60px;\"><span style=\"color: #999999;\">Technicians<\/span><\/p>\n<p style=\"padding-left: 90px;\"><span style=\"color: #999999;\"><strong><span style=\"color: #ffffff;\">Daniel Fetter<\/span> <\/strong><\/span><\/p>\n<p style=\"text-align: left; padding-left: 90px;\"><span style=\"color: #ffffff;\"><strong>S\u00e9rgio Dornelles<\/strong><\/span><\/p>\n<p style=\"padding-left: 60px;\"><span style=\"color: #999999;\">Graphic Design<\/span><\/p>\n<p style=\"padding-left: 90px;\"><span style=\"color: #ffffff;\"><strong>Mahendra<\/strong><\/span><\/p>\n<p style=\"padding-left: 60px;\"><span style=\"color: #999999;\">Audiovisual Coordination<\/span><\/p>\n<p style=\"padding-left: 90px;\"><span style=\"color: #999999;\"><strong><span style=\"color: #ffffff;\"> Bruno Polidoro<\/span> <\/strong><\/span><\/p>\n<p style=\"padding-left: 60px;\"><span style=\"color: #999999;\">Accounting<\/span><\/p>\n<p style=\"padding-left: 90px;\"><span style=\"color: #ffffff;\"><strong>\u00c9tica Contabilidade<\/strong><\/span><\/p>\n<p style=\"padding-left: 60px;\"><span style=\"color: #999999;\">Financial Clerk<\/span><\/p>\n<p style=\"padding-left: 90px;\"><span style=\"color: #ffffff;\"><strong>Celina Robin<\/strong><\/span><\/p>\n<p style=\"padding-left: 60px;\"><span style=\"color: #999999;\">Project\u00a0 Coordination<\/span><\/p>\n<p style=\"padding-left: 90px;\"><span style=\"color: #ffffff;\"><strong>Renato Mesquita<\/strong><\/span><\/p>\n<p style=\"padding-left: 60px;\"><span style=\"color: #999999;\">Communication and Press<\/span><\/p>\n<p style=\"padding-left: 90px;\"><span style=\"color: #ffffff;\"><strong>Andressa Griffante<\/strong><strong> | Comunica\u00e7\u00e3o e Conte\u00fado<\/strong><\/span><\/p>\n<p style=\"padding-left: 60px;\"><span style=\"color: #999999;\">Planning, Management and Marketing<\/span><\/p>\n<p style=\"padding-left: 90px;\"><span style=\"color: #ffffff;\"><strong>Ativar \u2013 PESSOAS | PROJETOS<\/strong><\/span><\/p>\n<p>[\/vc_column_text][\/vc_column_inner][\/vc_row_inner][vc_btn title=&#8221;back&#8221; style=&#8221;flat&#8221; color=&#8221;black&#8221; size=&#8221;xs&#8221; i_icon_fontawesome=&#8221;fa fa-arrow-left&#8221; link=&#8221;url:http%3A%2F%2Fpoaciadanca.com.br%2Feu-estive-aqui%2F||&#8221; add_icon=&#8221;true&#8221;][\/vc_column][\/vc_row]<\/p>","protected":false},"excerpt":{"rendered":"<p>[vc_row expanded=&#8221;2&#8243; css=&#8221;.vc_custom_1456928390378{border-top-width: 50px !important;padding-bottom: 80px !important;background-color: #000000 !important;}&#8221;][vc_column][section_header use_decoration=&#8221;1&#8243; layout_type=&#8221;section-heading-thin-border&#8221; main_heading=&#8221;Credits&#8221; color=&#8221;#ffffff&#8221; separator_color=&#8221;#c4aa77&#8243; css=&#8221;.vc_custom_1476219325563{padding-top: 50px !important;}&#8221;][vc_row_inner][vc_column_inner width=&#8221;1\/3&#8243;][\/vc_column_inner][vc_column_inner width=&#8221;2\/3&#8243;][vc_column_text] Spectacle Eu Estive Aqui Premiere 2010 General Direction T\u00e2nia Baumann Choreographer Mark Sieczkarek Cast Andressa Pereira D\u00e9bora Jung Gabriela Sulczinski J\u00falia Ribeiro Kyrie Isnardi Safia Samuel Rodrigues Tayn\u00e1 Barboza participation: Eduarda Schneider Steyer Set Design and&hellip;<\/p>\n","protected":false},"author":1,"featured_media":0,"parent":0,"menu_order":0,"comment_status":"closed","ping_status":"closed","template":"fullwidth.php","meta":{"footnotes":""},"class_list":["post-10720","page","type-page","status-publish","hentry"],"_links":{"self":[{"href":"http:\/\/poaciadanca.com.br\/en\/wp-json\/wp\/v2\/pages\/10720","targetHints":{"allow":["GET"]}}],"collection":[{"href":"http:\/\/poaciadanca.com.br\/en\/wp-json\/wp\/v2\/pages"}],"about":[{"href":"http:\/\/poaciadanca.com.br\/en\/wp-json\/wp\/v2\/types\/page"}],"author":[{"embeddable":true,"href":"http:\/\/poaciadanca.com.br\/en\/wp-json\/wp\/v2\/users\/1"}],"replies":[{"embeddable":true,"href":"http:\/\/poaciadanca.com.br\/en\/wp-json\/wp\/v2\/comments?post=10720"}],"version-history":[{"count":1,"href":"http:\/\/poaciadanca.com.br\/en\/wp-json\/wp\/v2\/pages\/10720\/revisions"}],"predecessor-version":[{"id":11454,"href":"http:\/\/poaciadanca.com.br\/en\/wp-json\/wp\/v2\/pages\/10720\/revisions\/11454"}],"wp:attachment":[{"href":"http:\/\/poaciadanca.com.br\/en\/wp-json\/wp\/v2\/media?parent=10720"}],"curies":[{"name":"wp","href":"https:\/\/api.w.org\/{rel}","templated":true}]}}