{"id":10710,"date":"2016-01-29T13:58:13","date_gmt":"2016-01-29T13:58:13","guid":{"rendered":"http:\/\/poaciadanca.com.br\/?page_id=10710"},"modified":"2016-10-13T23:29:52","modified_gmt":"2016-10-14T01:29:52","slug":"as-unicas-coisas-eternas-sao-as-nuvens-ficha-tecnica","status":"publish","type":"page","link":"http:\/\/poaciadanca.com.br\/en\/as-unicas-coisas-eternas-sao-as-nuvens-ficha-tecnica\/","title":{"rendered":"As \u00danicas Coisas Eternas S\u00e3o As Nuvens &#8211; Ficha T\u00e9cnica"},"content":{"rendered":"<p>[vc_row expanded=&#8221;2&#8243; css=&#8221;.vc_custom_1454079013351{border-top-width: 50px !important;padding-bottom: 80px !important;background-color: #000000 !important;}&#8221;][vc_column][section_header use_decoration=&#8221;1&#8243; layout_type=&#8221;section-heading-thin-border&#8221; main_heading=&#8221;Credits&#8221; color=&#8221;#ffffff&#8221; separator_color=&#8221;#c4aa77&#8243; css=&#8221;.vc_custom_1476273256111{padding-top: 50px !important;}&#8221;][vc_row_inner][vc_column_inner width=&#8221;1\/3&#8243;][\/vc_column_inner][vc_column_inner width=&#8221;2\/3&#8243;][vc_column_text]<\/p>\n<p style=\"text-align: left; padding-left: 30px;\"><span style=\"color: #999999;\">Spectacle<\/span><\/p>\n<p style=\"padding-left: 60px; text-align: left;\"><span style=\"color: #ffffff;\"><strong>As \u00danicas Coisas Eternas S\u00e3o As Nuvens<\/strong><\/span><\/p>\n<p style=\"text-align: left; padding-left: 30px;\"><span style=\"color: #999999;\">Premiere<\/span><\/p>\n<p style=\"padding-left: 60px; text-align: left;\"><span style=\"color: #ffffff;\"><strong>2015<\/strong><\/span><\/p>\n<p style=\"text-align: left; padding-left: 30px;\"><span style=\"color: #999999;\">General Direction<\/span><\/p>\n<p style=\"padding-left: 60px; text-align: left;\"><span style=\"color: #ffffff;\"><strong>T\u00e2nia Baumann<\/strong><\/span><\/p>\n<p style=\"text-align: left; padding-left: 30px;\"><span style=\"color: #999999;\">Art Direction, Choreography and Original Idea<\/span><\/p>\n<p style=\"padding-left: 60px; text-align: left;\"><span style=\"color: #ffffff;\"><strong>Jo\u00e3o Butoh<\/strong><\/span><\/p>\n<p style=\"text-align: left; padding-left: 30px;\"><span style=\"color: #999999;\">Cast<\/span><\/p>\n<p style=\"padding-left: 60px; text-align: left;\"><span style=\"color: #ffffff;\"><strong>Andressa Pereira<\/strong><\/span><\/p>\n<p style=\"padding-left: 60px; text-align: left;\"><span style=\"color: #ffffff;\"><strong>D\u00e9bora Jung<\/strong><\/span><\/p>\n<p style=\"padding-left: 60px; text-align: left;\"><span style=\"color: #ffffff;\"><strong>J\u00falia Ribeiro<\/strong><\/span><\/p>\n<p style=\"padding-left: 60px; text-align: left;\"><span style=\"color: #ffffff;\"><strong>Kyrie Isnardi<\/strong><\/span><\/p>\n<p style=\"padding-left: 60px; text-align: left;\"><span style=\"color: #ffffff;\"><strong> Safia<\/strong><\/span><\/p>\n<p style=\"padding-left: 60px; text-align: left;\"><span style=\"color: #ffffff;\"><strong>Tayn\u00e1 Barboza<\/strong><\/span><\/p>\n<p style=\"text-align: left; padding-left: 30px;\"><span style=\"color: #999999;\">Consultant<\/span><\/p>\n<p style=\"padding-left: 60px; text-align: left;\"><span style=\"color: #ffffff;\"><strong>Elena Quintana<\/strong><\/span><\/p>\n<p style=\"padding-left: 60px; text-align: left;\"><span style=\"color: #ffffff;\"><strong>Lu\u00eds Augusto Fischer<\/strong><\/span><\/p>\n<p style=\"text-align: left; padding-left: 30px;\"><span style=\"color: #999999;\">Scenery, Costumes and Props<\/span><\/p>\n<p style=\"padding-left: 60px; text-align: left;\"><span style=\"color: #ffffff;\"><strong>Jo\u00e3o Butoh<\/strong><\/span><\/p>\n<p style=\"text-align: left; padding-left: 30px;\"><span style=\"color: #999999;\">Production of Scenery, Costumes and Props<\/span><\/p>\n<p style=\"padding-left: 60px; text-align: left;\"><span style=\"color: #ffffff;\"><strong>Jo\u00e3o Butoh<\/strong><\/span><\/p>\n<p style=\"padding-left: 60px; text-align: left;\"><span style=\"color: #ffffff;\"><strong>Supriya<\/strong><\/span><\/p>\n<p style=\"padding-left: 30px;\"><span style=\"color: #999999;\">Music<\/span><\/p>\n<p style=\"padding-left: 60px;\"><span style=\"color: #ffffff;\"><strong>Jo\u00e3o Butoh<\/strong><\/span><\/p>\n<p style=\"text-align: left; padding-left: 30px;\"><span style=\"color: #999999;\">Technical Direction and Sound Engineer <\/span><\/p>\n<p style=\"padding-left: 60px; text-align: left;\"><span style=\"color: #ffffff;\"><strong>Andr\u00e9 Birck<\/strong><\/span><\/p>\n<p style=\"text-align: left; padding-left: 30px;\"><span style=\"color: #999999;\">Design and Lighting Engineer <\/span><\/p>\n<p style=\"padding-left: 60px; text-align: left;\"><span style=\"color: #ffffff;\"><strong>Maur\u00edcio Moura<\/strong><\/span><\/p>\n<p style=\"text-align: left; padding-left: 30px;\"><span style=\"color: #999999;\">Stage Technicians<\/span><\/p>\n<p style=\"padding-left: 60px; text-align: left;\"><span style=\"color: #ffffff;\"><strong>Daniel Fetter<\/strong><\/span><\/p>\n<p style=\"text-align: left; padding-left: 60px;\"><span style=\"color: #ffffff;\"><strong>S\u00e9rgio Dornelles<\/strong><\/span><\/p>\n<p style=\"text-align: left; padding-left: 30px;\"><span style=\"color: #999999;\">Production Assistance<\/span><\/p>\n<p style=\"padding-left: 60px; text-align: left;\"><span style=\"color: #ffffff;\"><strong>Kyrie Isnardi<\/strong><\/span><\/p>\n<p style=\"padding-left: 60px; text-align: left;\"><span style=\"color: #ffffff;\"><strong>Supriya<\/strong><\/span><\/p>\n<p style=\"text-align: left; padding-left: 30px;\"><span style=\"color: #999999;\">Graphic Desigh<\/span><\/p>\n<p style=\"padding-left: 60px; text-align: left;\"><span style=\"color: #ffffff;\"><strong>Mahendra<\/strong><\/span><\/p>\n<p style=\"padding-left: 30px;\"><span style=\"color: #999999;\">Audio Visual Coordenation<\/span><\/p>\n<p style=\"padding-left: 60px;\"><strong><span style=\"color: #ffffff;\"> Bruno Polidoro<\/span><\/strong><\/p>\n<p style=\"text-align: left; padding-left: 30px;\"><span style=\"color: #999999;\">Accounting<\/span><\/p>\n<p style=\"padding-left: 60px; text-align: left;\"><span style=\"color: #ffffff;\"><strong>\u00c9tica Contabilidade<\/strong><\/span><\/p>\n<p style=\"text-align: left; padding-left: 30px;\"><span style=\"color: #999999;\">Financial Clerk<\/span><\/p>\n<p style=\"padding-left: 60px; text-align: left;\"><span style=\"color: #ffffff;\"><strong>Celina Robin<\/strong><\/span><\/p>\n<p style=\"text-align: left; padding-left: 30px;\"><span style=\"color: #999999;\">Project Coordination<\/span><\/p>\n<p style=\"padding-left: 60px; text-align: left;\"><span style=\"color: #ffffff;\"><strong>Renato Mesquita<\/strong><\/span><\/p>\n<p style=\"text-align: left; padding-left: 30px;\"><span style=\"color: #999999;\">Communication and Press<\/span><\/p>\n<p style=\"padding-left: 60px;\"><span style=\"color: #ffffff;\"><strong>Andressa Griffante<\/strong><strong> | Comunica\u00e7\u00e3o e Conte\u00fado<\/strong><\/span><\/p>\n<p style=\"text-align: left; padding-left: 30px;\"><span style=\"color: #999999;\">Planning, Management and Marketing<\/span><\/p>\n<p style=\"padding-left: 60px; text-align: left;\"><span style=\"color: #ffffff;\"><strong>Ativar \u2013 PESSOAS | PROJETOS<\/strong><\/span><\/p>\n<p>[\/vc_column_text][\/vc_column_inner][\/vc_row_inner][vc_btn title=&#8221;back&#8221; style=&#8221;flat&#8221; color=&#8221;black&#8221; size=&#8221;xs&#8221; i_icon_fontawesome=&#8221;fa fa-arrow-left&#8221; link=&#8221;url:http%3A%2F%2Fpoaciadanca.com.br%2Fas-unicas-coisas-eternas-sao-as-nuvens%2F||&#8221; add_icon=&#8221;true&#8221;][\/vc_column][\/vc_row]<\/p>","protected":false},"excerpt":{"rendered":"<p>[vc_row expanded=&#8221;2&#8243; css=&#8221;.vc_custom_1454079013351{border-top-width: 50px !important;padding-bottom: 80px !important;background-color: #000000 !important;}&#8221;][vc_column][section_header use_decoration=&#8221;1&#8243; layout_type=&#8221;section-heading-thin-border&#8221; main_heading=&#8221;Credits&#8221; color=&#8221;#ffffff&#8221; separator_color=&#8221;#c4aa77&#8243; css=&#8221;.vc_custom_1476273256111{padding-top: 50px !important;}&#8221;][vc_row_inner][vc_column_inner width=&#8221;1\/3&#8243;][\/vc_column_inner][vc_column_inner width=&#8221;2\/3&#8243;][vc_column_text] Spectacle As \u00danicas Coisas Eternas S\u00e3o As Nuvens Premiere 2015 General Direction T\u00e2nia Baumann Art Direction, Choreography and Original Idea Jo\u00e3o Butoh Cast Andressa Pereira D\u00e9bora Jung J\u00falia Ribeiro Kyrie Isnardi Safia Tayn\u00e1 Barboza Consultant Elena&hellip;<\/p>\n","protected":false},"author":1,"featured_media":0,"parent":0,"menu_order":0,"comment_status":"closed","ping_status":"closed","template":"fullwidth.php","meta":{"footnotes":""},"class_list":["post-10710","page","type-page","status-publish","hentry"],"_links":{"self":[{"href":"http:\/\/poaciadanca.com.br\/en\/wp-json\/wp\/v2\/pages\/10710","targetHints":{"allow":["GET"]}}],"collection":[{"href":"http:\/\/poaciadanca.com.br\/en\/wp-json\/wp\/v2\/pages"}],"about":[{"href":"http:\/\/poaciadanca.com.br\/en\/wp-json\/wp\/v2\/types\/page"}],"author":[{"embeddable":true,"href":"http:\/\/poaciadanca.com.br\/en\/wp-json\/wp\/v2\/users\/1"}],"replies":[{"embeddable":true,"href":"http:\/\/poaciadanca.com.br\/en\/wp-json\/wp\/v2\/comments?post=10710"}],"version-history":[{"count":2,"href":"http:\/\/poaciadanca.com.br\/en\/wp-json\/wp\/v2\/pages\/10710\/revisions"}],"predecessor-version":[{"id":11476,"href":"http:\/\/poaciadanca.com.br\/en\/wp-json\/wp\/v2\/pages\/10710\/revisions\/11476"}],"wp:attachment":[{"href":"http:\/\/poaciadanca.com.br\/en\/wp-json\/wp\/v2\/media?parent=10710"}],"curies":[{"name":"wp","href":"https:\/\/api.w.org\/{rel}","templated":true}]}}